{"id":3650,"date":"2023-11-23T17:04:46","date_gmt":"2023-11-23T09:04:46","guid":{"rendered":"https:\/\/long-join.com\/?post_type=product&#038;p=3650"},"modified":"2023-11-23T17:04:46","modified_gmt":"2023-11-23T09:04:46","slug":"controlador-de-foto-de-farola-jl-217c-union-larga","status":"publish","type":"product","link":"https:\/\/long-join.com\/es\/product\/street-light-photo-controller-jl-217c-long-join\/","title":{"rendered":"Controlador de foto de alumbrado p\u00fablico JL-217C de uni\u00f3n larga"},"content":{"rendered":"<blockquote><p>La serie de fotocontrol JL-217 es aplicable para controlar el alumbrado p\u00fablico, la iluminaci\u00f3n de jardines, la iluminaci\u00f3n de pasillos y la iluminaci\u00f3n de puertas autom\u00e1ticamente de acuerdo con el nivel de iluminaci\u00f3n natural ambiental, donde se requiere una mayor caracter\u00edstica de protecci\u00f3n contra rayos.<\/p><\/blockquote>\n<blockquote><p>Este producto est\u00e1 dise\u00f1ado con circuitos de microprocesador con fototransistor con filtro IR y se proporciona un protector contra sobretensiones (MOV).<\/p><\/blockquote>\n<blockquote><p>Su versi\u00f3n HP proporciona una confiabilidad constante ya que el rel\u00e9 tiene una vida \u00fatil suficiente de m\u00e1s de 10.000 ciclos, y ofrece una vida \u00fatil extra larga cuando tambi\u00e9n se aplica una opci\u00f3n de cubierta Sandwich.<\/p><\/blockquote>\n<blockquote><p>Compatible con FCC Clase A \/ Clase C <\/p><\/blockquote>","protected":false},"excerpt":{"rendered":"<p>1. Modelo del producto: JL-217C<br \/>\n2. Voltaje nominal: 120-277 VCA<br \/>\n3. Nivel de lux encendido\/apagado: 16 Lx encendido; 24 Lx apagado<br \/>\n4. Clasificaci\u00f3n IP: IP54, IP65, IP67<br \/>\n5. Est\u00e1ndares compatibles: CE, ROHS, UL<\/p>","protected":false},"featured_media":3654,"template":"","meta":{"_acf_changed":false,"_seopress_robots_primary_cat":"","_seopress_titles_title":"","_seopress_titles_desc":"","_seopress_robots_index":""},"product_brand":[],"product_cat":[28,55],"product_tag":[],"class_list":{"0":"post-3650","1":"product","2":"type-product","3":"status-publish","4":"has-post-thumbnail","6":"product_cat-our-product","7":"product_cat-twist-lock-photocontrollers","9":"first","10":"instock","11":"shipping-taxable","12":"product-type-simple"},"acf":[],"_links":{"self":[{"href":"https:\/\/long-join.com\/es\/wp-json\/wp\/v2\/product\/3650","targetHints":{"allow":["GET"]}}],"collection":[{"href":"https:\/\/long-join.com\/es\/wp-json\/wp\/v2\/product"}],"about":[{"href":"https:\/\/long-join.com\/es\/wp-json\/wp\/v2\/types\/product"}],"version-history":[{"count":0,"href":"https:\/\/long-join.com\/es\/wp-json\/wp\/v2\/product\/3650\/revisions"}],"wp:featuredmedia":[{"embeddable":true,"href":"https:\/\/long-join.com\/es\/wp-json\/wp\/v2\/media\/3654"}],"wp:attachment":[{"href":"https:\/\/long-join.com\/es\/wp-json\/wp\/v2\/media?parent=3650"}],"wp:term":[{"taxonomy":"product_brand","embeddable":true,"href":"https:\/\/long-join.com\/es\/wp-json\/wp\/v2\/product_brand?post=3650"},{"taxonomy":"product_cat","embeddable":true,"href":"https:\/\/long-join.com\/es\/wp-json\/wp\/v2\/product_cat?post=3650"},{"taxonomy":"product_tag","embeddable":true,"href":"https:\/\/long-join.com\/es\/wp-json\/wp\/v2\/product_tag?post=3650"}],"curies":[{"name":"wp","href":"https:\/\/api.w.org\/{rel}","templated":true}]}}