{"id":3635,"date":"2023-11-23T16:00:32","date_gmt":"2023-11-23T08:00:32","guid":{"rendered":"https:\/\/long-join.com\/?post_type=product&#038;p=3635"},"modified":"2023-11-23T16:14:01","modified_gmt":"2023-11-23T08:14:01","slug":"control-fotografico-con-bloqueo-giratorio-de-anochecer-a-amanecer-120-277-v-ca-union-larga","status":"publish","type":"product","link":"https:\/\/long-join.com\/es\/product\/dusk-to-dawn-twist-lock-photo-control-120-277vac-long-join\/","title":{"rendered":"Control fotogr\u00e1fico con bloqueo giratorio de anochecer a amanecer, 120-277 V CA, conexi\u00f3n larga"},"content":{"rendered":"<blockquote><p>El fotocontrol de atenuaci\u00f3n de la serie JL-251\/252\/253 es aplicable para controlar la iluminaci\u00f3n p\u00fablica LED regulable (DAli Dimming) autom\u00e1ticamente de acuerdo con el nivel de iluminaci\u00f3n natural ambiental.<\/p><\/blockquote>\n<blockquote><p>Este producto est\u00e1 dise\u00f1ado con circuitos de microprocesador con fototransistor con filtro IR.<\/p><\/blockquote>\n<blockquote><p>Pararrayos MOV 40kA Incorporado para proteger la l\u00e1mpara de la entrada repentina de corriente e impulsos de rayos.<\/p><\/blockquote>\n<blockquote><p>Este recept\u00e1culo de controlador de luz de la serie 25 de 7 pines cumple con la interfaz requerida por ANSI C136.41 y tambi\u00e9n incluye el certificado de uso seguro UL773.<\/p><\/blockquote>","protected":false},"excerpt":{"rendered":"<p>1. Modelo del producto: Serie JL-25<br \/>\n2. Voltaje nominal: 120-277 VCA<br \/>\n3. Nivel de lux encendido\/apagado: encendido &lt;100 Lx, apagado &gt;100 Lx<br \/>\n4. Retardo de tiempo: 5 segundos<br \/>\n5. Clasificaci\u00f3n IP: IP65, IP67<br \/>\n6. Est\u00e1ndares compatibles: CE, ROHS, UL<\/p>","protected":false},"featured_media":3644,"template":"","meta":{"_acf_changed":false,"_seopress_robots_primary_cat":"none","_seopress_titles_title":"","_seopress_titles_desc":"","_seopress_robots_index":""},"product_brand":[],"product_cat":[60,28,55],"product_tag":[],"class_list":{"0":"post-3635","1":"product","2":"type-product","3":"status-publish","4":"has-post-thumbnail","6":"product_cat-dimming-photocontrol","7":"product_cat-our-product","8":"product_cat-twist-lock-photocontrollers","10":"first","11":"instock","12":"shipping-taxable","13":"product-type-simple"},"acf":[],"_links":{"self":[{"href":"https:\/\/long-join.com\/es\/wp-json\/wp\/v2\/product\/3635","targetHints":{"allow":["GET"]}}],"collection":[{"href":"https:\/\/long-join.com\/es\/wp-json\/wp\/v2\/product"}],"about":[{"href":"https:\/\/long-join.com\/es\/wp-json\/wp\/v2\/types\/product"}],"version-history":[{"count":0,"href":"https:\/\/long-join.com\/es\/wp-json\/wp\/v2\/product\/3635\/revisions"}],"wp:featuredmedia":[{"embeddable":true,"href":"https:\/\/long-join.com\/es\/wp-json\/wp\/v2\/media\/3644"}],"wp:attachment":[{"href":"https:\/\/long-join.com\/es\/wp-json\/wp\/v2\/media?parent=3635"}],"wp:term":[{"taxonomy":"product_brand","embeddable":true,"href":"https:\/\/long-join.com\/es\/wp-json\/wp\/v2\/product_brand?post=3635"},{"taxonomy":"product_cat","embeddable":true,"href":"https:\/\/long-join.com\/es\/wp-json\/wp\/v2\/product_cat?post=3635"},{"taxonomy":"product_tag","embeddable":true,"href":"https:\/\/long-join.com\/es\/wp-json\/wp\/v2\/product_tag?post=3635"}],"curies":[{"name":"wp","href":"https:\/\/api.w.org\/{rel}","templated":true}]}}