{"id":3621,"date":"2023-11-23T14:22:18","date_gmt":"2023-11-23T06:22:18","guid":{"rendered":"https:\/\/long-join.com\/?post_type=product&#038;p=3621"},"modified":"2023-11-23T16:03:48","modified_gmt":"2023-11-23T08:03:48","slug":"conexion-larga-nema-7-pines-phocontrol110-277-v-ca-0-10-v-atenuacion","status":"publish","type":"product","link":"https:\/\/long-join.com\/es\/product\/long-join-nema-7-pin-phocontrol110-277vac-0-10v-dimming\/","title":{"rendered":"Phocontrol de uni\u00f3n larga NEMA de 7 pines, 120-277 V CA, 0-10 V, atenuaci\u00f3n"},"content":{"rendered":"<blockquote><p>El fotocontrol de atenuaci\u00f3n de la serie JL-241\/242\/243 es aplicable para controlar la iluminaci\u00f3n p\u00fablica LED regulable (0~10 V) autom\u00e1ticamente de acuerdo con el nivel de iluminaci\u00f3n natural ambiental.<\/p><\/blockquote>\n<blockquote><p>Este producto est\u00e1 dise\u00f1ado con circuitos de microprocesador con fototransistor con filtro IR.<\/p><\/blockquote>\n<blockquote><p>Nivel de protecci\u00f3n contra sobretensiones: Modo diferencial de 6 kV\/3 kA. Se incluye un descargador de sobretensiones (MOV) de alta resistencia para proteger la l\u00e1mpara de la corriente de entrada y de los impulsos de los rayos.<\/p><\/blockquote>\n<blockquote><p>Este producto proporciona terminales con bloqueo giratorio que cumplen con los requisitos de ANSI C136.41 y adem\u00e1s est\u00e1 listado por UL seg\u00fan el est\u00e1ndar para fotocontroles enchufables con bloqueo para uso con iluminaci\u00f3n de \u00e1rea ANSI\/UL773.<\/p><\/blockquote>","protected":false},"excerpt":{"rendered":"<p>1. Modelo del producto: serie JL-24<br \/>\n2. Voltaje nominal: 120-277 VCA<br \/>\n3. Nivel de lux de encendido\/apagado: encendido &lt;100 Lx, apagado &gt;100 Lx<br \/>\n4. Clasificaci\u00f3n IP: IP65, IP67<br \/>\n5. Est\u00e1ndares compatibles: CE, ROHS, UL<\/p>","protected":false},"featured_media":3629,"template":"","meta":{"_acf_changed":false,"_seopress_robots_primary_cat":"none","_seopress_titles_title":"","_seopress_titles_desc":"","_seopress_robots_index":""},"product_brand":[],"product_cat":[60,28,55],"product_tag":[],"class_list":{"0":"post-3621","1":"product","2":"type-product","3":"status-publish","4":"has-post-thumbnail","6":"product_cat-dimming-photocontrol","7":"product_cat-our-product","8":"product_cat-twist-lock-photocontrollers","10":"first","11":"instock","12":"shipping-taxable","13":"product-type-simple"},"acf":[],"_links":{"self":[{"href":"https:\/\/long-join.com\/es\/wp-json\/wp\/v2\/product\/3621","targetHints":{"allow":["GET"]}}],"collection":[{"href":"https:\/\/long-join.com\/es\/wp-json\/wp\/v2\/product"}],"about":[{"href":"https:\/\/long-join.com\/es\/wp-json\/wp\/v2\/types\/product"}],"version-history":[{"count":0,"href":"https:\/\/long-join.com\/es\/wp-json\/wp\/v2\/product\/3621\/revisions"}],"wp:featuredmedia":[{"embeddable":true,"href":"https:\/\/long-join.com\/es\/wp-json\/wp\/v2\/media\/3629"}],"wp:attachment":[{"href":"https:\/\/long-join.com\/es\/wp-json\/wp\/v2\/media?parent=3621"}],"wp:term":[{"taxonomy":"product_brand","embeddable":true,"href":"https:\/\/long-join.com\/es\/wp-json\/wp\/v2\/product_brand?post=3621"},{"taxonomy":"product_cat","embeddable":true,"href":"https:\/\/long-join.com\/es\/wp-json\/wp\/v2\/product_cat?post=3621"},{"taxonomy":"product_tag","embeddable":true,"href":"https:\/\/long-join.com\/es\/wp-json\/wp\/v2\/product_tag?post=3621"}],"curies":[{"name":"wp","href":"https:\/\/api.w.org\/{rel}","templated":true}]}}