{"id":3484,"date":"2023-11-15T14:53:15","date_gmt":"2023-11-15T06:53:15","guid":{"rendered":"https:\/\/long-join.com\/?post_type=product&#038;p=3484"},"modified":"2023-11-23T17:24:52","modified_gmt":"2023-11-23T09:24:52","slug":"fotocontrolador-de-bloqueo-giratorio-para-farola-jl-207e-de-347-v-ca-de-union-larga","status":"publish","type":"product","link":"https:\/\/long-join.com\/es\/product\/long-join-jl-207e-347vac-street-light-twsit-lock-photocontroller\/","title":{"rendered":"Fotocontrolador de bloqueo giratorio para alumbrado p\u00fablico de uni\u00f3n larga JL-207E 347 V CA"},"content":{"rendered":"<blockquote><p>La serie de fotocontrol JL-207 es aplicable para controlar el alumbrado p\u00fablico, la iluminaci\u00f3n de jardines, la iluminaci\u00f3n de pasillos y la iluminaci\u00f3n de puertas de forma autom\u00e1tica de acuerdo con el nivel de iluminaci\u00f3n natural ambiental, con una funci\u00f3n de ahorro de energ\u00eda al amanecer.<\/p><\/blockquote>\n<blockquote><p>La versi\u00f3n de larga duraci\u00f3n mantiene caracter\u00edsticas constantes y confiables. El rel\u00e9 puede tener m\u00e1s de 10\u00a0000 ciclos de vida \u00fatil. La carcasa protectora de doble capa proporciona una mayor vida \u00fatil al JL-207. La versi\u00f3n HP ofrece una mayor capacidad de carga.<\/p><\/blockquote>\n<blockquote><p>*Otras series de voltaje amplio: JL-207C (120-277 VCA), JL-207F (480 VCA)<\/p><\/blockquote>\n<blockquote><p>*JL-207 dispone de diferentes modos de trabajo: Fail-On \/ Fail-Off<\/p><\/blockquote>","protected":false},"excerpt":{"rendered":"<p>1. Modelo del producto: JL-207E<br \/>\n2. Voltaje nominal: 347 VCA<br \/>\n3. Nivel de lux encendido\/apagado: 16 Lx encendido; 24 Lx apagado<br \/>\n4. Clasificaci\u00f3n IP: IP54, IP65, IP67<br \/>\n5. Est\u00e1ndares compatibles: CE, FCC<\/p>","protected":false},"featured_media":3492,"template":"","meta":{"_acf_changed":false,"_seopress_robots_primary_cat":"none","_seopress_titles_title":"","_seopress_titles_desc":"","_seopress_robots_index":""},"product_brand":[],"product_cat":[61,28,55],"product_tag":[],"class_list":{"0":"post-3484","1":"product","2":"type-product","3":"status-publish","4":"has-post-thumbnail","6":"product_cat-jl-207-series-photocontrol","7":"product_cat-our-product","8":"product_cat-twist-lock-photocontrollers","10":"first","11":"instock","12":"shipping-taxable","13":"product-type-simple"},"acf":[],"_links":{"self":[{"href":"https:\/\/long-join.com\/es\/wp-json\/wp\/v2\/product\/3484","targetHints":{"allow":["GET"]}}],"collection":[{"href":"https:\/\/long-join.com\/es\/wp-json\/wp\/v2\/product"}],"about":[{"href":"https:\/\/long-join.com\/es\/wp-json\/wp\/v2\/types\/product"}],"version-history":[{"count":0,"href":"https:\/\/long-join.com\/es\/wp-json\/wp\/v2\/product\/3484\/revisions"}],"wp:featuredmedia":[{"embeddable":true,"href":"https:\/\/long-join.com\/es\/wp-json\/wp\/v2\/media\/3492"}],"wp:attachment":[{"href":"https:\/\/long-join.com\/es\/wp-json\/wp\/v2\/media?parent=3484"}],"wp:term":[{"taxonomy":"product_brand","embeddable":true,"href":"https:\/\/long-join.com\/es\/wp-json\/wp\/v2\/product_brand?post=3484"},{"taxonomy":"product_cat","embeddable":true,"href":"https:\/\/long-join.com\/es\/wp-json\/wp\/v2\/product_cat?post=3484"},{"taxonomy":"product_tag","embeddable":true,"href":"https:\/\/long-join.com\/es\/wp-json\/wp\/v2\/product_tag?post=3484"}],"curies":[{"name":"wp","href":"https:\/\/api.w.org\/{rel}","templated":true}]}}