{"id":3428,"date":"2023-11-10T18:23:53","date_gmt":"2023-11-10T10:23:53","guid":{"rendered":"https:\/\/long-join.com\/?post_type=product&#038;p=3428"},"modified":"2024-01-23T13:53:34","modified_gmt":"2024-01-23T05:53:34","slug":"tapa-de-circuito-abierto-de-union-larga-jl-209-ip66","status":"publish","type":"product","link":"https:\/\/long-join.com\/es\/product\/long-join-open-circuit-cap-jl-209-ip66\/","title":{"rendered":"Tapa de circuito abierto de uni\u00f3n larga JL-209 IP66"},"content":{"rendered":"<p>Caracter\u00edstica<\/p>\n<ol>\n<li>Tiene la intenci\u00f3n de abrir el circuito de la tapa de un recept\u00e1culo de fotoc\u00e9lula con cierre giratorio mientras se encuentra bajo mantenimiento.<\/li>\n<li>Cierre giratorio de f\u00e1cil mantenimiento (ANSI C136.10).<\/li>\n<li>Protecci\u00f3n IP54\/IP66 durante la instalaci\u00f3n.<\/li>\n<li>Caja de policarbonato estabilizado a los rayos UV.<\/li>\n<li>Base de polibutileno estabilizado a los rayos UV.<\/li>\n<\/ol>","protected":false},"excerpt":{"rendered":"<p>1. Modelo del producto: JL-209<br \/>\n2. Voltaje nominal: 0-480 VCA<br \/>\n3. Protecci\u00f3n contra sobretensiones: ninguna<br \/>\n4. Clasificaci\u00f3n IP: IP66<br \/>\n5. Est\u00e1ndares compatibles: CE, ROHS, UL<\/p>","protected":false},"featured_media":3431,"template":"","meta":{"_acf_changed":false,"_seopress_robots_primary_cat":"none","_seopress_titles_title":"","_seopress_titles_desc":"","_seopress_robots_index":""},"product_brand":[],"product_cat":[28,47],"product_tag":[],"class_list":{"0":"post-3428","1":"product","2":"type-product","3":"status-publish","4":"has-post-thumbnail","6":"product_cat-our-product","7":"product_cat-shorting-cap-and-opening-circuit-cap","9":"first","10":"instock","11":"shipping-taxable","12":"product-type-simple"},"acf":[],"_links":{"self":[{"href":"https:\/\/long-join.com\/es\/wp-json\/wp\/v2\/product\/3428","targetHints":{"allow":["GET"]}}],"collection":[{"href":"https:\/\/long-join.com\/es\/wp-json\/wp\/v2\/product"}],"about":[{"href":"https:\/\/long-join.com\/es\/wp-json\/wp\/v2\/types\/product"}],"version-history":[{"count":0,"href":"https:\/\/long-join.com\/es\/wp-json\/wp\/v2\/product\/3428\/revisions"}],"wp:featuredmedia":[{"embeddable":true,"href":"https:\/\/long-join.com\/es\/wp-json\/wp\/v2\/media\/3431"}],"wp:attachment":[{"href":"https:\/\/long-join.com\/es\/wp-json\/wp\/v2\/media?parent=3428"}],"wp:term":[{"taxonomy":"product_brand","embeddable":true,"href":"https:\/\/long-join.com\/es\/wp-json\/wp\/v2\/product_brand?post=3428"},{"taxonomy":"product_cat","embeddable":true,"href":"https:\/\/long-join.com\/es\/wp-json\/wp\/v2\/product_cat?post=3428"},{"taxonomy":"product_tag","embeddable":true,"href":"https:\/\/long-join.com\/es\/wp-json\/wp\/v2\/product_tag?post=3428"}],"curies":[{"name":"wp","href":"https:\/\/api.w.org\/{rel}","templated":true}]}}