{"id":3392,"date":"2023-11-09T16:15:39","date_gmt":"2023-11-09T08:15:39","guid":{"rendered":"https:\/\/long-join.com\/?post_type=product&#038;p=3392"},"modified":"2023-11-09T16:15:39","modified_gmt":"2023-11-09T08:15:39","slug":"version-mejorada-jl-230f-16-receptaculos-de-3-pines-con-cierre-giratorio-homologados-por-ul","status":"publish","type":"product","link":"https:\/\/long-join.com\/es\/product\/upgrade-vesion-jl-230f-16-3-pin-twist-lock-receptacle-ul-listed\/","title":{"rendered":"Recept\u00e1culo de bloqueo giratorio de 3 pines versi\u00f3n mejorada JL-230F-16 listado por UL"},"content":{"rendered":"<p>Todos los recept\u00e1culos de la serie JL-230 est\u00e1n dise\u00f1ados para ser premontados en aquellas linternas dise\u00f1adas para adaptarse a un fotocontrol de bloqueo giratorio ANSI C136.10.<\/p>","protected":false},"excerpt":{"rendered":"<p>1. Modelo del producto: JL-230F<br \/>\n2. Voltaje nominal: 0-480 VCA<br \/>\n3. Material del z\u00f3calo: PBT<br \/>\n4. Calibre del cable: #14, #16<br \/>\n5. Est\u00e1ndares compatibles: CE, ROHS, UL<\/p>","protected":false},"featured_media":3396,"template":"","meta":{"_acf_changed":false,"_seopress_robots_primary_cat":"","_seopress_titles_title":"","_seopress_titles_desc":"","_seopress_robots_index":""},"product_brand":[],"product_cat":[58,31,28],"product_tag":[],"class_list":{"0":"post-3392","1":"product","2":"type-product","3":"status-publish","4":"has-post-thumbnail","6":"product_cat-3-pin-receptacle","7":"product_cat-nema-standard-connector","8":"product_cat-our-product","10":"first","11":"instock","12":"shipping-taxable","13":"product-type-simple"},"acf":[],"_links":{"self":[{"href":"https:\/\/long-join.com\/es\/wp-json\/wp\/v2\/product\/3392","targetHints":{"allow":["GET"]}}],"collection":[{"href":"https:\/\/long-join.com\/es\/wp-json\/wp\/v2\/product"}],"about":[{"href":"https:\/\/long-join.com\/es\/wp-json\/wp\/v2\/types\/product"}],"version-history":[{"count":0,"href":"https:\/\/long-join.com\/es\/wp-json\/wp\/v2\/product\/3392\/revisions"}],"wp:featuredmedia":[{"embeddable":true,"href":"https:\/\/long-join.com\/es\/wp-json\/wp\/v2\/media\/3396"}],"wp:attachment":[{"href":"https:\/\/long-join.com\/es\/wp-json\/wp\/v2\/media?parent=3392"}],"wp:term":[{"taxonomy":"product_brand","embeddable":true,"href":"https:\/\/long-join.com\/es\/wp-json\/wp\/v2\/product_brand?post=3392"},{"taxonomy":"product_cat","embeddable":true,"href":"https:\/\/long-join.com\/es\/wp-json\/wp\/v2\/product_cat?post=3392"},{"taxonomy":"product_tag","embeddable":true,"href":"https:\/\/long-join.com\/es\/wp-json\/wp\/v2\/product_tag?post=3392"}],"curies":[{"name":"wp","href":"https:\/\/api.w.org\/{rel}","templated":true}]}}