{"id":3382,"date":"2023-11-09T15:44:27","date_gmt":"2023-11-09T07:44:27","guid":{"rendered":"https:\/\/long-join.com\/?post_type=product&#038;p=3382"},"modified":"2023-11-09T15:44:46","modified_gmt":"2023-11-09T07:44:46","slug":"receptaculo-para-fotocontrol-ansi-c136-10-de-3-pines-version-giratoria-jl-230","status":"publish","type":"product","link":"https:\/\/long-join.com\/es\/product\/ansi-c136-10-3-pin-photocntrol-receptacle-jl-230-rotatable-version\/","title":{"rendered":"Recept\u00e1culo de fotocontrol de 3 pines ANSI C136.10 JL-230 (versi\u00f3n giratoria)"},"content":{"rendered":"<p>Todos los recept\u00e1culos de la serie JL-230 est\u00e1n dise\u00f1ados para ser premontados en aquellas linternas dise\u00f1adas para adaptarse a un fotocontrol de bloqueo giratorio ANSI C136.10.<\/p>","protected":false},"excerpt":{"rendered":"<p>1. Modelo del producto: JL-230<br \/>\n2. Voltaje nominal: 0-480 VCA<br \/>\n3. Material del casquillo: casquillo fen\u00f3lico<br \/>\n4. Calibre del cable: #14, #16<br \/>\n5. Est\u00e1ndares compatibles: CE, ROHS, UL<\/p>","protected":false},"featured_media":3388,"template":"","meta":{"_acf_changed":false,"_seopress_robots_primary_cat":"none","_seopress_titles_title":"","_seopress_titles_desc":"","_seopress_robots_index":""},"product_brand":[],"product_cat":[58,31,28],"product_tag":[],"class_list":{"0":"post-3382","1":"product","2":"type-product","3":"status-publish","4":"has-post-thumbnail","6":"product_cat-3-pin-receptacle","7":"product_cat-nema-standard-connector","8":"product_cat-our-product","10":"first","11":"instock","12":"shipping-taxable","13":"product-type-simple"},"acf":[],"_links":{"self":[{"href":"https:\/\/long-join.com\/es\/wp-json\/wp\/v2\/product\/3382","targetHints":{"allow":["GET"]}}],"collection":[{"href":"https:\/\/long-join.com\/es\/wp-json\/wp\/v2\/product"}],"about":[{"href":"https:\/\/long-join.com\/es\/wp-json\/wp\/v2\/types\/product"}],"version-history":[{"count":0,"href":"https:\/\/long-join.com\/es\/wp-json\/wp\/v2\/product\/3382\/revisions"}],"wp:featuredmedia":[{"embeddable":true,"href":"https:\/\/long-join.com\/es\/wp-json\/wp\/v2\/media\/3388"}],"wp:attachment":[{"href":"https:\/\/long-join.com\/es\/wp-json\/wp\/v2\/media?parent=3382"}],"wp:term":[{"taxonomy":"product_brand","embeddable":true,"href":"https:\/\/long-join.com\/es\/wp-json\/wp\/v2\/product_brand?post=3382"},{"taxonomy":"product_cat","embeddable":true,"href":"https:\/\/long-join.com\/es\/wp-json\/wp\/v2\/product_cat?post=3382"},{"taxonomy":"product_tag","embeddable":true,"href":"https:\/\/long-join.com\/es\/wp-json\/wp\/v2\/product_tag?post=3382"}],"curies":[{"name":"wp","href":"https:\/\/api.w.org\/{rel}","templated":true}]}}