{"id":3368,"date":"2023-11-09T15:31:58","date_gmt":"2023-11-09T07:31:58","guid":{"rendered":"https:\/\/long-join.com\/?post_type=product&#038;p=3368"},"modified":"2023-11-09T15:33:11","modified_gmt":"2023-11-09T07:33:11","slug":"ansi-c136-41-7-pines-jl-260d2-tipo-a-estructura-dividida","status":"publish","type":"product","link":"https:\/\/long-join.com\/es\/product\/ansi-c136-41-7-pin-jl-260d2-type-a-split-structure\/","title":{"rendered":"ANSI C136.41 7 PIN JL-260D2 Tipo A Estructura dividida"},"content":{"rendered":"<p>Este recept\u00e1culo de fotocontrol de la serie JL-260D est\u00e1 dise\u00f1ado para linternas destinadas a tener un recept\u00e1culo ANSI C136.10 para adaptarse a un fotocontrol con cierre giratorio. Cumple con la norma ANSI C136.41 recientemente publicada para permitir que una l\u00e1mpara LED se controle de forma m\u00faltiple a trav\u00e9s del recept\u00e1culo.<\/p>","protected":false},"excerpt":{"rendered":"<p>1. Modelo del producto: JL-260D2<br \/>\n2. Voltaje nominal: 0-480 VCA<br \/>\n3. Clasificaci\u00f3n de inflamabilidad: UL94-0<br \/>\n4. Material: Cubierta de PBT y estabilizador UV adicional<br \/>\n5. Est\u00e1ndar compatible: ANSI C136.41, CE, ROHS, UL<\/p>\n<p>&nbsp;<\/p>","protected":false},"featured_media":3373,"template":"","meta":{"_acf_changed":false,"_seopress_robots_primary_cat":"none","_seopress_titles_title":"","_seopress_titles_desc":"","_seopress_robots_index":""},"product_brand":[],"product_cat":[56,31,28],"product_tag":[],"class_list":{"0":"post-3368","1":"product","2":"type-product","3":"status-publish","4":"has-post-thumbnail","6":"product_cat-nema-7-pin-receptacle","7":"product_cat-nema-standard-connector","8":"product_cat-our-product","10":"first","11":"instock","12":"shipping-taxable","13":"product-type-simple"},"acf":[],"_links":{"self":[{"href":"https:\/\/long-join.com\/es\/wp-json\/wp\/v2\/product\/3368","targetHints":{"allow":["GET"]}}],"collection":[{"href":"https:\/\/long-join.com\/es\/wp-json\/wp\/v2\/product"}],"about":[{"href":"https:\/\/long-join.com\/es\/wp-json\/wp\/v2\/types\/product"}],"version-history":[{"count":0,"href":"https:\/\/long-join.com\/es\/wp-json\/wp\/v2\/product\/3368\/revisions"}],"wp:featuredmedia":[{"embeddable":true,"href":"https:\/\/long-join.com\/es\/wp-json\/wp\/v2\/media\/3373"}],"wp:attachment":[{"href":"https:\/\/long-join.com\/es\/wp-json\/wp\/v2\/media?parent=3368"}],"wp:term":[{"taxonomy":"product_brand","embeddable":true,"href":"https:\/\/long-join.com\/es\/wp-json\/wp\/v2\/product_brand?post=3368"},{"taxonomy":"product_cat","embeddable":true,"href":"https:\/\/long-join.com\/es\/wp-json\/wp\/v2\/product_cat?post=3368"},{"taxonomy":"product_tag","embeddable":true,"href":"https:\/\/long-join.com\/es\/wp-json\/wp\/v2\/product_tag?post=3368"}],"curies":[{"name":"wp","href":"https:\/\/api.w.org\/{rel}","templated":true}]}}