{"id":3333,"date":"2023-11-09T10:13:59","date_gmt":"2023-11-09T02:13:59","guid":{"rendered":"https:\/\/long-join.com\/?post_type=product&#038;p=3333"},"modified":"2026-01-16T13:47:43","modified_gmt":"2026-01-16T05:47:43","slug":"receptaculo-phocontrol-con-atenuacion-para-montaje-externo-jl-260c","status":"publish","type":"product","link":"https:\/\/long-join.com\/es\/product\/external-mounting-dimming-phocontrol-receptacle-jl-260c\/","title":{"rendered":"Recept\u00e1culo Phocontrol con atenuaci\u00f3n de montaje externo JL-260C"},"content":{"rendered":"<blockquote><p>En 2019, Long Join lanz\u00f3 el recept\u00e1culo de control de iluminaci\u00f3n externa JL-260C de alto rendimiento, dise\u00f1ado para sistemas de control de iluminaci\u00f3n exterior. Este producto integra diversas funciones avanzadas, como rotaci\u00f3n de 360 grados, alta resistencia al agua y una base espec\u00edfica para iluminaci\u00f3n inteligente, que satisface las diversas necesidades de la iluminaci\u00f3n exterior moderna.<\/p>\n<figure id=\"attachment_14184\" aria-describedby=\"caption-attachment-14184\" style=\"width: 1100px\" class=\"wp-caption aligncenter\"><img fetchpriority=\"high\" decoding=\"async\" class=\"wp-image-14184 size-full\" src=\"http:\/\/long-join.com\/wp-content\/uploads\/2023\/11\/JL-260C-nema-receptacle-hoop.jpg\" alt=\"Aro de recept\u00e1culo Nema JL-260C\" width=\"1100\" height=\"412\" srcset=\"https:\/\/long-join.com\/wp-content\/uploads\/2023\/11\/JL-260C-nema-receptacle-hoop.jpg 1100w, https:\/\/long-join.com\/wp-content\/uploads\/2023\/11\/JL-260C-nema-receptacle-hoop-300x112.jpg 300w, https:\/\/long-join.com\/wp-content\/uploads\/2023\/11\/JL-260C-nema-receptacle-hoop-1024x384.jpg 1024w, https:\/\/long-join.com\/wp-content\/uploads\/2023\/11\/JL-260C-nema-receptacle-hoop-768x288.jpg 768w, https:\/\/long-join.com\/wp-content\/uploads\/2023\/11\/JL-260C-nema-receptacle-hoop-18x7.jpg 18w, https:\/\/long-join.com\/wp-content\/uploads\/2023\/11\/JL-260C-nema-receptacle-hoop-600x225.jpg 600w\" sizes=\"(max-width: 1100px) 100vw, 1100px\" \/><figcaption id=\"caption-attachment-14184\" class=\"wp-caption-text\">Aro de recept\u00e1culo Nema JL-260C<\/figcaption><\/figure><\/blockquote>\n<blockquote><p>\u3010Rotaci\u00f3n limitada de 360\u00b0\u3011Este dise\u00f1o permite ajustar el recept\u00e1culo JL-260C en todas las direcciones despu\u00e9s de la instalaci\u00f3n, lo que mejora considerablemente la flexibilidad de instalaci\u00f3n. Independientemente de la orientaci\u00f3n del brazo de la l\u00e1mpara, se puede encontrar f\u00e1cilmente el \u00e1ngulo de instalaci\u00f3n \u00f3ptimo para garantizar que la parte fotosensible del controlador de luz capture con precisi\u00f3n los cambios en la luz ambiental.<\/p><\/blockquote>\n<blockquote><p>\u3010Marca de posicionamiento que apunta al norte\u3011De acuerdo con esta marca, el operador puede ajustar f\u00e1cilmente la direcci\u00f3n del recept\u00e1culo para garantizar que el controlador de luz est\u00e9 orientado correctamente hacia la direcci\u00f3n de la luz solar y detectar completamente si la iluminaci\u00f3n de l\u00e1mparas y linternas est\u00e1 funcionando de manera segura.<\/p>\n<p><img decoding=\"async\" class=\"wp-image-14190 size-full\" src=\"http:\/\/long-join.com\/wp-content\/uploads\/2023\/11\/JL-260C-nema-receptacle.jpg\" alt=\"Recept\u00e1culo Nema JL-260C\" width=\"1100\" height=\"412\" srcset=\"https:\/\/long-join.com\/wp-content\/uploads\/2023\/11\/JL-260C-nema-receptacle.jpg 1100w, https:\/\/long-join.com\/wp-content\/uploads\/2023\/11\/JL-260C-nema-receptacle-300x112.jpg 300w, https:\/\/long-join.com\/wp-content\/uploads\/2023\/11\/JL-260C-nema-receptacle-1024x384.jpg 1024w, https:\/\/long-join.com\/wp-content\/uploads\/2023\/11\/JL-260C-nema-receptacle-768x288.jpg 768w, https:\/\/long-join.com\/wp-content\/uploads\/2023\/11\/JL-260C-nema-receptacle-18x7.jpg 18w, https:\/\/long-join.com\/wp-content\/uploads\/2023\/11\/JL-260C-nema-receptacle-600x225.jpg 600w\" sizes=\"(max-width: 1100px) 100vw, 1100px\" \/><\/p><\/blockquote>\n<blockquote><p>\u3010Dise\u00f1o resistente al agua\u3011 El recept\u00e1culo JL-260C se instala en la l\u00e1mpara para proporcionar niveles de control de luz e impermeabilidad IP65 e IP66. Adem\u00e1s de la funci\u00f3n giratoria, la tapa trasera del terminal presenta un dise\u00f1o funcional especial. El cuerpo principal del recept\u00e1culo est\u00e1 hecho de policarbonato (PC) y la tapa trasera de nailon resistente. La combinaci\u00f3n de estos dos materiales no solo proporciona una mejor impermeabilidad, sino que tambi\u00e9n garantiza la durabilidad del producto en entornos exteriores hostiles.<\/p><\/blockquote>\n<blockquote><p>\u3010Flexible Mounting\u3011 We offer two types of brackets. a wall-mount bracket with a semicircular opening for direct mounting to the fixture; and a flexible, adjustable bracket that fits easily onto lamp arms of varying diameters.<\/p>\n<p>If you use a combination of these two brackets, it is allowed to install the JL-260C in different positions of the same light pole.<\/p><\/blockquote>\n<p><img decoding=\"async\" class=\"wp-image-3341 size-full\" src=\"http:\/\/long-join.com\/wp-content\/uploads\/2023\/11\/JL-260C-accsseries.jpg\" alt=\"Serie de accesorios JL-260C\" width=\"930\" height=\"412\" srcset=\"https:\/\/long-join.com\/wp-content\/uploads\/2023\/11\/JL-260C-accsseries.jpg 930w, https:\/\/long-join.com\/wp-content\/uploads\/2023\/11\/JL-260C-accsseries-300x133.jpg 300w, https:\/\/long-join.com\/wp-content\/uploads\/2023\/11\/JL-260C-accsseries-768x340.jpg 768w, https:\/\/long-join.com\/wp-content\/uploads\/2023\/11\/JL-260C-accsseries-600x266.jpg 600w\" sizes=\"(max-width: 930px) 100vw, 930px\" \/><\/p>\n<blockquote><p>\u3010Longitud de cable personalizable\u3011No solo proporcionamos la longitud de cable est\u00e1ndar de 20 pulgadas, sino que tambi\u00e9n podemos personalizar la longitud del cable seg\u00fan las necesidades del cliente.<\/p>\n<p><img loading=\"lazy\" decoding=\"async\" class=\"wp-image-14185 size-full aligncenter\" src=\"http:\/\/long-join.com\/wp-content\/uploads\/2023\/11\/jl260c-nema-receptacle-cable.jpg\" alt=\"Cable de recept\u00e1culo Nema JL260C\" width=\"930\" height=\"412\" srcset=\"https:\/\/long-join.com\/wp-content\/uploads\/2023\/11\/jl260c-nema-receptacle-cable.jpg 930w, https:\/\/long-join.com\/wp-content\/uploads\/2023\/11\/jl260c-nema-receptacle-cable-300x133.jpg 300w, https:\/\/long-join.com\/wp-content\/uploads\/2023\/11\/jl260c-nema-receptacle-cable-768x340.jpg 768w, https:\/\/long-join.com\/wp-content\/uploads\/2023\/11\/jl260c-nema-receptacle-cable-18x8.jpg 18w, https:\/\/long-join.com\/wp-content\/uploads\/2023\/11\/jl260c-nema-receptacle-cable-600x266.jpg 600w\" sizes=\"(max-width: 930px) 100vw, 930px\" \/><\/p><\/blockquote>\n<blockquote><p>\u3010Funci\u00f3n\u3011 Los conectores JL-260C y JL-240XA son de 7 v\u00edas. Cada punto de contacto met\u00e1lico est\u00e1 hecho de aleaci\u00f3n met\u00e1lica. La almohadilla dorada es de bronce fosforoso niquelado con ba\u00f1o de oro seg\u00fan la norma ASTM B 488.<\/p><\/blockquote>\n<blockquote><p>\u3010Diferentes tipos de conectores impermeables disponibles\u3011<\/p><\/blockquote>\n<figure id=\"attachment_14186\" aria-describedby=\"caption-attachment-14186\" style=\"width: 1100px\" class=\"wp-caption aligncenter\"><img loading=\"lazy\" decoding=\"async\" class=\"wp-image-14186 size-full\" src=\"http:\/\/long-join.com\/wp-content\/uploads\/2023\/11\/M20-cable-glands-type-connector.jpg\" alt=\"Conector tipo prensaestopas M20\" width=\"1100\" height=\"412\" srcset=\"https:\/\/long-join.com\/wp-content\/uploads\/2023\/11\/M20-cable-glands-type-connector.jpg 1100w, https:\/\/long-join.com\/wp-content\/uploads\/2023\/11\/M20-cable-glands-type-connector-300x112.jpg 300w, https:\/\/long-join.com\/wp-content\/uploads\/2023\/11\/M20-cable-glands-type-connector-1024x384.jpg 1024w, https:\/\/long-join.com\/wp-content\/uploads\/2023\/11\/M20-cable-glands-type-connector-768x288.jpg 768w, https:\/\/long-join.com\/wp-content\/uploads\/2023\/11\/M20-cable-glands-type-connector-18x7.jpg 18w, https:\/\/long-join.com\/wp-content\/uploads\/2023\/11\/M20-cable-glands-type-connector-600x225.jpg 600w\" sizes=\"(max-width: 1100px) 100vw, 1100px\" \/><figcaption id=\"caption-attachment-14186\" class=\"wp-caption-text\">Conector tipo prensaestopas M20<\/figcaption><\/figure>\n<ul>\n<li style=\"list-style-type: none;\">*Hay disponible un conector para prensaestopas.<\/li>\n<li style=\"list-style-type: none;\">*Las opciones de material incluyen acero inoxidable y pl\u00e1stico.<\/li>\n<li style=\"list-style-type: none;\">*M20 (rosca m\u00e9trica de 20 mm de di\u00e1metro) es un tama\u00f1o com\u00fan, que normalmente admite cables con di\u00e1metros de 6 a 12 mm.<\/li>\n<\/ul>\n<blockquote><p>\u3010Caracter\u00edsticas locales\u3011Los clientes europeos aprecian este producto de alta calidad porque las caracter\u00edsticas \u00fanicas del JL260 satisfacen las altas exigencias de los sistemas de control de iluminaci\u00f3n exterior. Disponemos de opciones de longitud de cable personalizadas para satisfacer los requisitos espec\u00edficos del proyecto.<\/p><\/blockquote>","protected":false},"excerpt":{"rendered":"<p>1. Modelo del producto: JL-260C<br \/>\n2. Voltaje nominal: 0-480 VCA<br \/>\n3. Clasificaci\u00f3n de inflamabilidad: UL94-0<br \/>\n4. Material: PC+nylon back Holder<br \/>\n5. Est\u00e1ndar compatible: ANSI C136.41, CE, ROHS, UL<\/p>","protected":false},"featured_media":3345,"template":"","meta":{"_acf_changed":false,"_seopress_robots_primary_cat":"none","_seopress_titles_title":"","_seopress_titles_desc":"","_seopress_robots_index":""},"product_brand":[],"product_cat":[56,31,28],"product_tag":[],"class_list":{"0":"post-3333","1":"product","2":"type-product","3":"status-publish","4":"has-post-thumbnail","6":"product_cat-nema-7-pin-receptacle","7":"product_cat-nema-standard-connector","8":"product_cat-our-product","10":"first","11":"instock","12":"shipping-taxable","13":"product-type-simple"},"acf":[],"_links":{"self":[{"href":"https:\/\/long-join.com\/es\/wp-json\/wp\/v2\/product\/3333","targetHints":{"allow":["GET"]}}],"collection":[{"href":"https:\/\/long-join.com\/es\/wp-json\/wp\/v2\/product"}],"about":[{"href":"https:\/\/long-join.com\/es\/wp-json\/wp\/v2\/types\/product"}],"version-history":[{"count":16,"href":"https:\/\/long-join.com\/es\/wp-json\/wp\/v2\/product\/3333\/revisions"}],"predecessor-version":[{"id":16939,"href":"https:\/\/long-join.com\/es\/wp-json\/wp\/v2\/product\/3333\/revisions\/16939"}],"wp:featuredmedia":[{"embeddable":true,"href":"https:\/\/long-join.com\/es\/wp-json\/wp\/v2\/media\/3345"}],"wp:attachment":[{"href":"https:\/\/long-join.com\/es\/wp-json\/wp\/v2\/media?parent=3333"}],"wp:term":[{"taxonomy":"product_brand","embeddable":true,"href":"https:\/\/long-join.com\/es\/wp-json\/wp\/v2\/product_brand?post=3333"},{"taxonomy":"product_cat","embeddable":true,"href":"https:\/\/long-join.com\/es\/wp-json\/wp\/v2\/product_cat?post=3333"},{"taxonomy":"product_tag","embeddable":true,"href":"https:\/\/long-join.com\/es\/wp-json\/wp\/v2\/product_tag?post=3333"}],"curies":[{"name":"wp","href":"https:\/\/api.w.org\/{rel}","templated":true}]}}