{"id":2148,"date":"2023-10-16T16:14:08","date_gmt":"2023-10-16T08:14:08","guid":{"rendered":"https:\/\/long-join.com\/?post_type=product&#038;p=2148"},"modified":"2024-01-23T13:57:45","modified_gmt":"2024-01-23T05:57:45","slug":"tapa-de-cortocircuito-para-fotocelula-de-union-larga-jl-208-ip66","status":"publish","type":"product","link":"https:\/\/long-join.com\/es\/product\/long-join-photocell-shorting-cap-jl-208-ip66\/","title":{"rendered":"Tapa de cortocircuito para fotoc\u00e9lula de uni\u00f3n larga JL-208 IP66"},"content":{"rendered":"<p>Caracter\u00edstica<\/p>\n<ol>\n<li>Tengo la intenci\u00f3n de reemplazar la fotoc\u00e9lula de bloqueo giratorio de 3 pines con problema de soluci\u00f3n de problemas.<\/li>\n<li>Cierre giratorio de f\u00e1cil mantenimiento (ANSI C136.10).<\/li>\n<li>Protecci\u00f3n IP54\/IP66 durante la instalaci\u00f3n.<\/li>\n<li>Protecci\u00f3n contra sobretensiones disponible (solo JL-208).<\/li>\n<li>Caja de policarbonato estabilizado a los rayos UV.<\/li>\n<li>Base de polibutileno estabilizado a los rayos UV.<\/li>\n<\/ol>","protected":false},"excerpt":{"rendered":"<p>1. Modelo del producto: JL-208-IP66<br \/>\n2. Voltaje nominal: 0-480 VCA<br \/>\n3. Protecci\u00f3n contra sobretensiones: JL-208-15; JL-208-23<br \/>\n4. Clasificaci\u00f3n IP: IP66<br \/>\n5. Est\u00e1ndares compatibles: CE, ROHS, UL<\/p>","protected":false},"featured_media":3403,"template":"","meta":{"_acf_changed":false,"_seopress_robots_primary_cat":"none","_seopress_titles_title":"","_seopress_titles_desc":"","_seopress_robots_index":""},"product_brand":[],"product_cat":[28,47],"product_tag":[],"class_list":{"0":"post-2148","1":"product","2":"type-product","3":"status-publish","4":"has-post-thumbnail","6":"product_cat-our-product","7":"product_cat-shorting-cap-and-opening-circuit-cap","9":"first","10":"instock","11":"shipping-taxable","12":"product-type-simple"},"acf":[],"_links":{"self":[{"href":"https:\/\/long-join.com\/es\/wp-json\/wp\/v2\/product\/2148","targetHints":{"allow":["GET"]}}],"collection":[{"href":"https:\/\/long-join.com\/es\/wp-json\/wp\/v2\/product"}],"about":[{"href":"https:\/\/long-join.com\/es\/wp-json\/wp\/v2\/types\/product"}],"version-history":[{"count":1,"href":"https:\/\/long-join.com\/es\/wp-json\/wp\/v2\/product\/2148\/revisions"}],"predecessor-version":[{"id":3402,"href":"https:\/\/long-join.com\/es\/wp-json\/wp\/v2\/product\/2148\/revisions\/3402"}],"wp:featuredmedia":[{"embeddable":true,"href":"https:\/\/long-join.com\/es\/wp-json\/wp\/v2\/media\/3403"}],"wp:attachment":[{"href":"https:\/\/long-join.com\/es\/wp-json\/wp\/v2\/media?parent=2148"}],"wp:term":[{"taxonomy":"product_brand","embeddable":true,"href":"https:\/\/long-join.com\/es\/wp-json\/wp\/v2\/product_brand?post=2148"},{"taxonomy":"product_cat","embeddable":true,"href":"https:\/\/long-join.com\/es\/wp-json\/wp\/v2\/product_cat?post=2148"},{"taxonomy":"product_tag","embeddable":true,"href":"https:\/\/long-join.com\/es\/wp-json\/wp\/v2\/product_tag?post=2148"}],"curies":[{"name":"wp","href":"https:\/\/api.w.org\/{rel}","templated":true}]}}