{"id":2146,"date":"2023-10-16T16:12:35","date_gmt":"2023-10-16T08:12:35","guid":{"rendered":"https:\/\/long-join.com\/?post_type=product&#038;p=2146"},"modified":"2023-11-10T17:29:14","modified_gmt":"2023-11-10T09:29:14","slug":"oferta-de-union-larga-otro-diseno-tapa-de-cortocircuito-para-fotocelula-jl-208","status":"publish","type":"product","link":"https:\/\/long-join.com\/es\/product\/long-join-offer-other-design-photocell-shorting-cap-jl-208\/","title":{"rendered":"Oferta de uni\u00f3n larga, otro dise\u00f1o, tapa de cortocircuito para fotoc\u00e9lula JL-208"},"content":{"rendered":"<p>Caracter\u00edstica<\/p>\n<ol>\n<li>La intenci\u00f3n es reemplazar la fotoc\u00e9lula de 3 pines con bloqueo giratorio para solucionar problemas o el mantenimiento del alumbrado p\u00fablico municipal, y las futuras soluciones de iluminaci\u00f3n inteligente constituyen un buen plan completo.<\/li>\n<li>Cierre giratorio de f\u00e1cil mantenimiento (ANSI C136.10).<\/li>\n<li>Protecci\u00f3n IP54\/IP66 durante la instalaci\u00f3n.<\/li>\n<li>Protecci\u00f3n contra sobretensiones disponible (solo JL-208).<\/li>\n<li>Caja de policarbonato estabilizado a los rayos UV.<\/li>\n<li>Base de polibutileno estabilizado a los rayos UV.<\/li>\n<\/ol>","protected":false},"excerpt":{"rendered":"<p>1. Modelo del producto: JL-208-IP54<br \/>\n2. Voltaje nominal: 0-480 VCA<br \/>\n3. Protecci\u00f3n contra sobretensiones: JL-208-15; JL-208-23<br \/>\n4. Esta tapa de lluvia transparente con espuma de sellado en la base.<br \/>\n5. buen producto, aqu\u00ed el fabricante de la marca Long-Join no solo produce interruptores de fotoc\u00e9lula sino que tambi\u00e9n proporciona dise\u00f1os de formas de productos individuales y cajas de empaquetado de regalo para atraer a los requisitos del usuario final, de modo que se logre una comunicaci\u00f3n m\u00e1s efectiva y es lo m\u00e1s importante aprovechar al m\u00e1ximo el tiempo de utilidad.<\/p>","protected":false},"featured_media":3424,"template":"","meta":{"_acf_changed":false,"_seopress_robots_primary_cat":"none","_seopress_titles_title":"","_seopress_titles_desc":"","_seopress_robots_index":""},"product_brand":[],"product_cat":[47],"product_tag":[],"class_list":{"0":"post-2146","1":"product","2":"type-product","3":"status-publish","4":"has-post-thumbnail","6":"product_cat-shorting-cap-and-opening-circuit-cap","8":"first","9":"instock","10":"shipping-taxable","11":"product-type-simple"},"acf":[],"_links":{"self":[{"href":"https:\/\/long-join.com\/es\/wp-json\/wp\/v2\/product\/2146","targetHints":{"allow":["GET"]}}],"collection":[{"href":"https:\/\/long-join.com\/es\/wp-json\/wp\/v2\/product"}],"about":[{"href":"https:\/\/long-join.com\/es\/wp-json\/wp\/v2\/types\/product"}],"version-history":[{"count":1,"href":"https:\/\/long-join.com\/es\/wp-json\/wp\/v2\/product\/2146\/revisions"}],"predecessor-version":[{"id":3422,"href":"https:\/\/long-join.com\/es\/wp-json\/wp\/v2\/product\/2146\/revisions\/3422"}],"wp:featuredmedia":[{"embeddable":true,"href":"https:\/\/long-join.com\/es\/wp-json\/wp\/v2\/media\/3424"}],"wp:attachment":[{"href":"https:\/\/long-join.com\/es\/wp-json\/wp\/v2\/media?parent=2146"}],"wp:term":[{"taxonomy":"product_brand","embeddable":true,"href":"https:\/\/long-join.com\/es\/wp-json\/wp\/v2\/product_brand?post=2146"},{"taxonomy":"product_cat","embeddable":true,"href":"https:\/\/long-join.com\/es\/wp-json\/wp\/v2\/product_cat?post=2146"},{"taxonomy":"product_tag","embeddable":true,"href":"https:\/\/long-join.com\/es\/wp-json\/wp\/v2\/product_tag?post=2146"}],"curies":[{"name":"wp","href":"https:\/\/api.w.org\/{rel}","templated":true}]}}