{"id":2105,"date":"2023-10-13T17:54:35","date_gmt":"2023-10-13T09:54:35","guid":{"rendered":"https:\/\/long-join.com\/?post_type=product&#038;p=2105"},"modified":"2025-05-09T16:27:57","modified_gmt":"2025-05-09T08:27:57","slug":"el-proveedor-de-uniones-largas-ofrece-diferentes-series-de-cubiertas-para-interruptores-de-fotocelula","status":"publish","type":"product","link":"https:\/\/long-join.com\/es\/product\/long-join-provider-offer-different-seires-photocell-switch-cover\/","title":{"rendered":"El proveedor LONG-JOIN ofrece diferentes series de cubiertas para interruptores de fotoc\u00e9lula"},"content":{"rendered":"<blockquote><p>Estos accesorios de la serie de controladores de luz se utilizan para futuros conjuntos de control de luz inteligente, como la base JL-241J, la base del m\u00f3dulo de interfaz YS800076 y NEMA (recept\u00e1culo de 3 pines, recept\u00e1culo de 5 pines, recept\u00e1culo de 7 pines), especialmente la base de 7 pines en el controlador de fotoc\u00e9lula inteligente para el programa de alumbrado p\u00fablico LED municipal inal\u00e1mbrico es agradable y popular. Adem\u00e1s, se basa en el m\u00f3dulo base del controlador para desarrollar conjuntos de unidades de control, este circuito de control como integrado con fuente de alimentaci\u00f3n de CA\/CC, protecci\u00f3n contra sobretensiones, rel\u00e9 con control de conmutaci\u00f3n, configuraci\u00f3n de diferentes modos de modulaci\u00f3n.<\/p><\/blockquote>\n<blockquote><p>Por eso, un conjunto perfecto de componentes para controladores inteligentes incluye componentes de control de sensor de fotoc\u00e9lula LONG-JOIN y unidades centrales de control avanzadas para garantizar que el producto final alcance sus objetivos y cumpla con los est\u00e1ndares de la industria. \u00bfPor qu\u00e9 elegirnos como proveedores de accesorios de iluminaci\u00f3n? Nuestros componentes de control de sensor de fotoc\u00e9lula est\u00e1n dise\u00f1ados para ofrecer un rendimiento preciso y confiable, garantizando que su producto final cumpla con los m\u00e1s altos est\u00e1ndares de calidad de ingenier\u00eda. Al elegir componentes de fotoc\u00e9lula Long-Join, puede estar seguro de invertir en una soluci\u00f3n que le ayudar\u00e1 a alcanzar sus objetivos y superar las expectativas de sus clientes.<\/p><\/blockquote>\n<blockquote><p><b>Dame propinas opcionales<\/b><\/p><\/blockquote>\n<p><img fetchpriority=\"high\" decoding=\"async\" class=\"aligncenter wp-image-13194 size-full\" src=\"http:\/\/long-join.com\/wp-content\/uploads\/2023\/10\/nema-controller-cover04-1.jpg\" alt=\"\" width=\"1082\" height=\"479\" srcset=\"https:\/\/long-join.com\/wp-content\/uploads\/2023\/10\/nema-controller-cover04-1.jpg 1082w, https:\/\/long-join.com\/wp-content\/uploads\/2023\/10\/nema-controller-cover04-1-300x133.jpg 300w, https:\/\/long-join.com\/wp-content\/uploads\/2023\/10\/nema-controller-cover04-1-1024x453.jpg 1024w, https:\/\/long-join.com\/wp-content\/uploads\/2023\/10\/nema-controller-cover04-1-768x340.jpg 768w, https:\/\/long-join.com\/wp-content\/uploads\/2023\/10\/nema-controller-cover04-1-18x8.jpg 18w, https:\/\/long-join.com\/wp-content\/uploads\/2023\/10\/nema-controller-cover04-1-600x266.jpg 600w\" sizes=\"(max-width: 1082px) 100vw, 1082px\" \/><\/p>\n<blockquote><p>A continuaci\u00f3n se muestran diferentes caracter\u00edsticas de la estructura de la cubierta de control.<\/p><\/blockquote>\n<blockquote><p>1 cubierta de PC m\u00e1s delgada que el material PP<\/p><\/blockquote>\n<blockquote><p>La cubierta de 2 piezas disponible admite un dise\u00f1o de cubierta de control de doble capa y de una sola capa.<\/p><\/blockquote>\n<blockquote><p>3-La cubierta de control de bloqueo giratorio est\u00e1 dise\u00f1ada para <strong>Cubierta de estilo est\u00e1ndar para PC<\/strong><\/p><\/blockquote>","protected":false},"excerpt":{"rendered":"<p>1. Modelo del producto: YS800076<br \/>\n2. Material: PC\/PP (seg\u00fan requisitos del cliente)<br \/>\n3. Color: gris\/negro<br \/>\n4. Cubrir con ventana (opcional)<\/p>","protected":false},"featured_media":4646,"template":"","meta":{"_acf_changed":false,"_seopress_robots_primary_cat":"none","_seopress_titles_title":"","_seopress_titles_desc":"","_seopress_robots_index":""},"product_brand":[],"product_cat":[28,35],"product_tag":[],"class_list":{"0":"post-2105","1":"product","2":"type-product","3":"status-publish","4":"has-post-thumbnail","6":"product_cat-our-product","7":"product_cat-photocell-switch-fittings","9":"first","10":"instock","11":"shipping-taxable","12":"product-type-simple"},"acf":[],"_links":{"self":[{"href":"https:\/\/long-join.com\/es\/wp-json\/wp\/v2\/product\/2105","targetHints":{"allow":["GET"]}}],"collection":[{"href":"https:\/\/long-join.com\/es\/wp-json\/wp\/v2\/product"}],"about":[{"href":"https:\/\/long-join.com\/es\/wp-json\/wp\/v2\/types\/product"}],"version-history":[{"count":7,"href":"https:\/\/long-join.com\/es\/wp-json\/wp\/v2\/product\/2105\/revisions"}],"predecessor-version":[{"id":13196,"href":"https:\/\/long-join.com\/es\/wp-json\/wp\/v2\/product\/2105\/revisions\/13196"}],"wp:featuredmedia":[{"embeddable":true,"href":"https:\/\/long-join.com\/es\/wp-json\/wp\/v2\/media\/4646"}],"wp:attachment":[{"href":"https:\/\/long-join.com\/es\/wp-json\/wp\/v2\/media?parent=2105"}],"wp:term":[{"taxonomy":"product_brand","embeddable":true,"href":"https:\/\/long-join.com\/es\/wp-json\/wp\/v2\/product_brand?post=2105"},{"taxonomy":"product_cat","embeddable":true,"href":"https:\/\/long-join.com\/es\/wp-json\/wp\/v2\/product_cat?post=2105"},{"taxonomy":"product_tag","embeddable":true,"href":"https:\/\/long-join.com\/es\/wp-json\/wp\/v2\/product_tag?post=2105"}],"curies":[{"name":"wp","href":"https:\/\/api.w.org\/{rel}","templated":true}]}}