{"id":2103,"date":"2023-10-13T17:52:20","date_gmt":"2023-10-13T09:52:20","guid":{"rendered":"https:\/\/long-join.com\/?post_type=product&#038;p=2103"},"modified":"2025-02-13T14:20:21","modified_gmt":"2025-02-13T06:20:21","slug":"receptaculo-de-version-con-atenuacion-de-10-v-tipo-z10-llave-a-jl-700m","status":"publish","type":"product","link":"https:\/\/long-join.com\/es\/product\/0-10v-dimming-type-z10-key-a-version-receptacle-jl-700m\/","title":{"rendered":"Recept\u00e1culo de versi\u00f3n con atenuaci\u00f3n tipo Z10 de 0 a 10 V, clave A, JL-700M"},"content":{"rendered":"<ul>\n<li>El conector con llave LUMAWISE Endurance Z10 incluido en nuestro producto permite una integraci\u00f3n perfecta con bases de 40 mm y 80 mm de di\u00e1metro, as\u00ed como con varios domos (35 mm y 50 mm). Esta combinaci\u00f3n permite crear carcasas robustas, ideales para dispositivos electr\u00f3nicos utilizados en detecci\u00f3n de movimiento, detecci\u00f3n de ocupaci\u00f3n y aprovechamiento de la luz natural, tanto en entornos exteriores hostiles como en interiores.<\/li>\n<li>Nuestro producto cuenta con una exclusiva tecnolog\u00eda de sellado Pro-Craft que le otorga una clasificaci\u00f3n IP66, eliminando la necesidad de tornillos de montaje. Esto garantiza una protecci\u00f3n superior contra el polvo y la humedad, lo que lo hace ideal para entornos exteriores exigentes.<\/li>\n<li>Nuestro producto tiene clasificaci\u00f3n IK09, lo que proporciona una excelente resistencia a los impactos, lo que lo hace altamente duradero y confiable en condiciones exigentes.<\/li>\n<li>Dise\u00f1ado espec\u00edficamente para la compatibilidad con controladores americanos de 0 a 10 V, nuestro producto es perfectamente adecuado para una integraci\u00f3n perfecta y un control eficiente de los sistemas de iluminaci\u00f3n.<\/li>\n<\/ul>","protected":false},"excerpt":{"rendered":"<p>El conector de recept\u00e1culo JL-700M Z10 de uni\u00f3n larga, versi\u00f3n Key A, ofrece combinaciones de acoplamiento de 0-10 V que aportan flexibilidad y diferenciaci\u00f3n al dise\u00f1ador. Es ideal para usar un m\u00f3dulo controlador avanzado, que incluye atenuaci\u00f3n de 0-10 V compatible, y un sensor para recopilar informaci\u00f3n ambiental, o un conector de comunicaci\u00f3n IoT entre la luminaria y la red como medio de transmisi\u00f3n de datos.<\/p>\n<p>Versi\u00f3n predeterminada<br \/>\n\u2013 Puerto 1 (ROJO): 24 VCC<br \/>\n\u2013 Puerto 2 (NEGRO): 0~10 V-\/GND<br \/>\n\u2013 Puerto 3 (VIOLETA): 0~10 V+<br \/>\n\u2013 Puerto 4 (AMARILLO): L\/0 general<\/p>","protected":false},"featured_media":2158,"template":"","meta":{"_acf_changed":false,"_seopress_robots_primary_cat":"none","_seopress_titles_title":"","_seopress_titles_desc":"","_seopress_robots_index":""},"product_brand":[],"product_cat":[28,35],"product_tag":[],"class_list":{"0":"post-2103","1":"product","2":"type-product","3":"status-publish","4":"has-post-thumbnail","6":"product_cat-our-product","7":"product_cat-photocell-switch-fittings","9":"first","10":"instock","11":"shipping-taxable","12":"product-type-simple"},"acf":[],"_links":{"self":[{"href":"https:\/\/long-join.com\/es\/wp-json\/wp\/v2\/product\/2103","targetHints":{"allow":["GET"]}}],"collection":[{"href":"https:\/\/long-join.com\/es\/wp-json\/wp\/v2\/product"}],"about":[{"href":"https:\/\/long-join.com\/es\/wp-json\/wp\/v2\/types\/product"}],"version-history":[{"count":3,"href":"https:\/\/long-join.com\/es\/wp-json\/wp\/v2\/product\/2103\/revisions"}],"predecessor-version":[{"id":11499,"href":"https:\/\/long-join.com\/es\/wp-json\/wp\/v2\/product\/2103\/revisions\/11499"}],"wp:featuredmedia":[{"embeddable":true,"href":"https:\/\/long-join.com\/es\/wp-json\/wp\/v2\/media\/2158"}],"wp:attachment":[{"href":"https:\/\/long-join.com\/es\/wp-json\/wp\/v2\/media?parent=2103"}],"wp:term":[{"taxonomy":"product_brand","embeddable":true,"href":"https:\/\/long-join.com\/es\/wp-json\/wp\/v2\/product_brand?post=2103"},{"taxonomy":"product_cat","embeddable":true,"href":"https:\/\/long-join.com\/es\/wp-json\/wp\/v2\/product_cat?post=2103"},{"taxonomy":"product_tag","embeddable":true,"href":"https:\/\/long-join.com\/es\/wp-json\/wp\/v2\/product_tag?post=2103"}],"curies":[{"name":"wp","href":"https:\/\/api.w.org\/{rel}","templated":true}]}}