{"id":2100,"date":"2023-10-13T17:52:10","date_gmt":"2023-10-13T09:52:10","guid":{"rendered":"https:\/\/long-join.com\/?post_type=product&#038;p=2100"},"modified":"2025-04-27T15:52:54","modified_gmt":"2025-04-27T07:52:54","slug":"zocalo-zhaga-book18-jl-700-con-protocolo-de-atenuacion-dali","status":"publish","type":"product","link":"https:\/\/long-join.com\/es\/product\/zhaga-book18-jl-700-zhaga-socket-with-dali-dimming-protocol\/","title":{"rendered":"Zhaga Book18 JL-700 Zhaga Socket con protocolo de atenuaci\u00f3n DAli"},"content":{"rendered":"<blockquote><p><strong>Caracter\u00edstica<\/strong><\/p><\/blockquote>\n<ol>\n<li>Interfaz estandarizada definida en el Libro Zhaga 18<\/li>\n<li>Tama\u00f1o compacto que permite una mayor flexibilidad en el dise\u00f1o de luminarias.<\/li>\n<li>Sellado avanzado para lograr IP66 sin tornillos de montaje<\/li>\n<li>Soluci\u00f3n escalable que permite el uso de una fotoc\u00e9lula de \u00d840 mm y un sistema de gesti\u00f3n central de \u00d880 mm con la misma interfaz de conexi\u00f3n<\/li>\n<li>Posici\u00f3n de montaje flexible, orientada hacia arriba, hacia abajo y hacia los lados.<\/li>\n<li>Junta \u00fanica integrada que sella tanto la luminaria como el m\u00f3dulo minimizando el tiempo de montaje.<\/li>\n<\/ol>\n<blockquote><p><strong>Diagrama de cableado del z\u00f3calo Zhaga<\/strong><\/p><\/blockquote>\n<p><img fetchpriority=\"high\" decoding=\"async\" class=\"wp-image-12892 size-full\" src=\"http:\/\/long-join.com\/wp-content\/uploads\/2023\/10\/Wiring-diagram-zhaga-socket.png\" alt=\"Diagrama de cableado del z\u00f3calo Zhaga\" width=\"679\" height=\"330\" srcset=\"https:\/\/long-join.com\/wp-content\/uploads\/2023\/10\/Wiring-diagram-zhaga-socket.png 679w, https:\/\/long-join.com\/wp-content\/uploads\/2023\/10\/Wiring-diagram-zhaga-socket-300x146.png 300w, https:\/\/long-join.com\/wp-content\/uploads\/2023\/10\/Wiring-diagram-zhaga-socket-600x292.png 600w\" sizes=\"(max-width: 679px) 100vw, 679px\" \/><\/p>\n<blockquote><p>&nbsp;<\/p><\/blockquote>\n<blockquote><p><strong>Forma y tama\u00f1o del dise\u00f1o del orificio de perforaci\u00f3n<\/strong><\/p><\/blockquote>\n<p><img decoding=\"async\" class=\"alignnone wp-image-12893\" title=\"\u00bfC\u00f3mo hacer la forma del agujero de perforaci\u00f3n para el z\u00f3calo Zhaga?\" src=\"http:\/\/long-join.com\/wp-content\/uploads\/2023\/10\/how-do-drilling-hole-shape-for-zhaga-socket.png\" alt=\"\u00bfC\u00f3mo hacer la forma del agujero de perforaci\u00f3n para el z\u00f3calo Zhaga?\" width=\"657\" height=\"234\" srcset=\"https:\/\/long-join.com\/wp-content\/uploads\/2023\/10\/how-do-drilling-hole-shape-for-zhaga-socket.png 817w, https:\/\/long-join.com\/wp-content\/uploads\/2023\/10\/how-do-drilling-hole-shape-for-zhaga-socket-300x107.png 300w, https:\/\/long-join.com\/wp-content\/uploads\/2023\/10\/how-do-drilling-hole-shape-for-zhaga-socket-768x274.png 768w, https:\/\/long-join.com\/wp-content\/uploads\/2023\/10\/how-do-drilling-hole-shape-for-zhaga-socket-600x214.png 600w\" sizes=\"(max-width: 657px) 100vw, 657px\" \/><\/p>","protected":false},"excerpt":{"rendered":"<p>Los productos de la serie ZHAGA, incluidos el recept\u00e1culo JL-700 y los accesorios, ofrecen una interfaz regulada ZHAGA Book 18 para facilitar el desarrollo de dispositivos est\u00e1ndar utilizados para iluminaci\u00f3n de carreteras, iluminaci\u00f3n de \u00e1reas o iluminaci\u00f3n de ocupaci\u00f3n, etc. Estos dispositivos se pueden ofrecer con protocolo DALI 2.0 (Pin 2-3) o funciones de atenuaci\u00f3n de 0-10 V (a pedido), seg\u00fan la disposici\u00f3n del dispositivo.<\/p>\n<p>Versi\u00f3n UE Calibre de cable Zhaga Socket<br \/>\n\u2013 Puerto 1 (Marr\u00f3n): 24 V CC<br \/>\n\u2013 Puerto 2 (gris): DALI (o protocolo basado en DALI) \u2013 \/tierra com\u00fan<br \/>\n\u2013 Puerto 3 (Azul): DALI (o protocolo basado en DALI) +- Puerto 4 (Negro): E\/S general<\/p>","protected":false},"featured_media":2169,"template":"","meta":{"_acf_changed":false,"_seopress_robots_primary_cat":"none","_seopress_titles_title":"","_seopress_titles_desc":"","_seopress_robots_index":""},"product_brand":[],"product_cat":[28,35,29,49],"product_tag":[65,64],"class_list":{"0":"post-2100","1":"product","2":"type-product","3":"status-publish","4":"has-post-thumbnail","6":"product_cat-our-product","7":"product_cat-photocell-switch-fittings","8":"product_cat-zhaga-series","9":"product_cat-zhaga-socket","10":"product_tag-zhaaga-book18","11":"product_tag-zhaga-secoket","13":"first","14":"instock","15":"shipping-taxable","16":"product-type-simple"},"acf":[],"_links":{"self":[{"href":"https:\/\/long-join.com\/es\/wp-json\/wp\/v2\/product\/2100","targetHints":{"allow":["GET"]}}],"collection":[{"href":"https:\/\/long-join.com\/es\/wp-json\/wp\/v2\/product"}],"about":[{"href":"https:\/\/long-join.com\/es\/wp-json\/wp\/v2\/types\/product"}],"version-history":[{"count":19,"href":"https:\/\/long-join.com\/es\/wp-json\/wp\/v2\/product\/2100\/revisions"}],"predecessor-version":[{"id":13085,"href":"https:\/\/long-join.com\/es\/wp-json\/wp\/v2\/product\/2100\/revisions\/13085"}],"wp:featuredmedia":[{"embeddable":true,"href":"https:\/\/long-join.com\/es\/wp-json\/wp\/v2\/media\/2169"}],"wp:attachment":[{"href":"https:\/\/long-join.com\/es\/wp-json\/wp\/v2\/media?parent=2100"}],"wp:term":[{"taxonomy":"product_brand","embeddable":true,"href":"https:\/\/long-join.com\/es\/wp-json\/wp\/v2\/product_brand?post=2100"},{"taxonomy":"product_cat","embeddable":true,"href":"https:\/\/long-join.com\/es\/wp-json\/wp\/v2\/product_cat?post=2100"},{"taxonomy":"product_tag","embeddable":true,"href":"https:\/\/long-join.com\/es\/wp-json\/wp\/v2\/product_tag?post=2100"}],"curies":[{"name":"wp","href":"https:\/\/api.w.org\/{rel}","templated":true}]}}