{"id":2085,"date":"2023-10-13T17:27:10","date_gmt":"2023-10-13T09:27:10","guid":{"rendered":"https:\/\/long-join.com\/?post_type=product&#038;p=2085"},"modified":"2023-12-15T18:12:50","modified_gmt":"2023-12-15T10:12:50","slug":"sensor-de-luz-de-fotocelula-de-12-v-y-24-v-serie-jl-411-marca-de-union-larga","status":"publish","type":"product","link":"https:\/\/long-join.com\/es\/product\/12v-24v-photocell-light-sensor-jl-411-series-long-join-brand\/","title":{"rendered":"Sensor de luz de fotoc\u00e9lula de 12 V y 24 V Serie JL-411, marca de uni\u00f3n larga"},"content":{"rendered":"<blockquote><p>El fotocontrol JL-411(R) permite controlar autom\u00e1ticamente la iluminaci\u00f3n con voltaje de CC seg\u00fan la iluminaci\u00f3n ambiental. Su versi\u00f3n R incorpora un sensor independiente.<\/p><\/blockquote>\n<blockquote><p>Caracter\u00edstica<\/p><\/blockquote>\n<ol>\n<li>Retardo de tiempo de 10-30 s para la protecci\u00f3n de las luminarias<\/li>\n<li>Controlador de conexi\u00f3n directa por cable serie JL-411<\/li>\n<li>JL-411 (12D\/24D) montaje empotrado en el poste de luz y di\u00e1metro del orificio de perforaci\u00f3n: 20 mm<\/li>\n<li>JL-411 con car\u00e1cter R significa pieza de detecci\u00f3n de tipo dividido, por lo que conserva la est\u00e9tica del poste de luz de la calle.<\/li>\n<\/ol>","protected":false},"excerpt":{"rendered":"<p>1. Modelo del producto: JL-411R-12D<br \/>\n2. Voltaje nominal: 12 V CC<br \/>\n3. Nivel de lux encendido\/apagado: 5-15 Lx encendido, 20-80 Lx apagado<br \/>\n4. Clasificaci\u00f3n IP: IP54<\/p>","protected":false},"featured_media":4572,"template":"","meta":{"_acf_changed":false,"_seopress_robots_primary_cat":"none","_seopress_titles_title":"","_seopress_titles_desc":"","_seopress_robots_index":""},"product_brand":[],"product_cat":[62,33,28,30],"product_tag":[],"class_list":{"0":"post-2085","1":"product","2":"type-product","3":"status-publish","4":"has-post-thumbnail","6":"product_cat-button-photocell","7":"product_cat-direct-electronic-wire-in-controllers","8":"product_cat-our-product","9":"product_cat-wire-in-controllers","11":"first","12":"instock","13":"shipping-taxable","14":"product-type-simple"},"acf":[],"_links":{"self":[{"href":"https:\/\/long-join.com\/es\/wp-json\/wp\/v2\/product\/2085","targetHints":{"allow":["GET"]}}],"collection":[{"href":"https:\/\/long-join.com\/es\/wp-json\/wp\/v2\/product"}],"about":[{"href":"https:\/\/long-join.com\/es\/wp-json\/wp\/v2\/types\/product"}],"version-history":[{"count":1,"href":"https:\/\/long-join.com\/es\/wp-json\/wp\/v2\/product\/2085\/revisions"}],"predecessor-version":[{"id":4566,"href":"https:\/\/long-join.com\/es\/wp-json\/wp\/v2\/product\/2085\/revisions\/4566"}],"wp:featuredmedia":[{"embeddable":true,"href":"https:\/\/long-join.com\/es\/wp-json\/wp\/v2\/media\/4572"}],"wp:attachment":[{"href":"https:\/\/long-join.com\/es\/wp-json\/wp\/v2\/media?parent=2085"}],"wp:term":[{"taxonomy":"product_brand","embeddable":true,"href":"https:\/\/long-join.com\/es\/wp-json\/wp\/v2\/product_brand?post=2085"},{"taxonomy":"product_cat","embeddable":true,"href":"https:\/\/long-join.com\/es\/wp-json\/wp\/v2\/product_cat?post=2085"},{"taxonomy":"product_tag","embeddable":true,"href":"https:\/\/long-join.com\/es\/wp-json\/wp\/v2\/product_tag?post=2085"}],"curies":[{"name":"wp","href":"https:\/\/api.w.org\/{rel}","templated":true}]}}