{"id":2084,"date":"2023-10-13T17:26:22","date_gmt":"2023-10-13T09:26:22","guid":{"rendered":"https:\/\/long-join.com\/?post_type=product&#038;p=2084"},"modified":"2025-07-25T17:57:18","modified_gmt":"2025-07-25T09:57:18","slug":"cable-de-3-lineas-de-120-v-ca-en-sensor-de-fotocelula-marca-longjoin","status":"publish","type":"product","link":"https:\/\/long-join.com\/es\/product\/120vac-3-lines-wire-in-photo-cell-sensor-longjoin-brand\/","title":{"rendered":"Sensor de fotoc\u00e9lula con cable de 3 l\u00edneas y 120 V CA JL-401CR Marca Longjoin"},"content":{"rendered":"<blockquote><p>El fotocontrolador de la serie JL-401 es aplicable para controlar la iluminaci\u00f3n del jard\u00edn, la iluminaci\u00f3n del pasillo y la iluminaci\u00f3n de la puerta autom\u00e1ticamente de acuerdo con el nivel de iluminaci\u00f3n natural ambiental.<\/p><\/blockquote>\n<blockquote><p>Caracter\u00edstica<\/p><\/blockquote>\n<ol>\n<li>Retardo de tiempo de 10-30 s para la protecci\u00f3n de las luminarias<\/li>\n<li>Controlador de conexi\u00f3n directa por cable y piezas de tipo CDS de detecci\u00f3n<\/li>\n<li>Montaje empotrado en el poste de luz y di\u00e1metro del orificio de perforaci\u00f3n: 20 mm<\/li>\n<li>JL-401c con car\u00e1cter R significa pieza de detecci\u00f3n de tipo dividido, por lo que conserva la est\u00e9tica del poste de luz de la calle.<\/li>\n<\/ol>","protected":false},"excerpt":{"rendered":"<p>1. Modelo del producto: JL-401CR<br \/>\n2. Voltaje nominal: 120-277 VCA<br \/>\n3. Nivel de lux encendido\/apagado: 10-20 Lx encendido; 25-35 Lx apagado<br \/>\n4. Clasificaci\u00f3n IP: IP54<br \/>\n5. Est\u00e1ndares compatibles: CE, ROHS, UL<\/p>","protected":false},"featured_media":4564,"template":"","meta":{"_acf_changed":false,"_seopress_robots_primary_cat":"none","_seopress_titles_title":"","_seopress_titles_desc":"","_seopress_robots_index":""},"product_brand":[],"product_cat":[33,28],"product_tag":[],"class_list":{"0":"post-2084","1":"product","2":"type-product","3":"status-publish","4":"has-post-thumbnail","6":"product_cat-direct-electronic-wire-in-controllers","7":"product_cat-our-product","9":"first","10":"instock","11":"shipping-taxable","12":"product-type-simple"},"acf":[],"_links":{"self":[{"href":"https:\/\/long-join.com\/es\/wp-json\/wp\/v2\/product\/2084","targetHints":{"allow":["GET"]}}],"collection":[{"href":"https:\/\/long-join.com\/es\/wp-json\/wp\/v2\/product"}],"about":[{"href":"https:\/\/long-join.com\/es\/wp-json\/wp\/v2\/types\/product"}],"version-history":[{"count":2,"href":"https:\/\/long-join.com\/es\/wp-json\/wp\/v2\/product\/2084\/revisions"}],"predecessor-version":[{"id":14142,"href":"https:\/\/long-join.com\/es\/wp-json\/wp\/v2\/product\/2084\/revisions\/14142"}],"wp:featuredmedia":[{"embeddable":true,"href":"https:\/\/long-join.com\/es\/wp-json\/wp\/v2\/media\/4564"}],"wp:attachment":[{"href":"https:\/\/long-join.com\/es\/wp-json\/wp\/v2\/media?parent=2084"}],"wp:term":[{"taxonomy":"product_brand","embeddable":true,"href":"https:\/\/long-join.com\/es\/wp-json\/wp\/v2\/product_brand?post=2084"},{"taxonomy":"product_cat","embeddable":true,"href":"https:\/\/long-join.com\/es\/wp-json\/wp\/v2\/product_cat?post=2084"},{"taxonomy":"product_tag","embeddable":true,"href":"https:\/\/long-join.com\/es\/wp-json\/wp\/v2\/product_tag?post=2084"}],"curies":[{"name":"wp","href":"https:\/\/api.w.org\/{rel}","templated":true}]}}