{"id":2083,"date":"2023-10-13T17:24:58","date_gmt":"2023-10-13T09:24:58","guid":{"rendered":"https:\/\/long-join.com\/?post_type=product&#038;p=2083"},"modified":"2025-07-25T17:53:51","modified_gmt":"2025-07-25T09:53:51","slug":"interruptor-de-fotocelula-de-boton-de-3-vias-120-v-ca","status":"publish","type":"product","link":"https:\/\/long-join.com\/es\/product\/3-way-button-photocell-switch-120vac\/","title":{"rendered":"Interruptor de fotoc\u00e9lula de bot\u00f3n de 3 v\u00edas 120 V CA JL-401c"},"content":{"rendered":"<blockquote><p>El fotocontrolador de la serie JL-401 es aplicable para controlar la iluminaci\u00f3n del jard\u00edn, la iluminaci\u00f3n del pasillo y la iluminaci\u00f3n de la puerta autom\u00e1ticamente de acuerdo con el nivel de iluminaci\u00f3n natural ambiental.<\/p><\/blockquote>\n<blockquote><p>Caracter\u00edstica<\/p><\/blockquote>\n<ol>\n<li>Retardo de tiempo de 10-30 s para la protecci\u00f3n de las luminarias<\/li>\n<li>Controlador de conexi\u00f3n directa por cable para conectar la l\u00e1mpara<\/li>\n<li>Montaje empotrado en el poste de luz y di\u00e1metro del orificio de perforaci\u00f3n: 20 mm<\/li>\n<\/ol>","protected":false},"excerpt":{"rendered":"<p>1. Modelo del producto: JL-401C<br \/>\n2. Voltaje nominal: 120-277 VCA<br \/>\n3. Nivel de lux encendido\/apagado: 10-20 Lx encendido; 25-35 Lx apagado<br \/>\n4. Clasificaci\u00f3n IP: IP54<br \/>\n5. Est\u00e1ndares compatibles: CE, ROHS, UL<\/p>","protected":false},"featured_media":4552,"template":"","meta":{"_acf_changed":false,"_seopress_robots_primary_cat":"none","_seopress_titles_title":"","_seopress_titles_desc":"","_seopress_robots_index":""},"product_brand":[],"product_cat":[62,33,28,30],"product_tag":[],"class_list":{"0":"post-2083","1":"product","2":"type-product","3":"status-publish","4":"has-post-thumbnail","6":"product_cat-button-photocell","7":"product_cat-direct-electronic-wire-in-controllers","8":"product_cat-our-product","9":"product_cat-wire-in-controllers","11":"first","12":"instock","13":"shipping-taxable","14":"product-type-simple"},"acf":[],"_links":{"self":[{"href":"https:\/\/long-join.com\/es\/wp-json\/wp\/v2\/product\/2083","targetHints":{"allow":["GET"]}}],"collection":[{"href":"https:\/\/long-join.com\/es\/wp-json\/wp\/v2\/product"}],"about":[{"href":"https:\/\/long-join.com\/es\/wp-json\/wp\/v2\/types\/product"}],"version-history":[{"count":3,"href":"https:\/\/long-join.com\/es\/wp-json\/wp\/v2\/product\/2083\/revisions"}],"predecessor-version":[{"id":14141,"href":"https:\/\/long-join.com\/es\/wp-json\/wp\/v2\/product\/2083\/revisions\/14141"}],"wp:featuredmedia":[{"embeddable":true,"href":"https:\/\/long-join.com\/es\/wp-json\/wp\/v2\/media\/4552"}],"wp:attachment":[{"href":"https:\/\/long-join.com\/es\/wp-json\/wp\/v2\/media?parent=2083"}],"wp:term":[{"taxonomy":"product_brand","embeddable":true,"href":"https:\/\/long-join.com\/es\/wp-json\/wp\/v2\/product_brand?post=2083"},{"taxonomy":"product_cat","embeddable":true,"href":"https:\/\/long-join.com\/es\/wp-json\/wp\/v2\/product_cat?post=2083"},{"taxonomy":"product_tag","embeddable":true,"href":"https:\/\/long-join.com\/es\/wp-json\/wp\/v2\/product_tag?post=2083"}],"curies":[{"name":"wp","href":"https:\/\/api.w.org\/{rel}","templated":true}]}}