{"id":2076,"date":"2023-10-13T17:09:24","date_gmt":"2023-10-13T09:09:24","guid":{"rendered":"https:\/\/long-join.com\/?post_type=product&#038;p=2076"},"modified":"2024-10-24T14:01:17","modified_gmt":"2024-10-24T06:01:17","slug":"base-de-controlador-inteligente-nema-ansi-c36-41-de-7-pines-jl-241j","status":"publish","type":"product","link":"https:\/\/long-join.com\/es\/product\/nema-ansi-c36-41-7-pin-smart-controller-base-jl-241j\/","title":{"rendered":"Base de controlador inteligente NEMA\/ANSI C36.41 de 7 pines JL-241J"},"content":{"rendered":"<blockquote><p>Estos accesorios de la serie de controladores de luz se utilizan para futuros conjuntos de control de luz inteligente, como la base JL-241J, la base del m\u00f3dulo de interfaz YS800076 y NEMA (recept\u00e1culo de 3 pines, recept\u00e1culo de 5 pines, recept\u00e1culo de 7), especialmente la base de 7 pines en el controlador de fotoc\u00e9lula inteligente para el programa de farolas LED municipales inal\u00e1mbricas es agradable y popular. Adem\u00e1s, son conjuntos de unidades de control de desarrollo integrados en el m\u00f3dulo base, este circuito de control como integrado con fuente de alimentaci\u00f3n de CA\/CC, protecci\u00f3n contra sobretensiones, rel\u00e9 con control de conmutaci\u00f3n, configuraci\u00f3n de diferentes modos de modulaci\u00f3n.<\/p><\/blockquote>\n<p><img fetchpriority=\"high\" decoding=\"async\" class=\"wp-image-4664 size-full aligncenter\" src=\"http:\/\/long-join.com\/wp-content\/uploads\/2023\/10\/JL-241J-base-photocell8.jpg\" alt=\"\" width=\"930\" height=\"412\" srcset=\"https:\/\/long-join.com\/wp-content\/uploads\/2023\/10\/JL-241J-base-photocell8.jpg 930w, https:\/\/long-join.com\/wp-content\/uploads\/2023\/10\/JL-241J-base-photocell8-300x133.jpg 300w, https:\/\/long-join.com\/wp-content\/uploads\/2023\/10\/JL-241J-base-photocell8-768x340.jpg 768w, https:\/\/long-join.com\/wp-content\/uploads\/2023\/10\/JL-241J-base-photocell8-600x266.jpg 600w\" sizes=\"(max-width: 930px) 100vw, 930px\" \/><\/p>\n<blockquote><p>Por eso, un conjunto perfecto de componentes para controladores inteligentes incluye componentes de control de sensor de fotoc\u00e9lula LONG-JOIN y unidades centrales de control avanzadas para garantizar que el producto final alcance sus objetivos y cumpla con los est\u00e1ndares de la industria. \u00bfPor qu\u00e9 elegirnos como proveedores de accesorios de iluminaci\u00f3n? Nuestros componentes de control de sensor de fotoc\u00e9lula est\u00e1n dise\u00f1ados para ofrecer un rendimiento preciso y confiable, garantizando que su producto final cumpla con los m\u00e1s altos est\u00e1ndares de calidad de ingenier\u00eda. Al elegir componentes de fotoc\u00e9lula Long-Join, puede estar seguro de invertir en una soluci\u00f3n que le ayudar\u00e1 a alcanzar sus objetivos y superar las expectativas de sus clientes.<\/p><\/blockquote>\n<blockquote><p>Caracter\u00edsticas<\/p><\/blockquote>\n<ul>\n<li>Es compatible con el est\u00e1ndar de interfaz ANSI C 36.41<\/li>\n<li>\u00a0Certificado UL<\/li>\n<li>Material b\u00e1sico: PBT, estabilizador UV a\u00f1adido, clasificaci\u00f3n de llama UL94V-0<\/li>\n<li>junta t\u00f3rica de silicona<\/li>\n<li>Voltaje de fuente de alimentaci\u00f3n CA\/CC &lt;=30 V m\u00e1x.<\/li>\n<li>4 contactos de se\u00f1al de hoja de resorte (0-10v y atenuaci\u00f3n Dali)<\/li>\n<\/ul>","protected":false},"excerpt":{"rendered":"<p>1. Modelo del producto: JL-241J<br \/>\n2. Material: PBT<br \/>\n3. Junta t\u00f3rica de goma impermeable<br \/>\n4. Est\u00e1ndar: UL, Cul<\/p>","protected":false},"featured_media":4657,"template":"","meta":{"_acf_changed":false,"_seopress_robots_primary_cat":"none","_seopress_titles_title":"","_seopress_titles_desc":"","_seopress_robots_index":""},"product_brand":[],"product_cat":[28,35],"product_tag":[],"class_list":{"0":"post-2076","1":"product","2":"type-product","3":"status-publish","4":"has-post-thumbnail","6":"product_cat-our-product","7":"product_cat-photocell-switch-fittings","9":"first","10":"instock","11":"shipping-taxable","12":"product-type-simple"},"acf":[],"_links":{"self":[{"href":"https:\/\/long-join.com\/es\/wp-json\/wp\/v2\/product\/2076","targetHints":{"allow":["GET"]}}],"collection":[{"href":"https:\/\/long-join.com\/es\/wp-json\/wp\/v2\/product"}],"about":[{"href":"https:\/\/long-join.com\/es\/wp-json\/wp\/v2\/types\/product"}],"version-history":[{"count":0,"href":"https:\/\/long-join.com\/es\/wp-json\/wp\/v2\/product\/2076\/revisions"}],"wp:featuredmedia":[{"embeddable":true,"href":"https:\/\/long-join.com\/es\/wp-json\/wp\/v2\/media\/4657"}],"wp:attachment":[{"href":"https:\/\/long-join.com\/es\/wp-json\/wp\/v2\/media?parent=2076"}],"wp:term":[{"taxonomy":"product_brand","embeddable":true,"href":"https:\/\/long-join.com\/es\/wp-json\/wp\/v2\/product_brand?post=2076"},{"taxonomy":"product_cat","embeddable":true,"href":"https:\/\/long-join.com\/es\/wp-json\/wp\/v2\/product_cat?post=2076"},{"taxonomy":"product_tag","embeddable":true,"href":"https:\/\/long-join.com\/es\/wp-json\/wp\/v2\/product_tag?post=2076"}],"curies":[{"name":"wp","href":"https:\/\/api.w.org\/{rel}","templated":true}]}}