{"id":2075,"date":"2023-10-13T17:08:51","date_gmt":"2023-10-13T09:08:51","guid":{"rendered":"https:\/\/long-join.com\/?post_type=product&#038;p=2075"},"modified":"2023-12-20T14:11:52","modified_gmt":"2023-12-20T06:11:52","slug":"portalamparas-e26-e27-con-fotocelula-jl-303a","status":"publish","type":"product","link":"https:\/\/long-join.com\/es\/product\/e26-e27-bulb-holder-with-photocell-jl-303a\/","title":{"rendered":"Portal\u00e1mparas E26\/E27 con fotoc\u00e9lula JL-303A"},"content":{"rendered":"<blockquote><p>El control del portal\u00e1mparas serie JL-303 es aplicable para controlar la iluminaci\u00f3n del jard\u00edn, la iluminaci\u00f3n de pasillos y la iluminaci\u00f3n de puertas autom\u00e1ticamente de acuerdo con el nivel de iluminaci\u00f3n natural ambiental.<\/p><\/blockquote>\n<blockquote><p>Caracter\u00edstica<\/p><\/blockquote>\n<ol>\n<li>El portal\u00e1mparas JL-303 es el que mejor se recomienda para trabajar con bombillas de tungsteno. <strong>Admite bombillas CFL y LED.<\/strong><\/li>\n<li>Configuraci\u00f3n r\u00e1pida, sin herramientas y sin necesidad de cableado.<\/li>\n<li>portal\u00e1mparas con tapa de regulaci\u00f3n<\/li>\n<li>Portal\u00e1mparas serie 303 con fotoc\u00e9lula, es una tapa de regulaci\u00f3n adicional con Extra\u00edble e instalable.<\/li>\n<\/ol>","protected":false},"excerpt":{"rendered":"<p>1. Modelo del producto: JL-303A<br \/>\n2. Voltaje nominal: 100-120 VCA<br \/>\n3. Nivel de lux encendido\/apagado: 10-20 Lx encendido; 30-60 Lx apagado<br \/>\n4. Est\u00e1ndares compatibles: CE, ROHS, UL<\/p>","protected":false},"featured_media":4635,"template":"","meta":{"_acf_changed":false,"_seopress_robots_primary_cat":"none","_seopress_titles_title":"","_seopress_titles_desc":"","_seopress_robots_index":""},"product_brand":[],"product_cat":[34,28],"product_tag":[],"class_list":{"0":"post-2075","1":"product","2":"type-product","3":"status-publish","4":"has-post-thumbnail","6":"product_cat-bulb-holder-controllers","7":"product_cat-our-product","9":"first","10":"instock","11":"shipping-taxable","12":"product-type-simple"},"acf":[],"_links":{"self":[{"href":"https:\/\/long-join.com\/es\/wp-json\/wp\/v2\/product\/2075","targetHints":{"allow":["GET"]}}],"collection":[{"href":"https:\/\/long-join.com\/es\/wp-json\/wp\/v2\/product"}],"about":[{"href":"https:\/\/long-join.com\/es\/wp-json\/wp\/v2\/types\/product"}],"version-history":[{"count":1,"href":"https:\/\/long-join.com\/es\/wp-json\/wp\/v2\/product\/2075\/revisions"}],"predecessor-version":[{"id":4629,"href":"https:\/\/long-join.com\/es\/wp-json\/wp\/v2\/product\/2075\/revisions\/4629"}],"wp:featuredmedia":[{"embeddable":true,"href":"https:\/\/long-join.com\/es\/wp-json\/wp\/v2\/media\/4635"}],"wp:attachment":[{"href":"https:\/\/long-join.com\/es\/wp-json\/wp\/v2\/media?parent=2075"}],"wp:term":[{"taxonomy":"product_brand","embeddable":true,"href":"https:\/\/long-join.com\/es\/wp-json\/wp\/v2\/product_brand?post=2075"},{"taxonomy":"product_cat","embeddable":true,"href":"https:\/\/long-join.com\/es\/wp-json\/wp\/v2\/product_cat?post=2075"},{"taxonomy":"product_tag","embeddable":true,"href":"https:\/\/long-join.com\/es\/wp-json\/wp\/v2\/product_tag?post=2075"}],"curies":[{"name":"wp","href":"https:\/\/api.w.org\/{rel}","templated":true}]}}