{"id":2073,"date":"2023-10-13T17:07:25","date_gmt":"2023-10-13T09:07:25","guid":{"rendered":"https:\/\/long-join.com\/?post_type=product&#038;p=2073"},"modified":"2023-12-20T11:21:08","modified_gmt":"2023-12-20T03:21:08","slug":"portalamparas-e26-e27-con-fotocelula-jl-301a","status":"publish","type":"product","link":"https:\/\/long-join.com\/es\/product\/e26-e27-lamp-holder-with-photocell-jl-301a\/","title":{"rendered":"Portal\u00e1mparas E26\/E27 con fotoc\u00e9lula JL-301A"},"content":{"rendered":"<blockquote><p>El control del portal\u00e1mparas de la serie JL-301A es aplicable para controlar la iluminaci\u00f3n del jard\u00edn, la iluminaci\u00f3n de pasillos y la iluminaci\u00f3n de puertas autom\u00e1ticamente de acuerdo con el nivel de iluminaci\u00f3n natural ambiental.<\/p><\/blockquote>\n<blockquote><p>Caracter\u00edstica<\/p><\/blockquote>\n<ol>\n<li style=\"list-style-type: none;\">\n<ol>\n<li>Se recomienda que el modelo JL-301A funcione con una bombilla de tungsteno.<\/li>\n<li>Configuraci\u00f3n r\u00e1pida, sin herramientas y sin necesidad de cableado.<\/li>\n<li>Tanto JL-302 como JL-303 son series ambas aplicables a bombillas CFL o LED.<\/li>\n<\/ol>\n<\/li>\n<\/ol>","protected":false},"excerpt":{"rendered":"<p>1. Modelo del producto: JL-301A<br \/>\n2. Voltaje nominal: 120 VCA<br \/>\n3. Nivel de lux de encendido\/apagado: 20-40LX<br \/>\n4. Est\u00e1ndares compatibles: CE, ROHS, UL<\/p>","protected":false},"featured_media":4615,"template":"","meta":{"_acf_changed":false,"_seopress_robots_primary_cat":"none","_seopress_titles_title":"","_seopress_titles_desc":"","_seopress_robots_index":""},"product_brand":[],"product_cat":[34,28],"product_tag":[],"class_list":{"0":"post-2073","1":"product","2":"type-product","3":"status-publish","4":"has-post-thumbnail","6":"product_cat-bulb-holder-controllers","7":"product_cat-our-product","9":"first","10":"instock","11":"shipping-taxable","12":"product-type-simple"},"acf":[],"_links":{"self":[{"href":"https:\/\/long-join.com\/es\/wp-json\/wp\/v2\/product\/2073","targetHints":{"allow":["GET"]}}],"collection":[{"href":"https:\/\/long-join.com\/es\/wp-json\/wp\/v2\/product"}],"about":[{"href":"https:\/\/long-join.com\/es\/wp-json\/wp\/v2\/types\/product"}],"version-history":[{"count":1,"href":"https:\/\/long-join.com\/es\/wp-json\/wp\/v2\/product\/2073\/revisions"}],"predecessor-version":[{"id":4610,"href":"https:\/\/long-join.com\/es\/wp-json\/wp\/v2\/product\/2073\/revisions\/4610"}],"wp:featuredmedia":[{"embeddable":true,"href":"https:\/\/long-join.com\/es\/wp-json\/wp\/v2\/media\/4615"}],"wp:attachment":[{"href":"https:\/\/long-join.com\/es\/wp-json\/wp\/v2\/media?parent=2073"}],"wp:term":[{"taxonomy":"product_brand","embeddable":true,"href":"https:\/\/long-join.com\/es\/wp-json\/wp\/v2\/product_brand?post=2073"},{"taxonomy":"product_cat","embeddable":true,"href":"https:\/\/long-join.com\/es\/wp-json\/wp\/v2\/product_cat?post=2073"},{"taxonomy":"product_tag","embeddable":true,"href":"https:\/\/long-join.com\/es\/wp-json\/wp\/v2\/product_tag?post=2073"}],"curies":[{"name":"wp","href":"https:\/\/api.w.org\/{rel}","templated":true}]}}