{"id":2054,"date":"2023-10-13T16:27:04","date_gmt":"2023-10-13T08:27:04","guid":{"rendered":"https:\/\/long-join.com\/?post_type=product&#038;p=2054"},"modified":"2023-12-14T14:39:03","modified_gmt":"2023-12-14T06:39:03","slug":"fotocelula-omnidireccional-con-bloqueo-giratorio-bs5972-de-120-v-ca","status":"publish","type":"product","link":"https:\/\/long-join.com\/es\/product\/bs5972-omni-directional-twist-lock-photocell-120vac\/","title":{"rendered":"Fotoc\u00e9lula omnidireccional con bloqueo giratorio BS5972 de 120 V CA"},"content":{"rendered":"<blockquote><p>La serie PECU JL-224 es aplicable para controlar el alumbrado p\u00fablico, la iluminaci\u00f3n de jardines, la iluminaci\u00f3n de pasillos y la iluminaci\u00f3n de puertas autom\u00e1ticamente de acuerdo con el nivel de iluminaci\u00f3n natural ambiental. Aqu\u00ed ofrecemos accesorios de unidad de control electr\u00f3nico de fotoc\u00e9lula (PECU) JL-210K con enchufe tipo montaje en pared.<\/p><\/blockquote>\n<blockquote><p>Caracter\u00edstica<\/p><\/blockquote>\n<ol>\n<li>Controlador de iluminaci\u00f3n est\u00e1ndar de la UE JL-214B, JL-224B<\/li>\n<li>Aqu\u00ed ambos cumplen con la norma BS5972 y est\u00e1n listados por UKCA.<\/li>\n<li>Encender\/apagar nivel lux: Encendido&lt;20lx, apagado&gt;80lx<\/li>\n<li>Tipo de modo de trabajo del controlador EPCU: Apagado por fallo<\/li>\n<li>Multivoltios disponibles desde 120-277 VCA hasta 220-240 VCA<\/li>\n<li>Pararrayos incorporado<\/li>\n<\/ol>","protected":false},"excerpt":{"rendered":"<p>1. Modelo del producto: JL-224B<br \/>\n2. Voltaje nominal: 220-240 VCA<br \/>\n5. Serie de controladores PECU<\/p>","protected":false},"featured_media":4537,"template":"","meta":{"_acf_changed":false,"_seopress_robots_primary_cat":"none","_seopress_titles_title":"","_seopress_titles_desc":"","_seopress_robots_index":""},"product_brand":[],"product_cat":[28,32],"product_tag":[],"class_list":{"0":"post-2054","1":"product","2":"type-product","3":"status-publish","4":"has-post-thumbnail","6":"product_cat-our-product","7":"product_cat-twist-lock-photocell-sensors","9":"first","10":"instock","11":"shipping-taxable","12":"product-type-simple"},"acf":[],"_links":{"self":[{"href":"https:\/\/long-join.com\/es\/wp-json\/wp\/v2\/product\/2054","targetHints":{"allow":["GET"]}}],"collection":[{"href":"https:\/\/long-join.com\/es\/wp-json\/wp\/v2\/product"}],"about":[{"href":"https:\/\/long-join.com\/es\/wp-json\/wp\/v2\/types\/product"}],"version-history":[{"count":0,"href":"https:\/\/long-join.com\/es\/wp-json\/wp\/v2\/product\/2054\/revisions"}],"wp:featuredmedia":[{"embeddable":true,"href":"https:\/\/long-join.com\/es\/wp-json\/wp\/v2\/media\/4537"}],"wp:attachment":[{"href":"https:\/\/long-join.com\/es\/wp-json\/wp\/v2\/media?parent=2054"}],"wp:term":[{"taxonomy":"product_brand","embeddable":true,"href":"https:\/\/long-join.com\/es\/wp-json\/wp\/v2\/product_brand?post=2054"},{"taxonomy":"product_cat","embeddable":true,"href":"https:\/\/long-join.com\/es\/wp-json\/wp\/v2\/product_cat?post=2054"},{"taxonomy":"product_tag","embeddable":true,"href":"https:\/\/long-join.com\/es\/wp-json\/wp\/v2\/product_tag?post=2054"}],"curies":[{"name":"wp","href":"https:\/\/api.w.org\/{rel}","templated":true}]}}