{"id":2039,"date":"2023-10-13T15:59:30","date_gmt":"2023-10-13T07:59:30","guid":{"rendered":"https:\/\/long-join.com\/?post_type=product&#038;p=2039"},"modified":"2025-08-27T17:50:11","modified_gmt":"2025-08-27T09:50:11","slug":"bloqueo-giratorio-ansi-c136-10-jl-206c-modo-de-falla-120-277-v-ca","status":"publish","type":"product","link":"https:\/\/long-join.com\/es\/product\/ansi-c136-10-twist-lock-jl-206c-fail-on-mode-120-277vac\/","title":{"rendered":"ANSI C136.10 Bloqueo giratorio JL-206C Modo de falla 120-277 V CA"},"content":{"rendered":"<blockquote><p>La serie de fotocontrol JL-206 es aplicable para controlar el alumbrado p\u00fablico, la iluminaci\u00f3n de jardines, la iluminaci\u00f3n de pasillos y la iluminaci\u00f3n de puertas de forma autom\u00e1tica de acuerdo con el nivel de iluminaci\u00f3n natural ambiental, ahorrando energ\u00eda.<\/p><\/blockquote>\n<blockquote><p>Este producto est\u00e1 dise\u00f1ado con circuitos de microprocesador con fototransistor con filtro IR y se proporciona un protector contra sobretensiones (MOV).<\/p><\/blockquote>","protected":false},"excerpt":{"rendered":"<p>1. Modelo del producto: JL-206C<br \/>\n2. Voltaje nominal: 110-277 VCA<br \/>\n3. Nivel de lux encendido\/apagado: 24 Lx encendido, 16 Lx apagado<br \/>\n4. Movimiento incorporado<br \/>\n5. Clasificaci\u00f3n IP: IP54, IP65, IP67<br \/>\n6. Est\u00e1ndares compatibles: CE, ROHS, UL<\/p>","protected":false},"featured_media":3465,"template":"","meta":{"_acf_changed":false,"_seopress_robots_primary_cat":"none","_seopress_titles_title":"","_seopress_titles_desc":"","_seopress_robots_index":""},"product_brand":[],"product_cat":[28,55],"product_tag":[],"class_list":{"0":"post-2039","1":"product","2":"type-product","3":"status-publish","4":"has-post-thumbnail","6":"product_cat-our-product","7":"product_cat-twist-lock-photocontrollers","9":"first","10":"instock","11":"shipping-taxable","12":"product-type-simple"},"acf":[],"_links":{"self":[{"href":"https:\/\/long-join.com\/es\/wp-json\/wp\/v2\/product\/2039","targetHints":{"allow":["GET"]}}],"collection":[{"href":"https:\/\/long-join.com\/es\/wp-json\/wp\/v2\/product"}],"about":[{"href":"https:\/\/long-join.com\/es\/wp-json\/wp\/v2\/types\/product"}],"version-history":[{"count":3,"href":"https:\/\/long-join.com\/es\/wp-json\/wp\/v2\/product\/2039\/revisions"}],"predecessor-version":[{"id":14689,"href":"https:\/\/long-join.com\/es\/wp-json\/wp\/v2\/product\/2039\/revisions\/14689"}],"wp:featuredmedia":[{"embeddable":true,"href":"https:\/\/long-join.com\/es\/wp-json\/wp\/v2\/media\/3465"}],"wp:attachment":[{"href":"https:\/\/long-join.com\/es\/wp-json\/wp\/v2\/media?parent=2039"}],"wp:term":[{"taxonomy":"product_brand","embeddable":true,"href":"https:\/\/long-join.com\/es\/wp-json\/wp\/v2\/product_brand?post=2039"},{"taxonomy":"product_cat","embeddable":true,"href":"https:\/\/long-join.com\/es\/wp-json\/wp\/v2\/product_cat?post=2039"},{"taxonomy":"product_tag","embeddable":true,"href":"https:\/\/long-join.com\/es\/wp-json\/wp\/v2\/product_tag?post=2039"}],"curies":[{"name":"wp","href":"https:\/\/api.w.org\/{rel}","templated":true}]}}