{"id":2038,"date":"2023-10-13T15:59:04","date_gmt":"2023-10-13T07:59:04","guid":{"rendered":"https:\/\/long-join.com\/?post_type=product&#038;p=2038"},"modified":"2024-03-18T12:34:32","modified_gmt":"2024-03-18T04:34:32","slug":"fotocontrol-con-bloqueo-giratorio-ansi-c136-10-de-3-pines-jl-215c","status":"publish","type":"product","link":"https:\/\/long-join.com\/es\/product\/ansi-c136-10-twist-lock-photocontrol-3-pin-jl-215c\/","title":{"rendered":"Fotocontrol con bloqueo giratorio ANSI C136.10 de 3 pines JL-215C"},"content":{"rendered":"<blockquote><p>El fotocontrol JL-215C es aplicable para controlar el alumbrado p\u00fablico, la iluminaci\u00f3n de jardines, la iluminaci\u00f3n de pasillos y la iluminaci\u00f3n de puertas de forma autom\u00e1tica de acuerdo con el nivel de iluminaci\u00f3n natural ambiental.<\/p><\/blockquote>\n<blockquote><p>Este producto est\u00e1 dise\u00f1ado con circuitos electr\u00f3nicos que incluyen un fototransistor y un descargador de sobretensiones (MOV). En particular, el modelo JL-215C ofrece un rendimiento de factor de potencia mucho mejor que la serie JL-215.<\/p><\/blockquote>","protected":false},"excerpt":{"rendered":"<p>1. Modelo del producto: JL-215C<br \/>\n2. Voltaje nominal: 110-277 V CA<br \/>\n3. Nivel de lux de encendido\/apagado: 10-30Lx, 30-40Lx<br \/>\n4. Clasificaci\u00f3n IP: IP54, IP65, IP67<br \/>\n5. Est\u00e1ndares compatibles: CE, ROHS, UL<\/p>","protected":false},"featured_media":3461,"template":"","meta":{"_acf_changed":false,"_seopress_robots_primary_cat":"none","_seopress_titles_title":"","_seopress_titles_desc":"","_seopress_robots_index":""},"product_brand":[],"product_cat":[28,55],"product_tag":[],"class_list":{"0":"post-2038","1":"product","2":"type-product","3":"status-publish","4":"has-post-thumbnail","6":"product_cat-our-product","7":"product_cat-twist-lock-photocontrollers","9":"first","10":"instock","11":"shipping-taxable","12":"product-type-simple"},"acf":[],"_links":{"self":[{"href":"https:\/\/long-join.com\/es\/wp-json\/wp\/v2\/product\/2038","targetHints":{"allow":["GET"]}}],"collection":[{"href":"https:\/\/long-join.com\/es\/wp-json\/wp\/v2\/product"}],"about":[{"href":"https:\/\/long-join.com\/es\/wp-json\/wp\/v2\/types\/product"}],"version-history":[{"count":0,"href":"https:\/\/long-join.com\/es\/wp-json\/wp\/v2\/product\/2038\/revisions"}],"wp:featuredmedia":[{"embeddable":true,"href":"https:\/\/long-join.com\/es\/wp-json\/wp\/v2\/media\/3461"}],"wp:attachment":[{"href":"https:\/\/long-join.com\/es\/wp-json\/wp\/v2\/media?parent=2038"}],"wp:term":[{"taxonomy":"product_brand","embeddable":true,"href":"https:\/\/long-join.com\/es\/wp-json\/wp\/v2\/product_brand?post=2038"},{"taxonomy":"product_cat","embeddable":true,"href":"https:\/\/long-join.com\/es\/wp-json\/wp\/v2\/product_cat?post=2038"},{"taxonomy":"product_tag","embeddable":true,"href":"https:\/\/long-join.com\/es\/wp-json\/wp\/v2\/product_tag?post=2038"}],"curies":[{"name":"wp","href":"https:\/\/api.w.org\/{rel}","templated":true}]}}