{"id":2037,"date":"2023-10-13T15:58:22","date_gmt":"2023-10-13T07:58:22","guid":{"rendered":"https:\/\/long-join.com\/?post_type=product&#038;p=2037"},"modified":"2023-11-14T17:45:06","modified_gmt":"2023-11-14T09:45:06","slug":"bloqueo-giratorio-de-union-larga-con-fotocontrol-jl-205c","status":"publish","type":"product","link":"https:\/\/long-join.com\/es\/product\/long-join-twsit-lock-photocontrol-jl-205c\/","title":{"rendered":"Fotocontrol de bloqueo giratorio de uni\u00f3n larga JL-205C"},"content":{"rendered":"<p>El fotocontrol JL-205C es aplicable para controlar el alumbrado p\u00fablico, la iluminaci\u00f3n de jardines, la iluminaci\u00f3n de pasillos y la iluminaci\u00f3n de puertas de forma autom\u00e1tica de acuerdo con el nivel de iluminaci\u00f3n natural ambiental.<\/p>\n<ul>\n<li>* Puede elegir diferentes series de controladores de bajo voltaje, como 12 V y 24 V.<\/li>\n<li>* Otras series de voltaje amplio: JL-205B (220-240 VCA), JL-205C (110-277 VCA), JL-205A (110-120 VCA).<\/li>\n<\/ul>","protected":false},"excerpt":{"rendered":"<p>1. Modelo del producto: JL-205C<br \/>\n2. Voltaje nominal: 110-277 VCA<br \/>\n3. Nivel de lux encendido\/apagado: 6 Lx encendido; 50 Lx apagado<br \/>\n4. Clasificaci\u00f3n IP: IP54, IP65, IP67<br \/>\n5. Est\u00e1ndares compatibles: CE, ROHS, UL<\/p>","protected":false},"featured_media":3449,"template":"","meta":{"_acf_changed":false,"_seopress_robots_primary_cat":"none","_seopress_titles_title":"","_seopress_titles_desc":"","_seopress_robots_index":""},"product_brand":[],"product_cat":[28,55],"product_tag":[],"class_list":{"0":"post-2037","1":"product","2":"type-product","3":"status-publish","4":"has-post-thumbnail","6":"product_cat-our-product","7":"product_cat-twist-lock-photocontrollers","9":"first","10":"instock","11":"shipping-taxable","12":"product-type-simple"},"acf":[],"_links":{"self":[{"href":"https:\/\/long-join.com\/es\/wp-json\/wp\/v2\/product\/2037","targetHints":{"allow":["GET"]}}],"collection":[{"href":"https:\/\/long-join.com\/es\/wp-json\/wp\/v2\/product"}],"about":[{"href":"https:\/\/long-join.com\/es\/wp-json\/wp\/v2\/types\/product"}],"version-history":[{"count":1,"href":"https:\/\/long-join.com\/es\/wp-json\/wp\/v2\/product\/2037\/revisions"}],"predecessor-version":[{"id":3444,"href":"https:\/\/long-join.com\/es\/wp-json\/wp\/v2\/product\/2037\/revisions\/3444"}],"wp:featuredmedia":[{"embeddable":true,"href":"https:\/\/long-join.com\/es\/wp-json\/wp\/v2\/media\/3449"}],"wp:attachment":[{"href":"https:\/\/long-join.com\/es\/wp-json\/wp\/v2\/media?parent=2037"}],"wp:term":[{"taxonomy":"product_brand","embeddable":true,"href":"https:\/\/long-join.com\/es\/wp-json\/wp\/v2\/product_brand?post=2037"},{"taxonomy":"product_cat","embeddable":true,"href":"https:\/\/long-join.com\/es\/wp-json\/wp\/v2\/product_cat?post=2037"},{"taxonomy":"product_tag","embeddable":true,"href":"https:\/\/long-join.com\/es\/wp-json\/wp\/v2\/product_tag?post=2037"}],"curies":[{"name":"wp","href":"https:\/\/api.w.org\/{rel}","templated":true}]}}