{"id":2031,"date":"2023-10-13T15:37:40","date_gmt":"2023-10-13T07:37:40","guid":{"rendered":"https:\/\/long-join.com\/?post_type=product&#038;p=2031"},"modified":"2025-08-07T17:44:51","modified_gmt":"2025-08-07T09:44:51","slug":"interruptor-de-fotocelula-de-vastago-jl-116a-para-trabajo-pesado-de-hasta-2000-va","status":"publish","type":"product","link":"https:\/\/long-join.com\/es\/product\/heavy-duty-up-to-2000va-stem-photocell-switch-jl-116a\/","title":{"rendered":"Interruptor de fotoc\u00e9lula de v\u00e1stago para trabajo pesado de hasta 2000 VA JL-116A"},"content":{"rendered":"<blockquote><p>El fotocontrol JL-116 es aplicable para controlar la iluminaci\u00f3n de pasos y de puertas autom\u00e1ticamente de acuerdo con el nivel de iluminaci\u00f3n ambiental.<\/p><\/blockquote>\n<blockquote><p>Es conveniente para el ajuste de direcci\u00f3n despu\u00e9s de la instalaci\u00f3n una vez que se aplica un eslab\u00f3n giratorio adicional.<\/p><\/blockquote>\n<blockquote><p>Caracter\u00edstica<\/p><\/blockquote>\n<ol>\n<li>Soporte de piezas giratorias, y este deslizador de metal se desliza para ajustar el valor de sensibilidad a la luz lux.<\/li>\n<li>Cabezal giratorio adicional disponible (JL-116V)<\/li>\n<li>Rosca de tornillo (NPT 1\/2\u2033) y tuerca de aleaci\u00f3n de zinc;<\/li>\n<li>Retardo de tiempo de 30 a 120 s<\/li>\n<li>Trabajo pesado hasta 2000 VA<\/li>\n<\/ol>","protected":false},"excerpt":{"rendered":"<p>1. Modelo del producto: JL-116A<br \/>\n2. Nivel de lux de encendido\/apagado: 10-20Lx, 30-60Lx<br \/>\n3. Clasificaci\u00f3n IP: IP54<br \/>\n4. Carga nominal: 2000 W<br \/>\n5. Est\u00e1ndares compatibles: CE, ROHS, UL<\/p>","protected":false},"featured_media":4423,"template":"","meta":{"_acf_changed":false,"_seopress_robots_primary_cat":"none","_seopress_titles_title":"","_seopress_titles_desc":"","_seopress_robots_index":""},"product_brand":[],"product_cat":[28,30],"product_tag":[],"class_list":{"0":"post-2031","1":"product","2":"type-product","3":"status-publish","4":"has-post-thumbnail","6":"product_cat-our-product","7":"product_cat-wire-in-controllers","9":"first","10":"instock","11":"shipping-taxable","12":"product-type-simple"},"acf":[],"_links":{"self":[{"href":"https:\/\/long-join.com\/es\/wp-json\/wp\/v2\/product\/2031","targetHints":{"allow":["GET"]}}],"collection":[{"href":"https:\/\/long-join.com\/es\/wp-json\/wp\/v2\/product"}],"about":[{"href":"https:\/\/long-join.com\/es\/wp-json\/wp\/v2\/types\/product"}],"version-history":[{"count":3,"href":"https:\/\/long-join.com\/es\/wp-json\/wp\/v2\/product\/2031\/revisions"}],"predecessor-version":[{"id":14298,"href":"https:\/\/long-join.com\/es\/wp-json\/wp\/v2\/product\/2031\/revisions\/14298"}],"wp:featuredmedia":[{"embeddable":true,"href":"https:\/\/long-join.com\/es\/wp-json\/wp\/v2\/media\/4423"}],"wp:attachment":[{"href":"https:\/\/long-join.com\/es\/wp-json\/wp\/v2\/media?parent=2031"}],"wp:term":[{"taxonomy":"product_brand","embeddable":true,"href":"https:\/\/long-join.com\/es\/wp-json\/wp\/v2\/product_brand?post=2031"},{"taxonomy":"product_cat","embeddable":true,"href":"https:\/\/long-join.com\/es\/wp-json\/wp\/v2\/product_cat?post=2031"},{"taxonomy":"product_tag","embeddable":true,"href":"https:\/\/long-join.com\/es\/wp-json\/wp\/v2\/product_tag?post=2031"}],"curies":[{"name":"wp","href":"https:\/\/api.w.org\/{rel}","templated":true}]}}