{"id":2030,"date":"2023-10-13T15:37:12","date_gmt":"2023-10-13T07:37:12","guid":{"rendered":"https:\/\/long-join.com\/?post_type=product&#038;p=2030"},"modified":"2023-12-07T17:19:44","modified_gmt":"2023-12-07T09:19:44","slug":"fotocelula-de-montaje-en-vastago-jl-118av-120-v-cabezal-giratorio-accesorios","status":"publish","type":"product","link":"https:\/\/long-join.com\/es\/product\/jl-118av-stem-mount-photocell-120v-swivel-head-accessories\/","title":{"rendered":"Fotoc\u00e9lula de montaje en v\u00e1stago JL-118AV, 120 V, cabezal giratorio, accesorios"},"content":{"rendered":"<p>El interruptor fotoel\u00e9ctrico de la serie JL-118 es aplicable para controlar la iluminaci\u00f3n de pasillos y entradas de forma autom\u00e1tica de acuerdo con el nivel de iluminaci\u00f3n ambiental.<\/p>\n<blockquote><p>Caracter\u00edstica<\/p><\/blockquote>\n<ol>\n<li>Soporte de piezas giratorias, y este deslizador de metal se desliza para ajustar el valor de sensibilidad a la luz lux.<\/li>\n<li>JL-118AV (piezas giratorias en V)<\/li>\n<li>Rosca de tornillo (NPT 1\/2\u2033) y tuerca de aleaci\u00f3n de zinc;<\/li>\n<li>Retardo de tiempo de 30 a 120 s<\/li>\n<\/ol>","protected":false},"excerpt":{"rendered":"<p>1. Modelo del producto: JL-118AV<br \/>\n2. Nivel de lux de encendido\/apagado: 10-20Lx, 30-60Lx<br \/>\n3. Clasificaci\u00f3n IP: IP54<br \/>\n5. Est\u00e1ndares compatibles: CE, ROHS, UL<\/p>","protected":false},"featured_media":4416,"template":"","meta":{"_acf_changed":false,"_seopress_robots_primary_cat":"none","_seopress_titles_title":"","_seopress_titles_desc":"","_seopress_robots_index":""},"product_brand":[],"product_cat":[28,63,30],"product_tag":[],"class_list":{"0":"post-2030","1":"product","2":"type-product","3":"status-publish","4":"has-post-thumbnail","6":"product_cat-our-product","7":"product_cat-swivel-stem-control","8":"product_cat-wire-in-controllers","10":"first","11":"instock","12":"shipping-taxable","13":"product-type-simple"},"acf":[],"_links":{"self":[{"href":"https:\/\/long-join.com\/es\/wp-json\/wp\/v2\/product\/2030","targetHints":{"allow":["GET"]}}],"collection":[{"href":"https:\/\/long-join.com\/es\/wp-json\/wp\/v2\/product"}],"about":[{"href":"https:\/\/long-join.com\/es\/wp-json\/wp\/v2\/types\/product"}],"version-history":[{"count":1,"href":"https:\/\/long-join.com\/es\/wp-json\/wp\/v2\/product\/2030\/revisions"}],"predecessor-version":[{"id":4407,"href":"https:\/\/long-join.com\/es\/wp-json\/wp\/v2\/product\/2030\/revisions\/4407"}],"wp:featuredmedia":[{"embeddable":true,"href":"https:\/\/long-join.com\/es\/wp-json\/wp\/v2\/media\/4416"}],"wp:attachment":[{"href":"https:\/\/long-join.com\/es\/wp-json\/wp\/v2\/media?parent=2030"}],"wp:term":[{"taxonomy":"product_brand","embeddable":true,"href":"https:\/\/long-join.com\/es\/wp-json\/wp\/v2\/product_brand?post=2030"},{"taxonomy":"product_cat","embeddable":true,"href":"https:\/\/long-join.com\/es\/wp-json\/wp\/v2\/product_cat?post=2030"},{"taxonomy":"product_tag","embeddable":true,"href":"https:\/\/long-join.com\/es\/wp-json\/wp\/v2\/product_tag?post=2030"}],"curies":[{"name":"wp","href":"https:\/\/api.w.org\/{rel}","templated":true}]}}