{"id":1967,"date":"2023-10-13T12:22:09","date_gmt":"2023-10-13T04:22:09","guid":{"rendered":"https:\/\/long-join.com\/?post_type=product&#038;p=1967"},"modified":"2025-08-28T14:15:32","modified_gmt":"2025-08-28T06:15:32","slug":"jl-240-xb14-estandar-nema","status":"publish","type":"product","link":"https:\/\/long-join.com\/es\/product\/jl-240-xb14-nema-standard\/","title":{"rendered":"Recept\u00e1culo para fotoc\u00e9lula de 5 pines ANSIC 136.41 JL-240XB"},"content":{"rendered":"<blockquote><p>Todos los recept\u00e1culos de fotocontrol de la serie JL-240 fueron dise\u00f1ados para linternas que requieren un recept\u00e1culo ANSI C136.10-2006 para un fotocontrol de cierre giratorio. Esta serie cumple con la nueva norma ANSI C136.41-2013, que permite el control m\u00faltiple de una l\u00e1mpara LED a trav\u00e9s del recept\u00e1culo.<\/p><\/blockquote>\n<blockquote><p>Caracter\u00edstica<\/p><\/blockquote>\n<blockquote><p>1. JL-240XB ofrece 2 almohadillas de bajo voltaje chapadas en oro en la superficie superior para adaptarse al fotocontrol, tiene contactos de resorte que cumplen con la norma ANSI C136.41 y ofrece conectores r\u00e1pidos macho en la parte trasera para la conexi\u00f3n de se\u00f1al.<\/p><\/blockquote>\n<blockquote><p>2. Funci\u00f3n de limitaci\u00f3n de rotaci\u00f3n de 360 grados para cumplir con los requisitos ANSI C136.10.<\/p><\/blockquote>\n<blockquote><p>3. Tanto el JL-240X como el JL-240Y han sido reconocidos, y el JL-200Z14 ha sido incluido por UL seg\u00fan los est\u00e1ndares de seguridad aplicables de EE. UU. y Canad\u00e1, seg\u00fan su archivo E188110, vol. 1 y vol. 2.<\/p><\/blockquote>","protected":false},"excerpt":{"rendered":"<p>1. Modelo del producto: JL-240XB<br \/>\n2. Voltaje nominal: 0-480 VCA<br \/>\n3. Material: PBT y estabilizador UV a\u00f1adido<br \/>\n4. Calibre de cables: #14, #16<br \/>\n5. Est\u00e1ndar compatible: ANSI C136.41, CE, ROHS, UL<\/p>","protected":false},"featured_media":2616,"template":"","meta":{"_acf_changed":false,"_seopress_robots_primary_cat":"none","_seopress_titles_title":"","_seopress_titles_desc":"","_seopress_robots_index":""},"product_brand":[],"product_cat":[57,31,28],"product_tag":[],"class_list":{"0":"post-1967","1":"product","2":"type-product","3":"status-publish","4":"has-post-thumbnail","6":"product_cat-nema-5-pin-receptacle","7":"product_cat-nema-standard-connector","8":"product_cat-our-product","10":"first","11":"instock","12":"shipping-taxable","13":"product-type-simple"},"acf":[],"_links":{"self":[{"href":"https:\/\/long-join.com\/es\/wp-json\/wp\/v2\/product\/1967","targetHints":{"allow":["GET"]}}],"collection":[{"href":"https:\/\/long-join.com\/es\/wp-json\/wp\/v2\/product"}],"about":[{"href":"https:\/\/long-join.com\/es\/wp-json\/wp\/v2\/types\/product"}],"version-history":[{"count":1,"href":"https:\/\/long-join.com\/es\/wp-json\/wp\/v2\/product\/1967\/revisions"}],"predecessor-version":[{"id":14729,"href":"https:\/\/long-join.com\/es\/wp-json\/wp\/v2\/product\/1967\/revisions\/14729"}],"wp:featuredmedia":[{"embeddable":true,"href":"https:\/\/long-join.com\/es\/wp-json\/wp\/v2\/media\/2616"}],"wp:attachment":[{"href":"https:\/\/long-join.com\/es\/wp-json\/wp\/v2\/media?parent=1967"}],"wp:term":[{"taxonomy":"product_brand","embeddable":true,"href":"https:\/\/long-join.com\/es\/wp-json\/wp\/v2\/product_brand?post=1967"},{"taxonomy":"product_cat","embeddable":true,"href":"https:\/\/long-join.com\/es\/wp-json\/wp\/v2\/product_cat?post=1967"},{"taxonomy":"product_tag","embeddable":true,"href":"https:\/\/long-join.com\/es\/wp-json\/wp\/v2\/product_tag?post=1967"}],"curies":[{"name":"wp","href":"https:\/\/api.w.org\/{rel}","templated":true}]}}