{"id":1964,"date":"2023-10-13T12:21:07","date_gmt":"2023-10-13T04:21:07","guid":{"rendered":"https:\/\/long-join.com\/?post_type=product&#038;p=1964"},"modified":"2024-03-01T10:32:39","modified_gmt":"2024-03-01T02:32:39","slug":"receptaculo-de-3-pines-con-cierre-giratorio-ansi-c136-10-para-base-de-fotocelula","status":"publish","type":"product","link":"https:\/\/long-join.com\/es\/product\/ansi-c136-10-twist-lock-3-pin-receptacle-for-photocell-base\/","title":{"rendered":"Recept\u00e1culo de 3 pines con bloqueo giratorio ANSI C136.10 para base de fotoc\u00e9lula"},"content":{"rendered":"<p>Los recept\u00e1culos de 3 clavijas con bloqueo giratorio est\u00e1ndar NEMA son perfectos para combinar con los sensores de fotoc\u00e9lula con bloqueo giratorio y son adecuados para iluminaci\u00f3n de calles, iluminaci\u00f3n de jardines, iluminaci\u00f3n de pasillos e iluminaci\u00f3n de puertas autom\u00e1ticamente de acuerdo con el nivel de iluminaci\u00f3n natural ambiental.<\/p>\n<ul>\n<li>Consejos<\/li>\n<li>Versi\u00f3n est\u00e1ndar: cable conductor AWG#12\/14\/16, AWG#18 (no UL)<\/li>\n<li>ANSI C136.10-2010 (solo tipo RS)<\/li>\n<li>Opcional: elija la versi\u00f3n de cable JL-200ZCWP<\/li>\n<\/ul>","protected":false},"excerpt":{"rendered":"<p>1. Modelo del producto: JL-200X<br \/>\n2. Voltaje nominal: 0-480 VCA<br \/>\n3. Material: Z\u00f3calo fen\u00f3lico<br \/>\n4. Material de contacto: Cobre niquelado<br \/>\n5. Est\u00e1ndares compatibles: CE, ROHS, UL<\/p>","protected":false},"featured_media":3328,"template":"","meta":{"_acf_changed":false,"_seopress_robots_primary_cat":"none","_seopress_titles_title":"","_seopress_titles_desc":"","_seopress_robots_index":""},"product_brand":[],"product_cat":[58,31,28],"product_tag":[],"class_list":{"0":"post-1964","1":"product","2":"type-product","3":"status-publish","4":"has-post-thumbnail","6":"product_cat-3-pin-receptacle","7":"product_cat-nema-standard-connector","8":"product_cat-our-product","10":"first","11":"instock","12":"shipping-taxable","13":"product-type-simple"},"acf":[],"_links":{"self":[{"href":"https:\/\/long-join.com\/es\/wp-json\/wp\/v2\/product\/1964","targetHints":{"allow":["GET"]}}],"collection":[{"href":"https:\/\/long-join.com\/es\/wp-json\/wp\/v2\/product"}],"about":[{"href":"https:\/\/long-join.com\/es\/wp-json\/wp\/v2\/types\/product"}],"version-history":[{"count":1,"href":"https:\/\/long-join.com\/es\/wp-json\/wp\/v2\/product\/1964\/revisions"}],"predecessor-version":[{"id":3324,"href":"https:\/\/long-join.com\/es\/wp-json\/wp\/v2\/product\/1964\/revisions\/3324"}],"wp:featuredmedia":[{"embeddable":true,"href":"https:\/\/long-join.com\/es\/wp-json\/wp\/v2\/media\/3328"}],"wp:attachment":[{"href":"https:\/\/long-join.com\/es\/wp-json\/wp\/v2\/media?parent=1964"}],"wp:term":[{"taxonomy":"product_brand","embeddable":true,"href":"https:\/\/long-join.com\/es\/wp-json\/wp\/v2\/product_brand?post=1964"},{"taxonomy":"product_cat","embeddable":true,"href":"https:\/\/long-join.com\/es\/wp-json\/wp\/v2\/product_cat?post=1964"},{"taxonomy":"product_tag","embeddable":true,"href":"https:\/\/long-join.com\/es\/wp-json\/wp\/v2\/product_tag?post=1964"}],"curies":[{"name":"wp","href":"https:\/\/api.w.org\/{rel}","templated":true}]}}