{"id":1963,"date":"2023-10-13T12:20:41","date_gmt":"2023-10-13T04:20:41","guid":{"rendered":"https:\/\/long-join.com\/?post_type=product&#038;p=1963"},"modified":"2023-11-14T14:05:17","modified_gmt":"2023-11-14T06:05:17","slug":"receptaculo-ansi-c136-10-de-3-pines-con-cubierta-trasera","status":"publish","type":"product","link":"https:\/\/long-join.com\/es\/product\/ansi-c136-10-3-pin-receptacle-with-back-cover\/","title":{"rendered":"Recept\u00e1culo de 3 pines con cubierta trasera ANSI C136.10"},"content":{"rendered":"<p>Los recept\u00e1culos modelo JL-200z se combinan con sensores de fotoc\u00e9lula con cierre giratorio para controlar la iluminaci\u00f3n de la calle, la iluminaci\u00f3n del jard\u00edn, la iluminaci\u00f3n de pasillos y la iluminaci\u00f3n de puertas autom\u00e1ticamente de acuerdo con el nivel de iluminaci\u00f3n natural ambiental.<\/p>\n<ul>\n<li>Consejos<\/li>\n<li>Versi\u00f3n est\u00e1ndar: cable conductor AWG#12\/14\/16, AWG#18 (no UL)<\/li>\n<li>Norma ANSI C136.10<\/li>\n<li>Opcional: elija la versi\u00f3n de cable JL-200ZCWP<\/li>\n<\/ul>","protected":false},"excerpt":{"rendered":"<p>1. Modelo del producto: JL-200Z<br \/>\n2. Voltaje nominal: 0-480 VCA<br \/>\n3. Material: fen\u00f3lico (baquelita)<br \/>\n4. Calibre de cables: #14, #18,#16<br \/>\n5. Material de la cubierta trasera: PC<br \/>\n6. Est\u00e1ndar compatible: ANSI C136.10, CE, ROHS, UL<\/p>","protected":false},"featured_media":3319,"template":"","meta":{"_acf_changed":false,"_seopress_robots_primary_cat":"none","_seopress_titles_title":"","_seopress_titles_desc":"","_seopress_robots_index":""},"product_brand":[],"product_cat":[58,31,28],"product_tag":[],"class_list":{"0":"post-1963","1":"product","2":"type-product","3":"status-publish","4":"has-post-thumbnail","6":"product_cat-3-pin-receptacle","7":"product_cat-nema-standard-connector","8":"product_cat-our-product","10":"first","11":"instock","12":"shipping-taxable","13":"product-type-simple"},"acf":[],"_links":{"self":[{"href":"https:\/\/long-join.com\/es\/wp-json\/wp\/v2\/product\/1963","targetHints":{"allow":["GET"]}}],"collection":[{"href":"https:\/\/long-join.com\/es\/wp-json\/wp\/v2\/product"}],"about":[{"href":"https:\/\/long-join.com\/es\/wp-json\/wp\/v2\/types\/product"}],"version-history":[{"count":1,"href":"https:\/\/long-join.com\/es\/wp-json\/wp\/v2\/product\/1963\/revisions"}],"predecessor-version":[{"id":3315,"href":"https:\/\/long-join.com\/es\/wp-json\/wp\/v2\/product\/1963\/revisions\/3315"}],"wp:featuredmedia":[{"embeddable":true,"href":"https:\/\/long-join.com\/es\/wp-json\/wp\/v2\/media\/3319"}],"wp:attachment":[{"href":"https:\/\/long-join.com\/es\/wp-json\/wp\/v2\/media?parent=1963"}],"wp:term":[{"taxonomy":"product_brand","embeddable":true,"href":"https:\/\/long-join.com\/es\/wp-json\/wp\/v2\/product_brand?post=1963"},{"taxonomy":"product_cat","embeddable":true,"href":"https:\/\/long-join.com\/es\/wp-json\/wp\/v2\/product_cat?post=1963"},{"taxonomy":"product_tag","embeddable":true,"href":"https:\/\/long-join.com\/es\/wp-json\/wp\/v2\/product_tag?post=1963"}],"curies":[{"name":"wp","href":"https:\/\/api.w.org\/{rel}","templated":true}]}}