{"id":1740,"date":"2023-10-10T18:30:11","date_gmt":"2023-10-10T10:30:11","guid":{"rendered":"https:\/\/long-join.com\/?post_type=product&#038;p=1740"},"modified":"2025-05-15T11:33:33","modified_gmt":"2025-05-15T03:33:33","slug":"jl-700w-version-sin-cables-conector-tipo-zhaga-union-larga","status":"publish","type":"product","link":"https:\/\/long-join.com\/es\/product\/jl-700w-leadless-version-zhaga-type-socket-long-join\/","title":{"rendered":"JL-700W (versi\u00f3n sin cables) Z\u00f3calo tipo Zhaga UNI\u00d3N LARGA"},"content":{"rendered":"<p>Caracter\u00edstica<\/p>\n<ol>\n<li>La derrota se define en el Libro Zhaga 18;<\/li>\n<li>Tama\u00f1o compacto con luminarias firmemente bloqueadas y m\u00f3dulo de interfaz Zhaga;<\/li>\n<li>Sellado avanzado para lograr la clasificaci\u00f3n IP66<\/li>\n<li>Soluci\u00f3n escalable que permite el uso de una fotoc\u00e9lula de \u00d840 mm y un sistema de gesti\u00f3n central de \u00d880 mm con la misma interfaz de conexi\u00f3n<\/li>\n<li>Posici\u00f3n de montaje flexible, orientada hacia arriba, hacia abajo y hacia los lados.<\/li>\n<li>Junta \u00fanica integrada que sella tanto la luminaria como el m\u00f3dulo minimizando el tiempo de montaje.<\/li>\n<li>Como resultado de esta serie de conjuntos de interfaz zhaga de versi\u00f3n sin cables, de modo que sin la necesidad de un cableado complejo, se reduce la dificultad de instalaci\u00f3n.<\/li>\n<\/ol>","protected":false},"excerpt":{"rendered":"<p>Los productos de la serie ZHAGA, incluidos los recept\u00e1culos y accesorios JL-700, ofrecen una interfaz regulada ZHAGA Book 18 para facilitar el desarrollo de dispositivos est\u00e1ndar utilizados para iluminaci\u00f3n de carreteras, iluminaci\u00f3n de \u00e1reas o iluminaci\u00f3n de ocupaci\u00f3n, etc. Estos dispositivos se pueden ofrecer con protocolo DALI 2.0 (Pin 2-3) o funciones de atenuaci\u00f3n de 0-10 V (a pedido), seg\u00fan la disposici\u00f3n del dispositivo.<\/p>\n<p>-Puerto 1: 24 VCC<br \/>\n\u2013 Puerto 2: DALI\u2013\/GND<br \/>\n\u2013 Puerto 3: DALI+<br \/>\n\u2013 Puerto 4: reserva\/O<\/p>","protected":false},"featured_media":2193,"template":"","meta":{"_acf_changed":false,"_seopress_robots_primary_cat":"none","_seopress_titles_title":"","_seopress_titles_desc":"","_seopress_robots_index":""},"product_brand":[],"product_cat":[28,35,29,49],"product_tag":[48,54],"class_list":{"0":"post-1740","1":"product","2":"type-product","3":"status-publish","4":"has-post-thumbnail","6":"product_cat-our-product","7":"product_cat-photocell-switch-fittings","8":"product_cat-zhaga-series","9":"product_cat-zhaga-socket","10":"product_tag-zhaga","11":"product_tag-zhaga-socket","13":"first","14":"instock","15":"shipping-taxable","16":"product-type-simple"},"acf":[],"_links":{"self":[{"href":"https:\/\/long-join.com\/es\/wp-json\/wp\/v2\/product\/1740","targetHints":{"allow":["GET"]}}],"collection":[{"href":"https:\/\/long-join.com\/es\/wp-json\/wp\/v2\/product"}],"about":[{"href":"https:\/\/long-join.com\/es\/wp-json\/wp\/v2\/types\/product"}],"version-history":[{"count":5,"href":"https:\/\/long-join.com\/es\/wp-json\/wp\/v2\/product\/1740\/revisions"}],"predecessor-version":[{"id":13233,"href":"https:\/\/long-join.com\/es\/wp-json\/wp\/v2\/product\/1740\/revisions\/13233"}],"wp:featuredmedia":[{"embeddable":true,"href":"https:\/\/long-join.com\/es\/wp-json\/wp\/v2\/media\/2193"}],"wp:attachment":[{"href":"https:\/\/long-join.com\/es\/wp-json\/wp\/v2\/media?parent=1740"}],"wp:term":[{"taxonomy":"product_brand","embeddable":true,"href":"https:\/\/long-join.com\/es\/wp-json\/wp\/v2\/product_brand?post=1740"},{"taxonomy":"product_cat","embeddable":true,"href":"https:\/\/long-join.com\/es\/wp-json\/wp\/v2\/product_cat?post=1740"},{"taxonomy":"product_tag","embeddable":true,"href":"https:\/\/long-join.com\/es\/wp-json\/wp\/v2\/product_tag?post=1740"}],"curies":[{"name":"wp","href":"https:\/\/api.w.org\/{rel}","templated":true}]}}