{"id":1735,"date":"2023-10-10T18:28:35","date_gmt":"2023-10-10T10:28:35","guid":{"rendered":"https:\/\/long-join.com\/?post_type=product&#038;p=1735"},"modified":"2025-02-13T16:53:01","modified_gmt":"2025-02-13T08:53:01","slug":"zocalo-jl-700-zhaga-con-placa-y-arandela-k4-o-k5","status":"publish","type":"product","link":"https:\/\/long-join.com\/es\/product\/jl-700-zhaga-socket-with-plate-and-washer-k4-or-k5\/","title":{"rendered":"Z\u00f3calo Zhaga JL-700 con placa y arandela K4 o K5"},"content":{"rendered":"<p>Caracter\u00edstica<\/p>\n<ol>\n<li>Interfaz estandarizada definida en el Libro Zhaga 18;<\/li>\n<li>Tama\u00f1o compacto que permite una mayor flexibilidad en el dise\u00f1o de luminarias;<\/li>\n<li>La uni\u00f3n compacta entre la l\u00e1mpara y el m\u00f3dulo de interfaz Zhaga, y adopta el sellado para lograr IP66;<\/li>\n<li>M\u00f3dulo de interfaz Zhaga conectable con di\u00e1metro de 40 mm o 80 mm<\/li>\n<li>Posici\u00f3n de montaje flexible, hacia arriba, hacia abajo y hacia los lados;<\/li>\n<li>Adem\u00e1s, el JL-700 est\u00e1 equipado con una placa y una arandela de aluminio para alojar la base del controlador con di\u00e1metro NEMA. Este dise\u00f1o ayuda a reducir el coste de las actualizaciones del dispositivo y minimiza la necesidad de personal.<\/li>\n<\/ol>","protected":false},"excerpt":{"rendered":"<p>Los productos de la serie ZHAGA, incluidos el recept\u00e1culo JL-700 y los accesorios, ofrecen una interfaz regulada ZHAGA Book 18 para facilitar el desarrollo de dispositivos est\u00e1ndar utilizados para iluminaci\u00f3n de carreteras, iluminaci\u00f3n de \u00e1reas o iluminaci\u00f3n de ocupaci\u00f3n, etc. Estos dispositivos se pueden ofrecer con protocolo DALI 2.0 (Pin 2-3) o funciones de atenuaci\u00f3n de 0-10 V (a pedido), seg\u00fan la disposici\u00f3n del dispositivo.<\/p>\n<p>Enchufe Zhaga versi\u00f3n UE<br \/>\n\u2013 Puerto 1 (Marr\u00f3n): 24 V CC<br \/>\n\u2013 Puerto 2 (gris): DALI (o protocolo basado en DALI) \u2013 \/tierra com\u00fan<br \/>\n\u2013 Puerto 3 (Azul): DALI (o protocolo basado en DALI) +<br \/>\n\u2013 Puerto 4 (negro): E\/S general<\/p>","protected":false},"featured_media":2199,"template":"","meta":{"_acf_changed":false,"_seopress_robots_primary_cat":"none","_seopress_titles_title":"","_seopress_titles_desc":"","_seopress_robots_index":""},"product_brand":[],"product_cat":[28,35,29,49],"product_tag":[48],"class_list":{"0":"post-1735","1":"product","2":"type-product","3":"status-publish","4":"has-post-thumbnail","6":"product_cat-our-product","7":"product_cat-photocell-switch-fittings","8":"product_cat-zhaga-series","9":"product_cat-zhaga-socket","10":"product_tag-zhaga","12":"first","13":"instock","14":"shipping-taxable","15":"product-type-simple"},"acf":[],"_links":{"self":[{"href":"https:\/\/long-join.com\/es\/wp-json\/wp\/v2\/product\/1735","targetHints":{"allow":["GET"]}}],"collection":[{"href":"https:\/\/long-join.com\/es\/wp-json\/wp\/v2\/product"}],"about":[{"href":"https:\/\/long-join.com\/es\/wp-json\/wp\/v2\/types\/product"}],"version-history":[{"count":7,"href":"https:\/\/long-join.com\/es\/wp-json\/wp\/v2\/product\/1735\/revisions"}],"predecessor-version":[{"id":11509,"href":"https:\/\/long-join.com\/es\/wp-json\/wp\/v2\/product\/1735\/revisions\/11509"}],"wp:featuredmedia":[{"embeddable":true,"href":"https:\/\/long-join.com\/es\/wp-json\/wp\/v2\/media\/2199"}],"wp:attachment":[{"href":"https:\/\/long-join.com\/es\/wp-json\/wp\/v2\/media?parent=1735"}],"wp:term":[{"taxonomy":"product_brand","embeddable":true,"href":"https:\/\/long-join.com\/es\/wp-json\/wp\/v2\/product_brand?post=1735"},{"taxonomy":"product_cat","embeddable":true,"href":"https:\/\/long-join.com\/es\/wp-json\/wp\/v2\/product_cat?post=1735"},{"taxonomy":"product_tag","embeddable":true,"href":"https:\/\/long-join.com\/es\/wp-json\/wp\/v2\/product_tag?post=1735"}],"curies":[{"name":"wp","href":"https:\/\/api.w.org\/{rel}","templated":true}]}}