{"id":1733,"date":"2023-10-10T18:27:35","date_gmt":"2023-10-10T10:27:35","guid":{"rendered":"https:\/\/long-join.com\/?post_type=product&#038;p=1733"},"modified":"2025-02-10T17:44:30","modified_gmt":"2025-02-10T09:44:30","slug":"controlador-zhaga-book18-con-atenuacion-de-0-v-a-10-v","status":"publish","type":"product","link":"https:\/\/long-join.com\/es\/product\/zhaga-book18-zhaga-controller-with-dimming-0v-10v\/","title":{"rendered":"Controlador Zhaga Book18 con atenuaci\u00f3n de 0 V\/10 V"},"content":{"rendered":"<p>El JL-701A es un controlador de iluminaci\u00f3n electr\u00f3nico de bajo costo con bloqueo giratorio, desarrollado con base en el est\u00e1ndar de interfaz ZHAGA BOOK18. Puede emitir una se\u00f1al de atenuaci\u00f3n de 0 V o 10 V mediante un sensor fotosensible. Este controlador de iluminaci\u00f3n es ideal para iluminar \u00e1reas como carreteras, jardines, patios y parques.<\/p>\n<blockquote><p>Adem\u00e1s, estas son algunas caracter\u00edsticas m\u00e1s significativas:<\/p><\/blockquote>\n<blockquote><p>Fuente de alimentaci\u00f3n de 1-12-24 V CC<\/p><\/blockquote>\n<blockquote><p>2-Consumo de energ\u00eda sin carga \u2264 0,12 W<\/p><\/blockquote>\n<blockquote><p>3-\u00bfQuieres realizar la especificaci\u00f3n, entonces lee las instrucciones de la gu\u00eda del sensor de referencia JL-701A zhaga.<\/p><\/blockquote>","protected":false},"excerpt":{"rendered":"<p>1. Modelo del producto: JL-701A<br \/>\n2. Salida de atenuaci\u00f3n: 0 V\/10 V<br \/>\n3. Certificado: CE, RoHS<br \/>\n4. Est\u00e1ndar de cumplimiento: zhaga book18<br \/>\n5. Tipo de sensor: sensor \u00f3ptico<br \/>\n6. Recept\u00e1culo Zhaga y kits de base con domo disponibles para alcanzar el nivel IP66<\/p>","protected":false},"featured_media":2432,"template":"","meta":{"_acf_changed":false,"_seopress_robots_primary_cat":"none","_seopress_titles_title":"","_seopress_titles_desc":"","_seopress_robots_index":""},"product_brand":[],"product_cat":[28,50,29],"product_tag":[48,66],"class_list":{"0":"post-1733","1":"product","2":"type-product","3":"status-publish","4":"has-post-thumbnail","6":"product_cat-our-product","7":"product_cat-zhaga-sensor","8":"product_cat-zhaga-series","9":"product_tag-zhaga","10":"product_tag-zhaga-sensor","12":"first","13":"instock","14":"shipping-taxable","15":"product-type-simple"},"acf":[],"_links":{"self":[{"href":"https:\/\/long-join.com\/es\/wp-json\/wp\/v2\/product\/1733","targetHints":{"allow":["GET"]}}],"collection":[{"href":"https:\/\/long-join.com\/es\/wp-json\/wp\/v2\/product"}],"about":[{"href":"https:\/\/long-join.com\/es\/wp-json\/wp\/v2\/types\/product"}],"version-history":[{"count":3,"href":"https:\/\/long-join.com\/es\/wp-json\/wp\/v2\/product\/1733\/revisions"}],"predecessor-version":[{"id":11488,"href":"https:\/\/long-join.com\/es\/wp-json\/wp\/v2\/product\/1733\/revisions\/11488"}],"wp:featuredmedia":[{"embeddable":true,"href":"https:\/\/long-join.com\/es\/wp-json\/wp\/v2\/media\/2432"}],"wp:attachment":[{"href":"https:\/\/long-join.com\/es\/wp-json\/wp\/v2\/media?parent=1733"}],"wp:term":[{"taxonomy":"product_brand","embeddable":true,"href":"https:\/\/long-join.com\/es\/wp-json\/wp\/v2\/product_brand?post=1733"},{"taxonomy":"product_cat","embeddable":true,"href":"https:\/\/long-join.com\/es\/wp-json\/wp\/v2\/product_cat?post=1733"},{"taxonomy":"product_tag","embeddable":true,"href":"https:\/\/long-join.com\/es\/wp-json\/wp\/v2\/product_tag?post=1733"}],"curies":[{"name":"wp","href":"https:\/\/api.w.org\/{rel}","templated":true}]}}