{"id":1729,"date":"2023-10-10T18:24:52","date_gmt":"2023-10-10T10:24:52","guid":{"rendered":"https:\/\/long-join.com\/?post_type=product&#038;p=1729"},"modified":"2025-11-20T17:19:33","modified_gmt":"2025-11-20T09:19:33","slug":"sensor-zhaga-book18-zhaga-jl-711a-atenuacion-de-0-a-10-v","status":"publish","type":"product","link":"https:\/\/long-join.com\/es\/product\/zhaga-book18-zhaga-sensor-jl-711a-0-10v-dimming\/","title":{"rendered":"Sensor Zhaga Book18 Zhaga JL-711A de atenuaci\u00f3n de 0 a 10 V"},"content":{"rendered":"<p>Los controladores de iluminaci\u00f3n de la serie JL-711A son controladores inteligentes con bloqueo rotatorio, desarrollados con base en el est\u00e1ndar de interfaz zhaga BOOK18, que pueden emitir se\u00f1ales de atenuaci\u00f3n de 0 a 10 V. Todos los modelos incorporan sensores fotosensibles. El controlador de iluminaci\u00f3n es ideal para iluminar \u00e1reas como carreteras, jardines, patios y parques.<\/p>\n<blockquote><p>Adem\u00e1s, estas son algunas caracter\u00edsticas m\u00e1s significativas:<\/p><\/blockquote>\n<blockquote><p>Fuente de alimentaci\u00f3n de 1-12-24 V CC<\/p><\/blockquote>\n<blockquote><p>2-Cambio de relaci\u00f3n de estrategia de ahorro de energ\u00eda solo para JL-711A2<\/p><\/blockquote>\n<blockquote><p>Atenuaci\u00f3n de 2 a medianoche, solo sensor zhaga JL-711A2<\/p><\/blockquote>\n<blockquote><p>3-<strong>Compensaci\u00f3n de luz reflejada de la l\u00e1mpara<\/strong><\/p><\/blockquote>\n<blockquote><p>4-\u00bfQuieres realizar la especificaci\u00f3n, entonces lee las instrucciones de la gu\u00eda del sensor de referencia JL-711A zhaga.<\/p><\/blockquote>","protected":false},"excerpt":{"rendered":"<p>1. Modelo del producto: JL-711A<br \/>\n2. Salida de atenuaci\u00f3n: 0-10 V<br \/>\n3. Certificado: CE, RoHS<br \/>\n4. Est\u00e1ndar de cumplimiento: libro zhaga 18<br \/>\n5. Tipo de sensor: sensor \u00f3ptico<\/p>","protected":false},"featured_media":3313,"template":"","meta":{"_acf_changed":false,"_seopress_robots_primary_cat":"none","_seopress_titles_title":"","_seopress_titles_desc":"","_seopress_robots_index":""},"product_brand":[],"product_cat":[28,50,29],"product_tag":[48],"class_list":{"0":"post-1729","1":"product","2":"type-product","3":"status-publish","4":"has-post-thumbnail","6":"product_cat-our-product","7":"product_cat-zhaga-sensor","8":"product_cat-zhaga-series","9":"product_tag-zhaga","11":"first","12":"instock","13":"shipping-taxable","14":"product-type-simple"},"acf":[],"_links":{"self":[{"href":"https:\/\/long-join.com\/es\/wp-json\/wp\/v2\/product\/1729","targetHints":{"allow":["GET"]}}],"collection":[{"href":"https:\/\/long-join.com\/es\/wp-json\/wp\/v2\/product"}],"about":[{"href":"https:\/\/long-join.com\/es\/wp-json\/wp\/v2\/types\/product"}],"version-history":[{"count":7,"href":"https:\/\/long-join.com\/es\/wp-json\/wp\/v2\/product\/1729\/revisions"}],"predecessor-version":[{"id":16213,"href":"https:\/\/long-join.com\/es\/wp-json\/wp\/v2\/product\/1729\/revisions\/16213"}],"wp:featuredmedia":[{"embeddable":true,"href":"https:\/\/long-join.com\/es\/wp-json\/wp\/v2\/media\/3313"}],"wp:attachment":[{"href":"https:\/\/long-join.com\/es\/wp-json\/wp\/v2\/media?parent=1729"}],"wp:term":[{"taxonomy":"product_brand","embeddable":true,"href":"https:\/\/long-join.com\/es\/wp-json\/wp\/v2\/product_brand?post=1729"},{"taxonomy":"product_cat","embeddable":true,"href":"https:\/\/long-join.com\/es\/wp-json\/wp\/v2\/product_cat?post=1729"},{"taxonomy":"product_tag","embeddable":true,"href":"https:\/\/long-join.com\/es\/wp-json\/wp\/v2\/product_tag?post=1729"}],"curies":[{"name":"wp","href":"https:\/\/api.w.org\/{rel}","templated":true}]}}