{"id":1728,"date":"2023-10-10T18:24:28","date_gmt":"2023-10-10T10:24:28","guid":{"rendered":"https:\/\/long-join.com\/?post_type=product&#038;p=1728"},"modified":"2025-12-26T14:05:15","modified_gmt":"2025-12-26T06:05:15","slug":"conector-zhaga-jl-710-con-salida-de-cc-de-24-v-para-el-controlador-de-la-serie-zhaga","status":"publish","type":"product","link":"https:\/\/long-join.com\/es\/product\/jl-710-zhaga-socket-output-dc-voltage-24v-for-zhaga-series-controller\/","title":{"rendered":"Salida de voltaje CC de 24 V para el controlador de la serie Zhaga JL-710"},"content":{"rendered":"<p>This is Certificated zhaga book 18 JL-710 receptacles, it can help you to solve problem about AC switching DC. In other words, to reduce fit auxiliary power equipment cost, to best install 0-10V \/Dali zhaga controller and get steady working. on the other benefits, <span class=\"spark-text\">Si no necesita cambiar el tama\u00f1o del orificio del z\u00f3calo NEMA actual, puede usar el z\u00f3calo Zhaga JL-710 para reemplazar el tama\u00f1o del orificio de fijaci\u00f3n Zhaga. De esta manera, puede lograr compatibilidad dual con los est\u00e1ndares NEMA y Zhaga.<\/span><\/p>\n<p>Caracter\u00edstica<\/p>\n<ol>\n<li>Cables, puedes personalizar la longitud.<\/li>\n<li>wires gauge: power #18AWG\/AWM1015, signal gauge #20AWG\/AWM1015.<\/li>\n<li>lavadora impermeable<\/li>\n<li>Consumo de energ\u00eda sin carga: &lt;0,12 W<\/li>\n<li>Rango de voltaje nominal de entrada (m\u00e1x.): 85-305 VCA<\/li>\n<li>Voltaje de salida CC: 24 V<\/li>\n<li>Recept\u00e1culo Zhaga y kits de base con domo disponibles para alcanzar el nivel IP66<\/li>\n<\/ol>","protected":false},"excerpt":{"rendered":"<p>1. Modelo del producto: JL-710<br \/>\n2. Salida de atenuaci\u00f3n: 0-10 V<br \/>\n3. Rango de voltaje de entrada nominal: 100-277 VCA<br \/>\n4. Voltaje de salida: 24 VCC<br \/>\n5. Certificado: CE, UL, zhaga book18<br \/>\n6. Material del cuerpo: PBT<\/p>","protected":false},"featured_media":2314,"template":"","meta":{"_acf_changed":false,"_seopress_robots_primary_cat":"none","_seopress_titles_title":"","_seopress_titles_desc":"","_seopress_robots_index":""},"product_brand":[],"product_cat":[28,35,29,49],"product_tag":[48],"class_list":{"0":"post-1728","1":"product","2":"type-product","3":"status-publish","4":"has-post-thumbnail","6":"product_cat-our-product","7":"product_cat-photocell-switch-fittings","8":"product_cat-zhaga-series","9":"product_cat-zhaga-socket","10":"product_tag-zhaga","12":"first","13":"instock","14":"shipping-taxable","15":"product-type-simple"},"acf":[],"_links":{"self":[{"href":"https:\/\/long-join.com\/es\/wp-json\/wp\/v2\/product\/1728","targetHints":{"allow":["GET"]}}],"collection":[{"href":"https:\/\/long-join.com\/es\/wp-json\/wp\/v2\/product"}],"about":[{"href":"https:\/\/long-join.com\/es\/wp-json\/wp\/v2\/types\/product"}],"version-history":[{"count":7,"href":"https:\/\/long-join.com\/es\/wp-json\/wp\/v2\/product\/1728\/revisions"}],"predecessor-version":[{"id":16650,"href":"https:\/\/long-join.com\/es\/wp-json\/wp\/v2\/product\/1728\/revisions\/16650"}],"wp:featuredmedia":[{"embeddable":true,"href":"https:\/\/long-join.com\/es\/wp-json\/wp\/v2\/media\/2314"}],"wp:attachment":[{"href":"https:\/\/long-join.com\/es\/wp-json\/wp\/v2\/media?parent=1728"}],"wp:term":[{"taxonomy":"product_brand","embeddable":true,"href":"https:\/\/long-join.com\/es\/wp-json\/wp\/v2\/product_brand?post=1728"},{"taxonomy":"product_cat","embeddable":true,"href":"https:\/\/long-join.com\/es\/wp-json\/wp\/v2\/product_cat?post=1728"},{"taxonomy":"product_tag","embeddable":true,"href":"https:\/\/long-join.com\/es\/wp-json\/wp\/v2\/product_tag?post=1728"}],"curies":[{"name":"wp","href":"https:\/\/api.w.org\/{rel}","templated":true}]}}