{"id":1716,"date":"2023-10-10T18:11:46","date_gmt":"2023-10-10T10:11:46","guid":{"rendered":"https:\/\/long-join.com\/?post_type=product&#038;p=1716"},"modified":"2025-02-10T17:31:35","modified_gmt":"2025-02-10T09:31:35","slug":"controlador-de-sensor-de-movimiento-para-microondas-zhaga-book18-jl-712a3","status":"publish","type":"product","link":"https:\/\/long-join.com\/es\/product\/zhaga-book18-microwave-motion-sensor-controller-jl-712a3\/","title":{"rendered":"Controlador de sensor de movimiento para microondas Zhaga Book18 JL-712A3"},"content":{"rendered":"<p>Los productos de controlador de luz JL-712A3 son controladores de luz con bloqueo giratorio inteligentes desarrollados en base al est\u00e1ndar de interfaz ZHAGA BOOK18. Adopta un sensor combinado m\u00f3vil de microondas y detecci\u00f3n de luz, que puede emitir una se\u00f1al de atenuaci\u00f3n de 0 ~ 10 V.<\/p>\n<blockquote><p>Adem\u00e1s, estas son algunas caracter\u00edsticas m\u00e1s significativas:<\/p><\/blockquote>\n<blockquote><p>1-Voltaje nominal: fuente de alimentaci\u00f3n de 12-24 V CC<\/p><\/blockquote>\n<blockquote><p>2-Dise\u00f1o anti-falsa activaci\u00f3n de la fuente de luz de interferencia y desactivaci\u00f3n del rango mediante el dise\u00f1o de compensaci\u00f3n de luz reflejada de las l\u00e1mparas<\/p><\/blockquote>\n<blockquote><p>3-\u00bfQuieres realizar la especificaci\u00f3n, entonces lee las instrucciones de la gu\u00eda del sensor zhaga de referencia JL-712A3.<\/p><\/blockquote>","protected":false},"excerpt":{"rendered":"<p>1. Modelo del producto: JL-712A3<br \/>\n2. Salida de atenuaci\u00f3n: 0-10 V<br \/>\n3. Certificado: CE, RoHS<br \/>\n4. Est\u00e1ndar de cumplimiento: zhaga book18<br \/>\n5. Tipo de sensor: sensor \u00f3ptico + movimiento de microondas<br \/>\n6. Recept\u00e1culo zhaga y kits de base con domo disponibles para alcanzar IP66<\/p>","protected":false},"featured_media":2428,"template":"","meta":{"_acf_changed":false,"_seopress_robots_primary_cat":"none","_seopress_titles_title":"","_seopress_titles_desc":"","_seopress_robots_index":""},"product_brand":[],"product_cat":[28,50,29],"product_tag":[48],"class_list":{"0":"post-1716","1":"product","2":"type-product","3":"status-publish","4":"has-post-thumbnail","6":"product_cat-our-product","7":"product_cat-zhaga-sensor","8":"product_cat-zhaga-series","9":"product_tag-zhaga","11":"first","12":"instock","13":"shipping-taxable","14":"product-type-simple"},"acf":[],"_links":{"self":[{"href":"https:\/\/long-join.com\/es\/wp-json\/wp\/v2\/product\/1716","targetHints":{"allow":["GET"]}}],"collection":[{"href":"https:\/\/long-join.com\/es\/wp-json\/wp\/v2\/product"}],"about":[{"href":"https:\/\/long-join.com\/es\/wp-json\/wp\/v2\/types\/product"}],"version-history":[{"count":5,"href":"https:\/\/long-join.com\/es\/wp-json\/wp\/v2\/product\/1716\/revisions"}],"predecessor-version":[{"id":11487,"href":"https:\/\/long-join.com\/es\/wp-json\/wp\/v2\/product\/1716\/revisions\/11487"}],"wp:featuredmedia":[{"embeddable":true,"href":"https:\/\/long-join.com\/es\/wp-json\/wp\/v2\/media\/2428"}],"wp:attachment":[{"href":"https:\/\/long-join.com\/es\/wp-json\/wp\/v2\/media?parent=1716"}],"wp:term":[{"taxonomy":"product_brand","embeddable":true,"href":"https:\/\/long-join.com\/es\/wp-json\/wp\/v2\/product_brand?post=1716"},{"taxonomy":"product_cat","embeddable":true,"href":"https:\/\/long-join.com\/es\/wp-json\/wp\/v2\/product_cat?post=1716"},{"taxonomy":"product_tag","embeddable":true,"href":"https:\/\/long-join.com\/es\/wp-json\/wp\/v2\/product_tag?post=1716"}],"curies":[{"name":"wp","href":"https:\/\/api.w.org\/{rel}","templated":true}]}}