{"id":1683,"date":"2023-10-10T16:14:26","date_gmt":"2023-10-10T08:14:26","guid":{"rendered":"https:\/\/long-join.com\/?post_type=product&#038;p=1683"},"modified":"2024-03-11T18:14:19","modified_gmt":"2024-03-11T10:14:19","slug":"receptaculo-de-fotocontrol-jl-240fxa-version-mejorada","status":"publish","type":"product","link":"https:\/\/long-join.com\/es\/product\/enhance-version-photocontrol-receptacle-jl-240fxa\/","title":{"rendered":"Recept\u00e1culo de fotocontrol versi\u00f3n mejorada JL-240FXA"},"content":{"rendered":"<blockquote><p>Todos los recept\u00e1culos de fotocontrol de la serie JL-240F fueron dise\u00f1ados para linternas que requieren un recept\u00e1culo ANSI C136.10 para un fotocontrol de cierre giratorio. Esta serie cumple con la nueva norma ANSI C136.41, que permite el control m\u00faltiple de una l\u00e1mpara LED a trav\u00e9s del recept\u00e1culo.<\/p><\/blockquote>\n<blockquote><p>Esta serie ofrece 2 o 4 almohadillas de bajo voltaje ba\u00f1adas en oro en la superficie superior para adaptarse a los contactos de resorte que cumplen con la norma ANSI C136.41 del fotocontrol y ofrece 2 o 4 cables de cableado en el lado trasero para la conexi\u00f3n de se\u00f1ales.<\/p><\/blockquote>\n<blockquote><p>En particular, el modelo JL-240F ofrece juntas t\u00f3ricas con orificios para tornillos, selladas interna y externamente con pegamento de silicona, para alcanzar una caracter\u00edstica de impermeabilidad extrema.<\/p><\/blockquote>","protected":false},"excerpt":{"rendered":"<p>1. Modelo del producto: JL-240FXA<br \/>\n2. Voltaje nominal: 0-480 VCA<br \/>\n3. Clasificaci\u00f3n de inflamabilidad: UL94-0<br \/>\n4. Clasificaci\u00f3n IP: IP66<br \/>\n5. Material: Cubierta de PBT y estabilizador UV a\u00f1adido<br \/>\n6. Est\u00e1ndar compatible: ANSI C136.41, CE, ROHS, UL<\/p>","protected":false},"featured_media":2626,"template":"","meta":{"_acf_changed":false,"_seopress_robots_primary_cat":"none","_seopress_titles_title":"","_seopress_titles_desc":"","_seopress_robots_index":""},"product_brand":[],"product_cat":[56,31,28],"product_tag":[],"class_list":{"0":"post-1683","1":"product","2":"type-product","3":"status-publish","4":"has-post-thumbnail","6":"product_cat-nema-7-pin-receptacle","7":"product_cat-nema-standard-connector","8":"product_cat-our-product","10":"first","11":"instock","12":"shipping-taxable","13":"product-type-simple"},"acf":[],"_links":{"self":[{"href":"https:\/\/long-join.com\/es\/wp-json\/wp\/v2\/product\/1683","targetHints":{"allow":["GET"]}}],"collection":[{"href":"https:\/\/long-join.com\/es\/wp-json\/wp\/v2\/product"}],"about":[{"href":"https:\/\/long-join.com\/es\/wp-json\/wp\/v2\/types\/product"}],"version-history":[{"count":0,"href":"https:\/\/long-join.com\/es\/wp-json\/wp\/v2\/product\/1683\/revisions"}],"wp:featuredmedia":[{"embeddable":true,"href":"https:\/\/long-join.com\/es\/wp-json\/wp\/v2\/media\/2626"}],"wp:attachment":[{"href":"https:\/\/long-join.com\/es\/wp-json\/wp\/v2\/media?parent=1683"}],"wp:term":[{"taxonomy":"product_brand","embeddable":true,"href":"https:\/\/long-join.com\/es\/wp-json\/wp\/v2\/product_brand?post=1683"},{"taxonomy":"product_cat","embeddable":true,"href":"https:\/\/long-join.com\/es\/wp-json\/wp\/v2\/product_cat?post=1683"},{"taxonomy":"product_tag","embeddable":true,"href":"https:\/\/long-join.com\/es\/wp-json\/wp\/v2\/product_tag?post=1683"}],"curies":[{"name":"wp","href":"https:\/\/api.w.org\/{rel}","templated":true}]}}