{"id":16443,"date":"2025-11-27T16:59:21","date_gmt":"2025-11-27T08:59:21","guid":{"rendered":"https:\/\/long-join.com\/?post_type=product&#038;p=16443"},"modified":"2025-11-27T17:24:56","modified_gmt":"2025-11-27T09:24:56","slug":"jl-412cr-slit-type-mini-photocell-sensor-switch-120v","status":"publish","type":"product","link":"https:\/\/long-join.com\/es\/product\/jl-412cr-slit-type-mini-photocell-sensor-switch-120v\/","title":{"rendered":"JL-412CR Slit Type Mini Photocell Sensor Switch 120V"},"content":{"rendered":"<blockquote><p>\nHere is an split type design structure and CDS with thermal sensing switch, 120v and sensing hear diameter M10, it is idea for outdoor coorider light,front door light (due to this lack wiring space). once you can flexible wiring connect diy lamp fixture, so you can consideration naturally.\n<\/p><\/blockquote>\n<blockquote><p>Caracter\u00edstica<\/p><\/blockquote>\n<ol>\n<li>UL773A direct wire-in;<\/li>\n<li>Cabezal de fotoc\u00e9lula de bot\u00f3n con tama\u00f1os de orificios de 10 mm, M10;<\/li>\n<li>Protecci\u00f3n IP65;<\/li>\n<li>Norma compatible con interruptores fotoel\u00e9ctricos no industriales para control de iluminaci\u00f3n UL773A.<\/li>\n<\/ol>","protected":false},"excerpt":{"rendered":"<p>1. Product Model : JL-412CR<br \/>\n2. Voltaje nominal: 120-277 VCA<br \/>\n3. On \/ OFF Lux Level : 10-30 Lx on 30-80 Lx off<br \/>\n4. Clasificaci\u00f3n IP: IP65<br \/>\n5. Est\u00e1ndares compatibles: CE, ROHS, UL<\/p>","protected":false},"featured_media":16446,"template":"","meta":{"_acf_changed":false,"_seopress_robots_primary_cat":"none","_seopress_titles_title":"","_seopress_titles_desc":"","_seopress_robots_index":""},"product_brand":[],"product_cat":[62,28,30],"product_tag":[],"class_list":{"0":"post-16443","1":"product","2":"type-product","3":"status-publish","4":"has-post-thumbnail","6":"product_cat-button-photocell","7":"product_cat-our-product","8":"product_cat-wire-in-controllers","10":"first","11":"instock","12":"shipping-taxable","13":"product-type-simple"},"acf":[],"_links":{"self":[{"href":"https:\/\/long-join.com\/es\/wp-json\/wp\/v2\/product\/16443","targetHints":{"allow":["GET"]}}],"collection":[{"href":"https:\/\/long-join.com\/es\/wp-json\/wp\/v2\/product"}],"about":[{"href":"https:\/\/long-join.com\/es\/wp-json\/wp\/v2\/types\/product"}],"version-history":[{"count":1,"href":"https:\/\/long-join.com\/es\/wp-json\/wp\/v2\/product\/16443\/revisions"}],"predecessor-version":[{"id":16448,"href":"https:\/\/long-join.com\/es\/wp-json\/wp\/v2\/product\/16443\/revisions\/16448"}],"wp:featuredmedia":[{"embeddable":true,"href":"https:\/\/long-join.com\/es\/wp-json\/wp\/v2\/media\/16446"}],"wp:attachment":[{"href":"https:\/\/long-join.com\/es\/wp-json\/wp\/v2\/media?parent=16443"}],"wp:term":[{"taxonomy":"product_brand","embeddable":true,"href":"https:\/\/long-join.com\/es\/wp-json\/wp\/v2\/product_brand?post=16443"},{"taxonomy":"product_cat","embeddable":true,"href":"https:\/\/long-join.com\/es\/wp-json\/wp\/v2\/product_cat?post=16443"},{"taxonomy":"product_tag","embeddable":true,"href":"https:\/\/long-join.com\/es\/wp-json\/wp\/v2\/product_tag?post=16443"}],"curies":[{"name":"wp","href":"https:\/\/api.w.org\/{rel}","templated":true}]}}