{"id":16164,"date":"2025-11-14T13:12:24","date_gmt":"2025-11-14T05:12:24","guid":{"rendered":"https:\/\/long-join.com\/?post_type=product&#038;p=16164"},"modified":"2025-12-25T15:35:00","modified_gmt":"2025-12-25T07:35:00","slug":"libro-18-tubo-termorretractil-para-envolver-cables-jl-700l","status":"publish","type":"product","link":"https:\/\/long-join.com\/es\/product\/book18-heat-shrink-tube-wrapping-cable-jl-700l\/","title":{"rendered":"Book18 Tubo termorretr\u00e1ctil para envolver cables JL-700L"},"content":{"rendered":"<blockquote><p>\u3010product text\u3011The JL-700L heat-shrinkable tube cable Zhaga socket is a high-performance, intelligent lighting connection module developed by longjoin based on the Zhaga Book 18 standard. Through the use of a heat-shrinkable tube to wrap the cable and high-efficiency silicone gaskets for sealing, the waterproof performance of the socket&#8217;s back end is enhanced to IP66 level. This makes it suitable for harsh environments such as coastal docks and areas with acid mist. It combines a small, compact structure with excellent mechanical strength and supports the standard wire gauge of 18\/20\/22 AWG. It can also withstand a high voltage of 600V to ensure electrical safety and stable signal transmission.<\/p><\/blockquote>\n<blockquote><p>\u3010Estructura del producto\u3011El JL-700L cuenta con un cuerpo de conector con ranura para tarjeta y est\u00e1 equipado con una tapa Zhaga y una junta de silicona de alta elasticidad para garantizar el sellado del conector. El tubo termorretr\u00e1ctil que envuelve el conector del cable evita eficazmente la entrada de vapor de agua y polvo. El cable cumple con la especificaci\u00f3n AWM 1015, lo que garantiza una tensi\u00f3n nominal de 105 \u00b0C y 600 V para un uso estable en exteriores durante un largo periodo de tiempo.<\/p><\/blockquote>\n<blockquote><p>Otros accesorios incluyen una tuerca de pl\u00e1stico resistente que funciona con la cabeza roscada y un anillo de seguridad para garantizar una interfaz firme, evitar que se afloje y mantener el rendimiento en entornos exteriores complejos.<\/p><\/blockquote>\n<blockquote><p>El casquillo es f\u00e1cil de instalar y viene equipado con juntas de silicona y anillos de retenci\u00f3n (un anillo de fijaci\u00f3n). Se recomienda aplicar un par de apriete de al menos 2,5 Nm tras la conexi\u00f3n para evitar que las juntas se arruguen y garantizar un sellado herm\u00e9tico.<\/p><\/blockquote>\n<blockquote><p><strong>Cable con tubo termorretr\u00e1ctil JL-700L y conector Zhaga: una soluci\u00f3n sencilla para la instalaci\u00f3n.<\/strong><\/p><\/blockquote>\n<blockquote><p>Durante la instalaci\u00f3n, primero coloque la junta de silicona impermeable en el puerto roscado del casquillo, asegur\u00e1ndose de que el lado plano de la junta coincida con los tornillos del casquillo. A continuaci\u00f3n, fije el casquillo firmemente a la superficie de la l\u00e1mpara. Luego, inserte el anillo de fijaci\u00f3n en la rosca del casquillo de manera que quede ajustado firmemente contra la superficie de la l\u00e1mpara. Finalmente, instale la tuerca de zinc y apri\u00e9tela con un par de apriete superior a 2,5 N\u00b7m para evitar que la junta se arrugue. El tubo termorretr\u00e1ctil mejora el sellado en la uni\u00f3n del cable, evitando eficazmente la entrada de humedad y prolongando la vida \u00fatil.<\/p><\/blockquote>\n<blockquote><p>1 Coloque la junta impermeable en el casquillo, con el puerto plano de la junta impermeable en el puerto plano del tornillo del casquillo, #1 de la cara de la junta hacia el casquillo, como se muestra en la figura a continuaci\u00f3n.<\/p><\/blockquote>\n<p><img fetchpriority=\"high\" decoding=\"async\" class=\"alignnone wp-image-16179\" src=\"http:\/\/long-join.com\/wp-content\/uploads\/2025\/11\/zhaga-parts01.jpg\" alt=\"partes de zhaga01\" width=\"734\" height=\"459\" srcset=\"https:\/\/long-join.com\/wp-content\/uploads\/2025\/11\/zhaga-parts01.jpg 800w, https:\/\/long-join.com\/wp-content\/uploads\/2025\/11\/zhaga-parts01-300x188.jpg 300w, https:\/\/long-join.com\/wp-content\/uploads\/2025\/11\/zhaga-parts01-768x480.jpg 768w, https:\/\/long-join.com\/wp-content\/uploads\/2025\/11\/zhaga-parts01-18x12.jpg 18w, https:\/\/long-join.com\/wp-content\/uploads\/2025\/11\/zhaga-parts01-600x375.jpg 600w\" sizes=\"(max-width: 734px) 100vw, 734px\" \/><\/p>\n<blockquote><p>2 Fije el casquillo a la l\u00e1mpara, 2 caras de la junta se adhieren a la pared de la l\u00e1mpara, como se muestra en la figura a continuaci\u00f3n.<\/p><\/blockquote>\n<p><img decoding=\"async\" class=\"wp-image-16166 alignnone\" src=\"http:\/\/long-join.com\/wp-content\/uploads\/2025\/11\/JL-700L-wiring-02-300x160.jpg\" alt=\"Cableado JL-700L 02\" width=\"300\" height=\"160\" srcset=\"https:\/\/long-join.com\/wp-content\/uploads\/2025\/11\/JL-700L-wiring-02-300x160.jpg 300w, https:\/\/long-join.com\/wp-content\/uploads\/2025\/11\/JL-700L-wiring-02-18x10.jpg 18w, https:\/\/long-join.com\/wp-content\/uploads\/2025\/11\/JL-700L-wiring-02-600x320.jpg 600w, https:\/\/long-join.com\/wp-content\/uploads\/2025\/11\/JL-700L-wiring-02.jpg 702w\" sizes=\"(max-width: 300px) 100vw, 300px\" \/><\/p>\n<blockquote><p>3 Coloque el anillo de verificaci\u00f3n en el tornillo del casquillo, #2 del anillo de tope trasero se adhiere a la pared de la l\u00e1mpara, COMO se muestra en la figura a continuaci\u00f3n.<\/p><\/blockquote>\n<p><img decoding=\"async\" class=\"alignnone wp-image-16167 size-full\" src=\"http:\/\/long-join.com\/wp-content\/uploads\/2025\/11\/JL-700L-wiring-03.jpg\" alt=\"Cableado JL-700L 03\" width=\"702\" height=\"274\" srcset=\"https:\/\/long-join.com\/wp-content\/uploads\/2025\/11\/JL-700L-wiring-03.jpg 702w, https:\/\/long-join.com\/wp-content\/uploads\/2025\/11\/JL-700L-wiring-03-300x117.jpg 300w, https:\/\/long-join.com\/wp-content\/uploads\/2025\/11\/JL-700L-wiring-03-18x7.jpg 18w, https:\/\/long-join.com\/wp-content\/uploads\/2025\/11\/JL-700L-wiring-03-600x234.jpg 600w\" sizes=\"(max-width: 702px) 100vw, 702px\" \/><\/p>\n<blockquote><p>4. Instale la tuerca y el seguro, par de apriete superior a 2,5 Nm, como se muestra en la figura.<\/p><\/blockquote>\n<p><img loading=\"lazy\" decoding=\"async\" class=\"size-medium wp-image-16171 alignnone\" src=\"http:\/\/long-join.com\/wp-content\/uploads\/2025\/11\/JL-700Lshrink-tube03-300x300.jpg\" alt=\"\" width=\"300\" height=\"300\" srcset=\"https:\/\/long-join.com\/wp-content\/uploads\/2025\/11\/JL-700Lshrink-tube03-300x300.jpg 300w, https:\/\/long-join.com\/wp-content\/uploads\/2025\/11\/JL-700Lshrink-tube03-150x150.jpg 150w, https:\/\/long-join.com\/wp-content\/uploads\/2025\/11\/JL-700Lshrink-tube03-12x12.jpg 12w, https:\/\/long-join.com\/wp-content\/uploads\/2025\/11\/JL-700Lshrink-tube03-600x600.jpg 600w, https:\/\/long-join.com\/wp-content\/uploads\/2025\/11\/JL-700Lshrink-tube03-100x100.jpg 100w, https:\/\/long-join.com\/wp-content\/uploads\/2025\/11\/JL-700Lshrink-tube03.jpg 650w\" sizes=\"(max-width: 300px) 100vw, 300px\" \/><\/p>","protected":false},"excerpt":{"rendered":"<p>Esta es una versi\u00f3n mejorada del dise\u00f1o JL-700L con cable termorretr\u00e1ctil. Adem\u00e1s, se ofrece como opci\u00f3n un tubo termorretr\u00e1ctil de 10 a 20 cm de longitud para envolver la zona desde el terminal trasero del conector Zhaga hasta el cable.<\/p>\n<p>-Puerto 1: 24 VCC<br \/>\n\u2013 Puerto 2: DALI\u2013\/GND<br \/>\n\u2013 Puerto 3: DALI+<br \/>\n\u2013 Puerto 4: reserva\/O<\/p>","protected":false},"featured_media":16169,"template":"","meta":{"_acf_changed":false,"_seopress_robots_primary_cat":"none","_seopress_titles_title":"","_seopress_titles_desc":"","_seopress_robots_index":""},"product_brand":[],"product_cat":[28,35,29,49],"product_tag":[48,54],"class_list":{"0":"post-16164","1":"product","2":"type-product","3":"status-publish","4":"has-post-thumbnail","6":"product_cat-our-product","7":"product_cat-photocell-switch-fittings","8":"product_cat-zhaga-series","9":"product_cat-zhaga-socket","10":"product_tag-zhaga","11":"product_tag-zhaga-socket","13":"first","14":"instock","15":"shipping-taxable","16":"product-type-simple"},"acf":[],"_links":{"self":[{"href":"https:\/\/long-join.com\/es\/wp-json\/wp\/v2\/product\/16164","targetHints":{"allow":["GET"]}}],"collection":[{"href":"https:\/\/long-join.com\/es\/wp-json\/wp\/v2\/product"}],"about":[{"href":"https:\/\/long-join.com\/es\/wp-json\/wp\/v2\/types\/product"}],"version-history":[{"count":11,"href":"https:\/\/long-join.com\/es\/wp-json\/wp\/v2\/product\/16164\/revisions"}],"predecessor-version":[{"id":16178,"href":"https:\/\/long-join.com\/es\/wp-json\/wp\/v2\/product\/16164\/revisions\/16178"}],"wp:featuredmedia":[{"embeddable":true,"href":"https:\/\/long-join.com\/es\/wp-json\/wp\/v2\/media\/16169"}],"wp:attachment":[{"href":"https:\/\/long-join.com\/es\/wp-json\/wp\/v2\/media?parent=16164"}],"wp:term":[{"taxonomy":"product_brand","embeddable":true,"href":"https:\/\/long-join.com\/es\/wp-json\/wp\/v2\/product_brand?post=16164"},{"taxonomy":"product_cat","embeddable":true,"href":"https:\/\/long-join.com\/es\/wp-json\/wp\/v2\/product_cat?post=16164"},{"taxonomy":"product_tag","embeddable":true,"href":"https:\/\/long-join.com\/es\/wp-json\/wp\/v2\/product_tag?post=16164"}],"curies":[{"name":"wp","href":"https:\/\/api.w.org\/{rel}","templated":true}]}}