{"id":16114,"date":"2025-11-06T13:13:15","date_gmt":"2025-11-06T05:13:15","guid":{"rendered":"https:\/\/long-join.com\/?post_type=product&#038;p=16114"},"modified":"2025-11-06T14:02:35","modified_gmt":"2025-11-06T06:02:35","slug":"zhaga-controller-pir-mode-light-sensing-dali-dimming-jl-723a1h","status":"publish","type":"product","link":"https:\/\/long-join.com\/es\/product\/zhaga-controller-pir-mode-light-sensing-dali-dimming-jl-723a1h\/","title":{"rendered":"Controlador Zhaga con modo PIR, sensor de luz y atenuaci\u00f3n Dali JL-723A1H"},"content":{"rendered":"<blockquote><p>JL-723A1H DALI2.0 Dimmig and PIR + light sensing mode. you can adjust brightness level, or sensing lux value changes via our infrared remote controller(display screen mode, keyboard model) . naturelly, there are Max different point between zhaga control JL722A1H and JL723A1H in auto-activating operations, one is microwave, another is Passive\u00a0 \u00a0infrared. however, they can perfect come true your pre-setting goals.\u00a0 in additionally, both are existing common dim-brightness shift process, such as brightness steps: slightly bright-full bright-keep brightness 100% time 30s-then back pre-brightness modes (slightly bright).<\/p><\/blockquote>\n<blockquote><p>To solve your puzzles:<\/p><\/blockquote>\n<blockquote><p>1-722A1H price is lower than JL-722A2H;<\/p><\/blockquote>\n<blockquote><p>2-722A1H sensing radius:6-9m, under mount height 12m<\/p><\/blockquote>\n<blockquote><p>Parte 1: Demostraci\u00f3n de una parte de la funci\u00f3n y c\u00f3mo trabajar en el interior.<\/p><\/blockquote>\n<p><img fetchpriority=\"high\" decoding=\"async\" class=\"wp-image-8951 size-full\" src=\"http:\/\/long-join.com\/wp-content\/uploads\/2024\/08\/zhaga-control-with-trigger.jpg\" alt=\"Control zhaga con gatillo\" width=\"758\" height=\"235\" srcset=\"https:\/\/long-join.com\/wp-content\/uploads\/2024\/08\/zhaga-control-with-trigger.jpg 758w, https:\/\/long-join.com\/wp-content\/uploads\/2024\/08\/zhaga-control-with-trigger-300x93.jpg 300w, https:\/\/long-join.com\/wp-content\/uploads\/2024\/08\/zhaga-control-with-trigger-600x186.jpg 600w\" sizes=\"(max-width: 758px) 100vw, 758px\" \/><\/p>","protected":false},"excerpt":{"rendered":"<p>1. Product Model: JL-723A1H<br \/>\n2. Salida de atenuaci\u00f3n: DALI2.0<br \/>\n3. Compliant Standard: zhaga book18<br \/>\n4. Sensor type:Light sensitivity+PIR<br \/>\n5. infrared remote control to set different parameters<br \/>\n6. Visible light filtered photosensitive sensor<\/p>","protected":false},"featured_media":16119,"template":"","meta":{"_acf_changed":false,"_seopress_robots_primary_cat":"none","_seopress_titles_title":"","_seopress_titles_desc":"","_seopress_robots_index":""},"product_brand":[],"product_cat":[28,50,29],"product_tag":[],"class_list":{"0":"post-16114","1":"product","2":"type-product","3":"status-publish","4":"has-post-thumbnail","6":"product_cat-our-product","7":"product_cat-zhaga-sensor","8":"product_cat-zhaga-series","10":"first","11":"instock","12":"shipping-taxable","13":"product-type-simple"},"acf":[],"_links":{"self":[{"href":"https:\/\/long-join.com\/es\/wp-json\/wp\/v2\/product\/16114","targetHints":{"allow":["GET"]}}],"collection":[{"href":"https:\/\/long-join.com\/es\/wp-json\/wp\/v2\/product"}],"about":[{"href":"https:\/\/long-join.com\/es\/wp-json\/wp\/v2\/types\/product"}],"version-history":[{"count":1,"href":"https:\/\/long-join.com\/es\/wp-json\/wp\/v2\/product\/16114\/revisions"}],"predecessor-version":[{"id":16121,"href":"https:\/\/long-join.com\/es\/wp-json\/wp\/v2\/product\/16114\/revisions\/16121"}],"wp:featuredmedia":[{"embeddable":true,"href":"https:\/\/long-join.com\/es\/wp-json\/wp\/v2\/media\/16119"}],"wp:attachment":[{"href":"https:\/\/long-join.com\/es\/wp-json\/wp\/v2\/media?parent=16114"}],"wp:term":[{"taxonomy":"product_brand","embeddable":true,"href":"https:\/\/long-join.com\/es\/wp-json\/wp\/v2\/product_brand?post=16114"},{"taxonomy":"product_cat","embeddable":true,"href":"https:\/\/long-join.com\/es\/wp-json\/wp\/v2\/product_cat?post=16114"},{"taxonomy":"product_tag","embeddable":true,"href":"https:\/\/long-join.com\/es\/wp-json\/wp\/v2\/product_tag?post=16114"}],"curies":[{"name":"wp","href":"https:\/\/api.w.org\/{rel}","templated":true}]}}