{"id":16090,"date":"2025-11-05T18:26:15","date_gmt":"2025-11-05T10:26:15","guid":{"rendered":"https:\/\/long-join.com\/?post_type=product&#038;p=16090"},"modified":"2025-11-06T11:27:01","modified_gmt":"2025-11-06T03:27:01","slug":"zhaga-controller-dali2-0-microwave-motion-triggle-active-lighting-jl-722a1h","status":"publish","type":"product","link":"https:\/\/long-join.com\/es\/product\/zhaga-controller-dali2-0-microwave-motion-triggle-active-lighting-jl-722a1h\/","title":{"rendered":"Controlador Zhaga DALi2.0 con sensor de movimiento por microondas para iluminaci\u00f3n activa JL-722A1H"},"content":{"rendered":"<blockquote><p>JL-722A1H DALI2.0 Dimmig and Microwave + light sensing mode. this how to adjust brightness level is depend by you can set different parameter or pre-set brightness modes. naturelly, jl722A1H zhaga controller is similar to active lighting level of\u00a0 jl722A2H performance, such as brightness steps: slightly bright-full bright-keep brightness 100% time 30s-then back pre-brightness modes (slightly bright).<\/p><\/blockquote>\n<blockquote><p>To solve your puzzles:<\/p><\/blockquote>\n<blockquote><p>1-722A1H price is lower than JL-722A2H;<\/p><\/blockquote>\n<blockquote><p>2-722A1H sensing radius:6-9m, under mount height 12m<\/p><\/blockquote>\n<blockquote><p>Parte 1: Demostraci\u00f3n de una parte de la funci\u00f3n y c\u00f3mo trabajar en el interior.<\/p><\/blockquote>\n<p><img fetchpriority=\"high\" decoding=\"async\" class=\"wp-image-8951 size-full\" src=\"http:\/\/long-join.com\/wp-content\/uploads\/2024\/08\/zhaga-control-with-trigger.jpg\" alt=\"Control zhaga con gatillo\" width=\"758\" height=\"235\" srcset=\"https:\/\/long-join.com\/wp-content\/uploads\/2024\/08\/zhaga-control-with-trigger.jpg 758w, https:\/\/long-join.com\/wp-content\/uploads\/2024\/08\/zhaga-control-with-trigger-300x93.jpg 300w, https:\/\/long-join.com\/wp-content\/uploads\/2024\/08\/zhaga-control-with-trigger-600x186.jpg 600w\" sizes=\"(max-width: 758px) 100vw, 758px\" \/><\/p>","protected":false},"excerpt":{"rendered":"<p>1. Product Model: JL-722A1H<br \/>\n2. Salida de atenuaci\u00f3n: DALI2.0<br \/>\n3. Compliant Standard: zhaga book18<br \/>\n4. Sensor type:Light sensitivity+microwave<br \/>\n5. infrared remote control to set different parameters<br \/>\n6. Visible light filtered photosensitive sensor<\/p>","protected":false},"featured_media":16093,"template":"","meta":{"_acf_changed":false,"_seopress_robots_primary_cat":"none","_seopress_titles_title":"","_seopress_titles_desc":"","_seopress_robots_index":""},"product_brand":[],"product_cat":[28,50,29],"product_tag":[],"class_list":{"0":"post-16090","1":"product","2":"type-product","3":"status-publish","4":"has-post-thumbnail","6":"product_cat-our-product","7":"product_cat-zhaga-sensor","8":"product_cat-zhaga-series","10":"first","11":"instock","12":"shipping-taxable","13":"product-type-simple"},"acf":[],"_links":{"self":[{"href":"https:\/\/long-join.com\/es\/wp-json\/wp\/v2\/product\/16090","targetHints":{"allow":["GET"]}}],"collection":[{"href":"https:\/\/long-join.com\/es\/wp-json\/wp\/v2\/product"}],"about":[{"href":"https:\/\/long-join.com\/es\/wp-json\/wp\/v2\/types\/product"}],"version-history":[{"count":6,"href":"https:\/\/long-join.com\/es\/wp-json\/wp\/v2\/product\/16090\/revisions"}],"predecessor-version":[{"id":16113,"href":"https:\/\/long-join.com\/es\/wp-json\/wp\/v2\/product\/16090\/revisions\/16113"}],"wp:featuredmedia":[{"embeddable":true,"href":"https:\/\/long-join.com\/es\/wp-json\/wp\/v2\/media\/16093"}],"wp:attachment":[{"href":"https:\/\/long-join.com\/es\/wp-json\/wp\/v2\/media?parent=16090"}],"wp:term":[{"taxonomy":"product_brand","embeddable":true,"href":"https:\/\/long-join.com\/es\/wp-json\/wp\/v2\/product_brand?post=16090"},{"taxonomy":"product_cat","embeddable":true,"href":"https:\/\/long-join.com\/es\/wp-json\/wp\/v2\/product_cat?post=16090"},{"taxonomy":"product_tag","embeddable":true,"href":"https:\/\/long-join.com\/es\/wp-json\/wp\/v2\/product_tag?post=16090"}],"curies":[{"name":"wp","href":"https:\/\/api.w.org\/{rel}","templated":true}]}}