{"id":16073,"date":"2025-11-05T14:31:13","date_gmt":"2025-11-05T06:31:13","guid":{"rendered":"https:\/\/long-join.com\/?post_type=product&#038;p=16073"},"modified":"2025-11-05T15:34:16","modified_gmt":"2025-11-05T07:34:16","slug":"receptaculo-de-derivacion-de-potencia-tipo-nema-jl-250p","status":"publish","type":"product","link":"https:\/\/long-join.com\/es\/product\/jl-250p-nema-type-power-tap-receptacle\/","title":{"rendered":"Toma de corriente con derivaci\u00f3n tipo NEMA JL-250P"},"content":{"rendered":"<blockquote><p>El adaptador de potencia JL-250P es un innovador sistema de expansi\u00f3n de alimentaci\u00f3n para alumbrado p\u00fablico que permite el f\u00e1cil acceso a la fuente de alimentaci\u00f3n desde la farola. Se conecta directamente a la l\u00ednea de alimentaci\u00f3n de la farola mediante un empalme entre el controlador de luz y el recept\u00e1culo de fotoc\u00e9lula con bloqueo giratorio, sin interferir con el funcionamiento normal del controlador de luz.<\/p><\/blockquote>\n<blockquote><p>El JL250P admite una interfaz est\u00e1ndar ANSI C136.41 de 7 pines, que incluye un conector de alimentaci\u00f3n de 3 pines y una l\u00ednea de se\u00f1al de 4 pines, adecuada para instalar cualquier toma NEMA est\u00e1ndar.<\/p><\/blockquote>\n<blockquote><p>Nuestros productos no solo proporcionan alimentaci\u00f3n continua para equipos como c\u00e1maras inteligentes, sensores y m\u00f3dulos de comunicaci\u00f3n, sino que tambi\u00e9n son compatibles con soluciones de alimentaci\u00f3n basadas en interruptores de alumbrado p\u00fablico, ofreciendo opciones flexibles para satisfacer las necesidades de diferentes dispositivos el\u00e9ctricos. Algunos modelos incorporan interfaces de transmisi\u00f3n de se\u00f1al para facilitar la integraci\u00f3n de sistemas IoT de ciudades inteligentes y la retroalimentaci\u00f3n de datos, mientras que el JL-250P optimiza la distribuci\u00f3n de dispositivos inteligentes exteriores y potencia las mejoras en la iluminaci\u00f3n inteligente.<\/p><\/blockquote>","protected":false},"excerpt":{"rendered":"<p>Interfaz de conector ANSI C 136.41 de 1-7 pines:<br \/>\nCombinaci\u00f3n de 2 enchufes y base NEMA, f\u00e1cil y c\u00f3moda de instalar.<br \/>\n3. Proporcionar cables de alimentaci\u00f3n y se\u00f1al externos de 16 AWG que ofrezcan una salida de alimentaci\u00f3n auxiliar est\u00e1ndar.<br \/>\n4-No interfiere con la funci\u00f3n de control del interruptor de luz<br \/>\nDise\u00f1o impermeable IP65 (5) para cumplir con los requisitos de sellado del controlador de luminarias<\/p>","protected":false},"featured_media":16076,"template":"","meta":{"_acf_changed":false,"_seopress_robots_primary_cat":"none","_seopress_titles_title":"","_seopress_titles_desc":"","_seopress_robots_index":""},"product_brand":[],"product_cat":[56,31],"product_tag":[],"class_list":{"0":"post-16073","1":"product","2":"type-product","3":"status-publish","4":"has-post-thumbnail","6":"product_cat-nema-7-pin-receptacle","7":"product_cat-nema-standard-connector","9":"first","10":"instock","11":"shipping-taxable","12":"product-type-simple"},"acf":[],"_links":{"self":[{"href":"https:\/\/long-join.com\/es\/wp-json\/wp\/v2\/product\/16073","targetHints":{"allow":["GET"]}}],"collection":[{"href":"https:\/\/long-join.com\/es\/wp-json\/wp\/v2\/product"}],"about":[{"href":"https:\/\/long-join.com\/es\/wp-json\/wp\/v2\/types\/product"}],"version-history":[{"count":7,"href":"https:\/\/long-join.com\/es\/wp-json\/wp\/v2\/product\/16073\/revisions"}],"predecessor-version":[{"id":16088,"href":"https:\/\/long-join.com\/es\/wp-json\/wp\/v2\/product\/16073\/revisions\/16088"}],"wp:featuredmedia":[{"embeddable":true,"href":"https:\/\/long-join.com\/es\/wp-json\/wp\/v2\/media\/16076"}],"wp:attachment":[{"href":"https:\/\/long-join.com\/es\/wp-json\/wp\/v2\/media?parent=16073"}],"wp:term":[{"taxonomy":"product_brand","embeddable":true,"href":"https:\/\/long-join.com\/es\/wp-json\/wp\/v2\/product_brand?post=16073"},{"taxonomy":"product_cat","embeddable":true,"href":"https:\/\/long-join.com\/es\/wp-json\/wp\/v2\/product_cat?post=16073"},{"taxonomy":"product_tag","embeddable":true,"href":"https:\/\/long-join.com\/es\/wp-json\/wp\/v2\/product_tag?post=16073"}],"curies":[{"name":"wp","href":"https:\/\/api.w.org\/{rel}","templated":true}]}}