{"id":14740,"date":"2025-08-29T14:22:07","date_gmt":"2025-08-29T06:22:07","guid":{"rendered":"https:\/\/long-join.com\/?post_type=product&#038;p=14740"},"modified":"2025-08-29T15:34:28","modified_gmt":"2025-08-29T07:34:28","slug":"zocalo-zhaga-book18-jl-700w2-version-sin-cables","status":"publish","type":"product","link":"https:\/\/long-join.com\/es\/product\/book18-zhaga-socket-jl-700w2-leadless-version\/","title":{"rendered":"Libro 18 Zhaga Socket JL-700W2 Versi\u00f3n sin cables"},"content":{"rendered":"<blockquote><p><strong>El 700W2 presenta un dise\u00f1o innovador basado en el 700W. La diferencia radica en un orificio adicional ubicado junto al 700W. La asignaci\u00f3n de cableado para estos cuatro orificios es la misma que para el 700W.<\/strong><\/p><\/blockquote>\n<blockquote><p>Estos orificios de cableado adicionales ofrecen a los fabricantes de luminarias m\u00e1s opciones de controladores. Este dise\u00f1o innovador permite a los fabricantes a\u00f1adir f\u00e1cilmente controladores adicionales sin necesidad de un cableado complejo. Esto simplifica la instalaci\u00f3n y mejora significativamente la personalizaci\u00f3n y la capacidad de expansi\u00f3n de la luminaria.<\/p><\/blockquote>\n<blockquote><p>Con la 700W2, es m\u00e1s f\u00e1cil crear luminarias multifuncionales. Por ejemplo, se pueden a\u00f1adir diferentes controladores a la misma luminaria para ofrecer m\u00faltiples modos de iluminaci\u00f3n o funciones de control inteligente, como atenuaci\u00f3n multinivel, ajuste de la temperatura de color, cambio de escenas, control y monitorizaci\u00f3n remotos, y control inteligente por sensor.<\/p><\/blockquote>\n<blockquote><p><strong>Modos de iluminaci\u00f3n de varios niveles<\/strong>Al usar controladores adicionales, podemos lograr un control de atenuaci\u00f3n m\u00e1s preciso. Por ejemplo, un controlador podr\u00eda ser responsable de la iluminaci\u00f3n principal, mientras que otro se encarga de la iluminaci\u00f3n auxiliar o decorativa. Esto permite crear entornos de iluminaci\u00f3n multinivel para satisfacer las necesidades de diferentes escenarios.<\/p><\/blockquote>\n<blockquote><p><strong>Funcionalidad de control inteligente<\/strong>Al usar diferentes controladores, podemos lograr un control m\u00e1s complejo basado en sensores. Por ejemplo, un controlador podr\u00eda controlar la iluminaci\u00f3n b\u00e1sica, mientras que otro podr\u00eda ajustar la intensidad de la iluminaci\u00f3n adicional seg\u00fan el movimiento o la detecci\u00f3n de luz, mejorando as\u00ed la eficiencia energ\u00e9tica.<\/p><\/blockquote>","protected":false},"excerpt":{"rendered":"<p>El jl700w2 no solo tiene el est\u00e1ndar book18, tambi\u00e9n hay 4 orificios de cableado adicionales junto al 700W. Al mismo tiempo, la definici\u00f3n del puerto sigue estando disponible con jl-700w.<\/p>\n<p>-Puerto 1: 24 VCC<br \/>\n\u2013 Puerto 2: DALI\u2013\/GND<br \/>\n\u2013 Puerto 3: DALI+<br \/>\n\u2013 Puerto 4: reserva\/O<\/p>","protected":false},"featured_media":14743,"template":"","meta":{"_acf_changed":false,"_seopress_robots_primary_cat":"none","_seopress_titles_title":"","_seopress_titles_desc":"","_seopress_robots_index":""},"product_brand":[],"product_cat":[28,35,29,49],"product_tag":[48,54],"class_list":{"0":"post-14740","1":"product","2":"type-product","3":"status-publish","4":"has-post-thumbnail","6":"product_cat-our-product","7":"product_cat-photocell-switch-fittings","8":"product_cat-zhaga-series","9":"product_cat-zhaga-socket","10":"product_tag-zhaga","11":"product_tag-zhaga-socket","13":"first","14":"instock","15":"shipping-taxable","16":"product-type-simple"},"acf":[],"_links":{"self":[{"href":"https:\/\/long-join.com\/es\/wp-json\/wp\/v2\/product\/14740","targetHints":{"allow":["GET"]}}],"collection":[{"href":"https:\/\/long-join.com\/es\/wp-json\/wp\/v2\/product"}],"about":[{"href":"https:\/\/long-join.com\/es\/wp-json\/wp\/v2\/types\/product"}],"version-history":[{"count":2,"href":"https:\/\/long-join.com\/es\/wp-json\/wp\/v2\/product\/14740\/revisions"}],"predecessor-version":[{"id":14748,"href":"https:\/\/long-join.com\/es\/wp-json\/wp\/v2\/product\/14740\/revisions\/14748"}],"wp:featuredmedia":[{"embeddable":true,"href":"https:\/\/long-join.com\/es\/wp-json\/wp\/v2\/media\/14743"}],"wp:attachment":[{"href":"https:\/\/long-join.com\/es\/wp-json\/wp\/v2\/media?parent=14740"}],"wp:term":[{"taxonomy":"product_brand","embeddable":true,"href":"https:\/\/long-join.com\/es\/wp-json\/wp\/v2\/product_brand?post=14740"},{"taxonomy":"product_cat","embeddable":true,"href":"https:\/\/long-join.com\/es\/wp-json\/wp\/v2\/product_cat?post=14740"},{"taxonomy":"product_tag","embeddable":true,"href":"https:\/\/long-join.com\/es\/wp-json\/wp\/v2\/product_tag?post=14740"}],"curies":[{"name":"wp","href":"https:\/\/api.w.org\/{rel}","templated":true}]}}