{"id":1446,"date":"2023-09-28T18:07:31","date_gmt":"2023-09-28T10:07:31","guid":{"rendered":"https:\/\/long-join.com\/?post_type=product&#038;p=1446"},"modified":"2025-11-27T17:33:30","modified_gmt":"2025-11-27T09:33:30","slug":"fotocelula-de-boton-miniatura-jl-412c-120-277-v-ca","status":"publish","type":"product","link":"https:\/\/long-join.com\/es\/product\/jl-412c-miniature-button-photocell-120-277vac\/","title":{"rendered":"Fotoc\u00e9lula de bot\u00f3n miniatura JL-412C de 120 a 277 V CA"},"content":{"rendered":"<blockquote><p>El sensor fototransistor JL-412C(R) es aplicable para controlar la iluminaci\u00f3n de pasillos y puertas de forma autom\u00e1tica de acuerdo con el nivel de iluminaci\u00f3n ambiental.<\/p><\/blockquote>\n<blockquote><p>Caracter\u00edstica<\/p><\/blockquote>\n<ol>\n<li>UL773A direct wire-in;<\/li>\n<li>Cabezal de fotoc\u00e9lula de bot\u00f3n con tama\u00f1os de orificios de 10 mm, M10;<\/li>\n<li>Protecci\u00f3n IP65;<\/li>\n<li>Norma compatible con interruptores fotoel\u00e9ctricos no industriales para control de iluminaci\u00f3n UL773A.<\/li>\n<\/ol>","protected":false},"excerpt":{"rendered":"<p>1. Modelo del producto: JL-412C<br \/>\n2. Voltaje nominal: 120-277 VCA<br \/>\n3. On \/ OFF Lux Level : 10-30 Lx on  30-80 Lx off<br \/>\n4. Clasificaci\u00f3n IP: IP65<br \/>\n5. Est\u00e1ndares compatibles: CE, ROHS, UL<\/p>","protected":false},"featured_media":4389,"template":"","meta":{"_acf_changed":false,"_seopress_robots_primary_cat":"none","_seopress_titles_title":"","_seopress_titles_desc":"","_seopress_robots_index":""},"product_brand":[],"product_cat":[62,28,30],"product_tag":[],"class_list":{"0":"post-1446","1":"product","2":"type-product","3":"status-publish","4":"has-post-thumbnail","6":"product_cat-button-photocell","7":"product_cat-our-product","8":"product_cat-wire-in-controllers","10":"first","11":"instock","12":"shipping-taxable","13":"product-type-simple"},"acf":[],"_links":{"self":[{"href":"https:\/\/long-join.com\/es\/wp-json\/wp\/v2\/product\/1446","targetHints":{"allow":["GET"]}}],"collection":[{"href":"https:\/\/long-join.com\/es\/wp-json\/wp\/v2\/product"}],"about":[{"href":"https:\/\/long-join.com\/es\/wp-json\/wp\/v2\/types\/product"}],"version-history":[{"count":2,"href":"https:\/\/long-join.com\/es\/wp-json\/wp\/v2\/product\/1446\/revisions"}],"predecessor-version":[{"id":16449,"href":"https:\/\/long-join.com\/es\/wp-json\/wp\/v2\/product\/1446\/revisions\/16449"}],"wp:featuredmedia":[{"embeddable":true,"href":"https:\/\/long-join.com\/es\/wp-json\/wp\/v2\/media\/4389"}],"wp:attachment":[{"href":"https:\/\/long-join.com\/es\/wp-json\/wp\/v2\/media?parent=1446"}],"wp:term":[{"taxonomy":"product_brand","embeddable":true,"href":"https:\/\/long-join.com\/es\/wp-json\/wp\/v2\/product_brand?post=1446"},{"taxonomy":"product_cat","embeddable":true,"href":"https:\/\/long-join.com\/es\/wp-json\/wp\/v2\/product_cat?post=1446"},{"taxonomy":"product_tag","embeddable":true,"href":"https:\/\/long-join.com\/es\/wp-json\/wp\/v2\/product_tag?post=1446"}],"curies":[{"name":"wp","href":"https:\/\/api.w.org\/{rel}","templated":true}]}}