{"id":14225,"date":"2025-08-01T18:07:21","date_gmt":"2025-08-01T10:07:21","guid":{"rendered":"https:\/\/long-join.com\/?post_type=product&#038;p=14225"},"modified":"2025-08-06T10:47:09","modified_gmt":"2025-08-06T02:47:09","slug":"fotocontrolador-de-iluminacion-semiterminado-escalable-e-inteligente-protocolo-de-comunicacion-jl-265cx","status":"publish","type":"product","link":"https:\/\/long-join.com\/es\/product\/scalable-smart-street-light-semi-finished-lighting-photocontroller-communication-protocol-jl-265cx\/","title":{"rendered":"Fotocontrolador de iluminaci\u00f3n semielaborado para farola inteligente escalable con protocolo de comunicaci\u00f3n JL-265CX"},"content":{"rendered":"<blockquote><p>LONG-JOIN Technology cuenta con una amplia experiencia y capacidades innovadoras en el control inteligente de la iluminaci\u00f3n. Contamos con los recursos necesarios para desarrollar soluciones de control de iluminaci\u00f3n altamente personalizadas para clientes internacionales. Nuestra principal ventaja reside en la combinaci\u00f3n de tecnolog\u00eda avanzada de fotocontrol con la flexibilidad de personalizaci\u00f3n del hardware para ofrecer soluciones optimizadas de control del alumbrado p\u00fablico.<\/p><\/blockquote>\n<p><img fetchpriority=\"high\" decoding=\"async\" class=\"aligncenter wp-image-14226 size-full\" title=\"M\u00f3dulo de comunicaci\u00f3n inteligente JL-265CX01\" src=\"http:\/\/long-join.com\/wp-content\/uploads\/2025\/08\/JL-265CX-smart-communication-module.jpg\" alt=\"M\u00f3dulo de comunicaci\u00f3n inteligente JL-265CX\" width=\"1100\" height=\"412\" srcset=\"https:\/\/long-join.com\/wp-content\/uploads\/2025\/08\/JL-265CX-smart-communication-module.jpg 1100w, https:\/\/long-join.com\/wp-content\/uploads\/2025\/08\/JL-265CX-smart-communication-module-300x112.jpg 300w, https:\/\/long-join.com\/wp-content\/uploads\/2025\/08\/JL-265CX-smart-communication-module-1024x384.jpg 1024w, https:\/\/long-join.com\/wp-content\/uploads\/2025\/08\/JL-265CX-smart-communication-module-768x288.jpg 768w, https:\/\/long-join.com\/wp-content\/uploads\/2025\/08\/JL-265CX-smart-communication-module-18x7.jpg 18w, https:\/\/long-join.com\/wp-content\/uploads\/2025\/08\/JL-265CX-smart-communication-module-600x225.jpg 600w\" sizes=\"(max-width: 1100px) 100vw, 1100px\" \/><\/p>\n<blockquote><p><strong>Capacidades de creaci\u00f3n r\u00e1pida de prototipos<\/strong><\/p><\/blockquote>\n<blockquote><p>El equipo de ingenier\u00eda de LONG-JOIN est\u00e1 compuesto por ingenieros de hardware experimentados, expertos en desarrollo de sistemas embebidos y especialistas en integraci\u00f3n de protocolos de comunicaci\u00f3n. Este equipo de \u00e9lite es capaz de comprender y responder r\u00e1pidamente a las necesidades espec\u00edficas de los proveedores de servicios de software internacionales.<\/p><\/blockquote>\n<blockquote><p>Para un proyecto t\u00edpico de personalizaci\u00f3n de PCBA, solemos completar todo el proceso, desde el an\u00e1lisis de requisitos hasta la entrega de muestras, en un plazo de 4 a 6 semanas. Esta eficiencia se debe a nuestra amplia experiencia t\u00e9cnica y a nuestro enfoque de dise\u00f1o modular. Por ejemplo, nuestra plataforma JL-265CX (PCBA) viene preintegrada con varios m\u00f3dulos funcionales comunes, como interfaces de comunicaci\u00f3n, circuitos de atenuaci\u00f3n e interfaces de sensores. Esto nos permite combinar r\u00e1pidamente funciones y desarrollar soluciones personalizadas seg\u00fan las necesidades del cliente.<\/p><\/blockquote>\n<blockquote><p><strong>Capacidades de personalizaci\u00f3n integrales del JL-265CX<\/strong><\/p><\/blockquote>\n<blockquote><p>El JL-265CX (PCBA) es el \u00faltimo controlador de iluminaci\u00f3n inteligente semiacabado de Long-join Technology con protocolos de comunicaci\u00f3n. Este producto es m\u00e1s que un simple dispositivo de fotocontrol; es un centro de control inteligente que integra m\u00faltiples funciones avanzadas para satisfacer las complejas necesidades de los sistemas de alumbrado p\u00fablico modernos.<\/p><\/blockquote>\n<blockquote><p><strong>El JL-265CX desarrollado por Long-join es un producto controlador con funciones continuamente expandibles.<\/strong><\/p>\n<p><img decoding=\"async\" class=\"aligncenter wp-image-14227 size-full\" title=\"M\u00f3dulo de comunicaci\u00f3n inteligente JL-265CX01\" src=\"http:\/\/long-join.com\/wp-content\/uploads\/2025\/08\/JL-265CX-smart-communication-module01.jpg\" alt=\"M\u00f3dulo de comunicaci\u00f3n inteligente JL-265CX01\" width=\"815\" height=\"785\" srcset=\"https:\/\/long-join.com\/wp-content\/uploads\/2025\/08\/JL-265CX-smart-communication-module01.jpg 815w, https:\/\/long-join.com\/wp-content\/uploads\/2025\/08\/JL-265CX-smart-communication-module01-300x289.jpg 300w, https:\/\/long-join.com\/wp-content\/uploads\/2025\/08\/JL-265CX-smart-communication-module01-768x740.jpg 768w, https:\/\/long-join.com\/wp-content\/uploads\/2025\/08\/JL-265CX-smart-communication-module01-12x12.jpg 12w, https:\/\/long-join.com\/wp-content\/uploads\/2025\/08\/JL-265CX-smart-communication-module01-600x578.jpg 600w\" sizes=\"(max-width: 815px) 100vw, 815px\" \/><\/p><\/blockquote>\n<blockquote><p>1. Compatible con otros protocolos de comunicaci\u00f3n.<\/p><\/blockquote>\n<blockquote><p>Aqu\u00ed tenemos diferentes protocolos de comunicaci\u00f3n: como LoRa, NB-IoT, 4G, Zigbee, Wi-Fi, Bluetooth y m\u00e1s.<\/p><\/blockquote>\n<blockquote><p>2-Puede proporcionar servicios de integraci\u00f3n de interfaz de E\/S perif\u00e9rica<\/p><\/blockquote>\n<blockquote><p>Sensor modules include light sensors, temperature sensors, humidity sensors, motion sensors, and GPS modules.<br \/>\nPCBAs offer integrated modules including AC-DC circuits, relay switching circuits, ultra-long life control circuits, dimming circuits, light sensing circuits, electrical metering circuits, power-off energy storage circuits, and RTC circuits.<\/p><\/blockquote>\n<blockquote><p><strong>3- Servicio de requisitos de atenuaci\u00f3n de iluminaci\u00f3n escalable<\/strong><\/p><\/blockquote>\n<ul>\n<li>\u00a0Atenuaci\u00f3n de 0-10 V: jl265CX puede ser compatible con la mayor\u00eda de los controladores LED.<\/li>\n<li>\u00a0Protocolo DALI: admite control de atenuaci\u00f3n avanzado con comunicaci\u00f3n direccionable.<\/li>\n<li>Atenuaci\u00f3n PWM: proporciona un ajuste de brillo de grano fino.<\/li>\n<li>Atenuaci\u00f3n de corriente constante: garantiza un brillo LED estable en diferentes niveles de brillo.<\/li>\n<\/ul>\n<blockquote><p>Por encima de estos m\u00f3dulos funcionales se pueden gestionar y controlar de manera uniforme a trav\u00e9s del <strong>Protocolo Modbus UART<\/strong>, lo que permite que el JL-265CX se integre perfectamente en varias plataformas de gesti\u00f3n de iluminaci\u00f3n inteligente.<\/p><\/blockquote>\n<blockquote><p><strong>Ventajas \u00fanicas de los productos PCBA de uni\u00f3n larga<\/strong><\/p><\/blockquote>\n<blockquote><p>Al desarrollar la gama de productos JL-265CX, Long-join&#039;s Technology tuvo en cuenta las necesidades de los proveedores de servicios de software internacionales, creando una plataforma de control de iluminaci\u00f3n inteligente con importantes ventajas competitivas. Estas ventajas se reflejan no solo en los propios productos, sino tambi\u00e9n en todos los aspectos de la soluci\u00f3n completa.<\/p><\/blockquote>\n<blockquote>\n<figure id=\"attachment_14252\" aria-describedby=\"caption-attachment-14252\" style=\"width: 923px\" class=\"wp-caption aligncenter\"><img decoding=\"async\" class=\"wp-image-14252 size-full\" title=\"M\u00f3dulo de comunicaci\u00f3n inteligente JL-265CX02\" src=\"http:\/\/long-join.com\/wp-content\/uploads\/2025\/08\/JL-265CX-smart-communication-module03.jpg\" alt=\"M\u00f3dulo de comunicaci\u00f3n inteligente JL-265CX03\" width=\"923\" height=\"785\" srcset=\"https:\/\/long-join.com\/wp-content\/uploads\/2025\/08\/JL-265CX-smart-communication-module03.jpg 923w, https:\/\/long-join.com\/wp-content\/uploads\/2025\/08\/JL-265CX-smart-communication-module03-300x255.jpg 300w, https:\/\/long-join.com\/wp-content\/uploads\/2025\/08\/JL-265CX-smart-communication-module03-768x653.jpg 768w, https:\/\/long-join.com\/wp-content\/uploads\/2025\/08\/JL-265CX-smart-communication-module03-14x12.jpg 14w, https:\/\/long-join.com\/wp-content\/uploads\/2025\/08\/JL-265CX-smart-communication-module03-600x510.jpg 600w\" sizes=\"(max-width: 923px) 100vw, 923px\" \/><figcaption id=\"caption-attachment-14252\" class=\"wp-caption-text\">M\u00f3dulo de comunicaci\u00f3n inteligente JL-265CX03<\/figcaption><\/figure>\n<p><strong>1- Integraci\u00f3n s\u00faper fuerte en comparaci\u00f3n con otras<\/strong><\/p><\/blockquote>\n<blockquote><p>Integramos todos los componentes clave necesarios para el control inteligente de la iluminaci\u00f3n en una PCBA, incluyendo microcontroladores, m\u00f3dulos de comunicaci\u00f3n, interfaces de sensores y unidades de gesti\u00f3n de energ\u00eda. Este alto grado de integraci\u00f3n simplifica el dise\u00f1o del sistema y reduce considerablemente el coste total y el consumo de energ\u00eda. Para los proveedores de servicios de software internacionales, esto significa que pueden centrarse en el desarrollo del software principal sin prestar demasiada atenci\u00f3n a la complejidad del hardware subyacente.<\/p><\/blockquote>\n<blockquote><p><strong>Flexibilidad de 2 interfaces<\/strong><\/p><\/blockquote>\n<blockquote><p>Seg\u00fan nuestra provisi\u00f3n, la plataforma de hardware PCBA admite una amplia gama de opciones de personalizaci\u00f3n, desde protocolos de comunicaci\u00f3n hasta interfaces de sensores, que se pueden ajustar seg\u00fan las necesidades del cliente. Esta flexibilidad permite que JL-265CX se adapte a una variedad de escenarios de aplicaci\u00f3n diferentes, ya sea un simple control de una sola l\u00e1mpara o una compleja red de farolas inteligentes.<\/p><\/blockquote>\n<blockquote><p><strong>3-Aqu\u00ed proporcionamos soluciones de iluminaci\u00f3n completas para sus necesidades.<\/strong><\/p><\/blockquote>\n<blockquote><p>El equipo t\u00e9cnico del fabricante de uniones largas no solo proporciona PCBA, sino que tambi\u00e9n proporciona carcasas impermeables de soporte y bases de montaje. Nuestra carcasa est\u00e1 hecha de pl\u00e1stico de PC de alta resistencia, que puede proporcionar protecci\u00f3n a prueba de agua y polvo de nivel IP65 o incluso IP66, satisfaciendo completamente las necesidades de aplicaciones al aire libre. La base de montaje, como la <a href=\"https:\/\/long-join.com\/es\/product\/base-de-fotocelula-inteligente-nema-7-pines-jl-242jv-con-diseno-de-pelicula-impermeable-y-transpirable\/\" target=\"_blank\" rel=\"nofollow noopener\">JL-242JV<\/a> serie, proporciona un est\u00e1ndar<a href=\"https:\/\/long-join.com\/es\/product-category\/nuestro-producto\/conector-estandar-nema\/\" target=\"_blank\" rel=\"nofollow noopener\"> Interfaz de recept\u00e1culo de 7 pines<\/a>, que es compatible con el est\u00e1ndar NEMA para garantizar que el controlador se pueda instalar f\u00e1cilmente en varios tipos de farolas.<\/p><\/blockquote>\n<blockquote><p><strong>Controlador de iluminaci\u00f3n de 4 interruptores de apagado efectivo<\/strong><\/p><\/blockquote>\n<blockquote><p>Los controladores personalizados desarrollados en base al JL-265CX pueden lograr caracter\u00edsticas funcionales comparables o incluso mejores que nuestros productos est\u00e1ndar (como el JL-245CZ).<\/p><\/blockquote>\n<blockquote><p><strong>Evaluar los sistemas de control de calidad<\/strong><\/p><\/blockquote>\n<blockquote><p>Controlamos rigurosamente cada etapa del proceso, desde el an\u00e1lisis de la materia prima hasta las pruebas del producto terminado, para garantizar que cada PCBA que entregamos a nuestros clientes cumpla con los m\u00e1s altos est\u00e1ndares de calidad. Nuestro laboratorio de pruebas de vanguardia est\u00e1 equipado con equipos automatizados que pueden simular diversas condiciones ambientales extremas, garantizando un rendimiento estable y fiable del producto en una amplia gama de escenarios.<\/p><\/blockquote>\n<p><img loading=\"lazy\" decoding=\"async\" class=\"wp-image-4664 size-full aligncenter\" src=\"http:\/\/long-join.com\/wp-content\/uploads\/2023\/10\/JL-241J-base-photocell8.jpg\" alt=\"Fotoc\u00e9lula base JL-241J (8)\" width=\"930\" height=\"412\" srcset=\"https:\/\/long-join.com\/wp-content\/uploads\/2023\/10\/JL-241J-base-photocell8.jpg 930w, https:\/\/long-join.com\/wp-content\/uploads\/2023\/10\/JL-241J-base-photocell8-300x133.jpg 300w, https:\/\/long-join.com\/wp-content\/uploads\/2023\/10\/JL-241J-base-photocell8-768x340.jpg 768w, https:\/\/long-join.com\/wp-content\/uploads\/2023\/10\/JL-241J-base-photocell8-600x266.jpg 600w\" sizes=\"(max-width: 930px) 100vw, 930px\" \/><\/p>\n<blockquote><p><strong>Preguntas frecuentes<\/strong><\/p><\/blockquote>\n<blockquote><p><strong>P1: \u00bfQu\u00e9 protocolos de comunicaci\u00f3n admite la PCBA JL-265CX?<\/strong><\/p><\/blockquote>\n<blockquote><p>R: El JL-265CX admite m\u00faltiples protocolos de comunicaci\u00f3n, como LoRa, Zigbee, Bluetooth 5.0, Wi-Fi, NB-IoT y Modbus UART. Esta compatibilidad multiprotocolo permite que el JL-265CX se adapte a las necesidades de diversos proyectos de alumbrado p\u00fablico urbano inteligente, convirti\u00e9ndolo en un nodo de comunicaci\u00f3n verdaderamente universal. Los clientes pueden elegir el m\u00e9todo de comunicaci\u00f3n m\u00e1s adecuado seg\u00fan las necesidades espec\u00edficas de su proyecto.<\/p><\/blockquote>\n<blockquote><p><strong>P2: \u00bfQu\u00e9 tan resistente al agua es el JL-265CX? \u00bfEs apto para uso en exteriores?<\/strong><\/p><\/blockquote>\n<blockquote><p>R: El JL-265CX (PCBA) no es impermeable, pero ofrecemos una soluci\u00f3n de carcasa impermeable a juego. Estas carcasas pueden alcanzar la clasificaci\u00f3n IP65 o incluso IP66, satisfaciendo plenamente las necesidades de las aplicaciones en exteriores. Al utilizarlo con nuestro <a href=\"https:\/\/long-join.com\/es\/product\/base-de-fotocelula-inteligente-nema-7-pines-jl-242jv-con-diseno-de-pelicula-impermeable-y-transpirable\/\" target=\"_blank\" rel=\"noopener\">JL-242JV <\/a>Base de montaje, todo el sistema puede funcionar de manera confiable en todas las condiciones clim\u00e1ticas.<\/p><\/blockquote>\n<blockquote><p><strong>P3: \u00bfCu\u00e1nto tiempo suele durar el ciclo de desarrollo personalizado?<\/strong><\/p><\/blockquote>\n<blockquote><p>R: Un ciclo t\u00edpico de desarrollo personalizado dura aproximadamente de 8 a 12 semanas, dependiendo de la complejidad del proyecto y las necesidades espec\u00edficas del cliente. Este ciclo incluye el an\u00e1lisis de requisitos, el dise\u00f1o de la soluci\u00f3n, el desarrollo de prototipos, las pruebas y la verificaci\u00f3n, y la producci\u00f3n de pruebas en lotes peque\u00f1os. Nuestro proceso de desarrollo \u00e1gil nos permite minimizar los ciclos de desarrollo y, al mismo tiempo, garantizar la calidad.<\/p><\/blockquote>\n<blockquote><p><strong>P4: \u00bfC\u00f3mo optimiza el JL-265CX la eficiencia energ\u00e9tica?<\/strong><\/p><\/blockquote>\n<blockquote><p>A: The JL-265CX employs multiple strategies to optimize energy efficiency:<br \/>\n\u2022 Precise light sensing circuitry enables intelligent dimming based on ambient light<br \/>\n\u2022 Advanced dimming algorithms support smooth dimming, minimizing the impact of frequent on\/off switching on LED life<br \/>\n\u2022 Low-power design, including multiple sleep modes<br \/>\n\u2022 Accurate power metering circuitry supports real-time energy consumption monitoring and analysis<br \/>\nThese features enable smart lighting systems based on the JL-265CX to significantly reduce energy consumption while improving user experience.<\/p><\/blockquote>\n<blockquote><p><strong>Q5: \u00bfEl JL-265CX admite actualizaciones de firmware remotas (OTA)?<\/strong><\/p><\/blockquote>\n<blockquote><p>A: Yes, the JL-265CX fully supports OTA (Over-The-Air) firmware updates. This feature allows customers to remotely update the controller&#8217;s firmware without requiring a site visit. Our OTA solution includes secure data transmission mechanisms and fail-safe mechanisms to ensure the reliability and safety of the update process.<br \/>\nNota:<\/p><\/blockquote>\n<blockquote><p><strong>P6: \u00bfLong-join ofrece servicios de dise\u00f1o exterior personalizados para el JL-265CX?<\/strong><\/p><\/blockquote>\n<blockquote><p>R: S\u00ed. Los clientes pueden elegir entre una variedad de colores y materiales, e incluso a\u00f1adir sus propios logotipos al exterior. Nuestro equipo de dise\u00f1o industrial puede ofrecer soluciones profesionales de dise\u00f1o exterior adaptadas a su marca y aplicaci\u00f3n. Esta personalizaci\u00f3n no solo satisface las necesidades est\u00e9ticas, sino que tambi\u00e9n mejora la visibilidad del producto.<\/p><\/blockquote>\n<blockquote><p><strong>P7: \u00bfExisten estudios de casos exitosos de soluciones de productos semiacabados de PCB de Long-join?<\/strong><\/p><\/blockquote>\n<blockquote><p><strong>Caso pr\u00e1ctico de un cliente en M\u00e9xico<\/strong><br \/>\nEste cliente seleccion\u00f3 su propio m\u00f3dulo de comunicaci\u00f3n LoRa y lo integr\u00f3 con nuestro protocolo Modbus UART. En esta soluci\u00f3n, el m\u00f3dulo LoRa es el \u00fanico responsable del reenv\u00edo de datos y no participa en el desarrollo del c\u00f3digo de control de iluminaci\u00f3n.<\/p><\/blockquote>\n<blockquote><p><strong>Caso pr\u00e1ctico de un cliente en Australia<\/strong><br \/>\nEste cliente seleccion\u00f3 un m\u00f3dulo de comunicaci\u00f3n Bluetooth y lo integr\u00f3 con nuestros perif\u00e9ricos. Desarrollaron de forma independiente el c\u00f3digo de control de iluminaci\u00f3n dentro del m\u00f3dulo Bluetooth.<\/p><\/blockquote>\n<p><strong><img loading=\"lazy\" decoding=\"async\" class=\"wp-image-14268 size-large aligncenter\" src=\"http:\/\/long-join.com\/wp-content\/uploads\/2025\/08\/lora-communication-for-jl265cx-module-1024x1024.webp\" alt=\"Comunicaci\u00f3n Lora para el m\u00f3dulo JL265CX\" width=\"800\" height=\"800\" srcset=\"https:\/\/long-join.com\/wp-content\/uploads\/2025\/08\/lora-communication-for-jl265cx-module-1024x1024.webp 1024w, https:\/\/long-join.com\/wp-content\/uploads\/2025\/08\/lora-communication-for-jl265cx-module-300x300.webp 300w, https:\/\/long-join.com\/wp-content\/uploads\/2025\/08\/lora-communication-for-jl265cx-module-150x150.webp 150w, https:\/\/long-join.com\/wp-content\/uploads\/2025\/08\/lora-communication-for-jl265cx-module-768x768.webp 768w, https:\/\/long-join.com\/wp-content\/uploads\/2025\/08\/lora-communication-for-jl265cx-module-1536x1536.webp 1536w, https:\/\/long-join.com\/wp-content\/uploads\/2025\/08\/lora-communication-for-jl265cx-module-12x12.webp 12w, https:\/\/long-join.com\/wp-content\/uploads\/2025\/08\/lora-communication-for-jl265cx-module-600x600.webp 600w, https:\/\/long-join.com\/wp-content\/uploads\/2025\/08\/lora-communication-for-jl265cx-module-100x100.webp 100w, https:\/\/long-join.com\/wp-content\/uploads\/2025\/08\/lora-communication-for-jl265cx-module.webp 2048w\" sizes=\"(max-width: 800px) 100vw, 800px\" \/><\/strong><\/p>","protected":false},"excerpt":{"rendered":"<p>1. Modelo del producto: JL-265CX<br \/>\n2. Clasificaci\u00f3n IP: IP65\/IP67<br \/>\n3. M\u00f3dulo inal\u00e1mbrico: Lora, ZigBee, NB-IoT, etc.<br \/>\n4. Salida de atenuaci\u00f3n: Opci\u00f3n<\/p>","protected":false},"featured_media":14258,"template":"","meta":{"_acf_changed":false,"_seopress_robots_primary_cat":"none","_seopress_titles_title":"","_seopress_titles_desc":"","_seopress_robots_index":""},"product_brand":[],"product_cat":[60,28,59,55],"product_tag":[],"class_list":{"0":"post-14225","1":"product","2":"type-product","3":"status-publish","4":"has-post-thumbnail","6":"product_cat-dimming-photocontrol","7":"product_cat-our-product","8":"product_cat-smart-photocell-sensor","9":"product_cat-twist-lock-photocontrollers","11":"first","12":"instock","13":"shipping-taxable","14":"product-type-simple"},"acf":[],"_links":{"self":[{"href":"https:\/\/long-join.com\/es\/wp-json\/wp\/v2\/product\/14225","targetHints":{"allow":["GET"]}}],"collection":[{"href":"https:\/\/long-join.com\/es\/wp-json\/wp\/v2\/product"}],"about":[{"href":"https:\/\/long-join.com\/es\/wp-json\/wp\/v2\/types\/product"}],"version-history":[{"count":16,"href":"https:\/\/long-join.com\/es\/wp-json\/wp\/v2\/product\/14225\/revisions"}],"predecessor-version":[{"id":14237,"href":"https:\/\/long-join.com\/es\/wp-json\/wp\/v2\/product\/14225\/revisions\/14237"}],"wp:featuredmedia":[{"embeddable":true,"href":"https:\/\/long-join.com\/es\/wp-json\/wp\/v2\/media\/14258"}],"wp:attachment":[{"href":"https:\/\/long-join.com\/es\/wp-json\/wp\/v2\/media?parent=14225"}],"wp:term":[{"taxonomy":"product_brand","embeddable":true,"href":"https:\/\/long-join.com\/es\/wp-json\/wp\/v2\/product_brand?post=14225"},{"taxonomy":"product_cat","embeddable":true,"href":"https:\/\/long-join.com\/es\/wp-json\/wp\/v2\/product_cat?post=14225"},{"taxonomy":"product_tag","embeddable":true,"href":"https:\/\/long-join.com\/es\/wp-json\/wp\/v2\/product_tag?post=14225"}],"curies":[{"name":"wp","href":"https:\/\/api.w.org\/{rel}","templated":true}]}}