{"id":14029,"date":"2025-07-17T13:44:24","date_gmt":"2025-07-17T05:44:24","guid":{"rendered":"https:\/\/long-join.com\/?post_type=product&#038;p=14029"},"modified":"2025-07-17T15:34:37","modified_gmt":"2025-07-17T07:34:37","slug":"interruptor-de-fotocelula-giratorio-de-aluminio-fundido-a-presion-de-alta-resistencia-jl-126a","status":"publish","type":"product","link":"https:\/\/long-join.com\/es\/product\/heavy-duty-die-cast-aluminum-swivel-photocell-switch-jl-126a\/","title":{"rendered":"Interruptor de fotoc\u00e9lula giratorio de aluminio fundido a presi\u00f3n de alta resistencia JL-126A"},"content":{"rendered":"<blockquote><p>El controlador de sensor t\u00e9rmico de la serie JL-126 est\u00e1 dise\u00f1ado para entornos exigentes con sistemas de bombeo de piscinas de alta gama. En comparaci\u00f3n con las series JL-106 y JL-116, el JL-126 presenta mejoras significativas en rendimiento el\u00e9ctrico y dise\u00f1o estructural:<\/p><\/blockquote>\n<blockquote><p>\u3010Estructura de material especial disponible\u3011La carcasa de la serie JL-126 est\u00e1 fabricada con aleaci\u00f3n de aluminio de grado aeron\u00e1utico, lo que la hace m\u00e1s resistente a la corrosi\u00f3n que el material de policarbonato del JL-106 y la carcasa de aluminio fundido a presi\u00f3n del JL-116. Adem\u00e1s, la superficie de la carcasa met\u00e1lica 126 cuenta con un procesamiento especial que la hace resistente al ambiente corrosivo del cloro y la niebla salina.<\/p><\/blockquote>\n<blockquote><p>\u3010Carga nominal de 3000 W de la fotoc\u00e9lula de v\u00e1stago JL126\u3011La JL-126 admite l\u00e1mparas de filamento de tungsteno de hasta 3000 W y balastros de 2000 VA, superando ampliamente las especificaciones de 2000 W\/2000 VA de las series JL-106 y JL-116. Esto permite a la JL-126 controlar f\u00e1cilmente el complejo sistema de iluminaci\u00f3n de piscinas grandes y cumplir con los estrictos requisitos de <strong>Sistemas de control de bombas para piscinas privadas de alta gama.<\/strong><\/p><\/blockquote>\n<blockquote><p>\u3010Diferenciaci\u00f3n de calibre de cable de valor\u3011<\/p>\n<ul>\n<li>El \u00e1rea de la secci\u00f3n transversal de AWG#10 (Li\/lo) es aproximadamente 2,5 veces la de AWG#16, lo que mejora en gran medida la capacidad de transporte de corriente.<\/li>\n<li>Los cables activos y neutros del AWG#10 pueden soportar de forma segura corrientes altas y reducir el riesgo de sobrecalentamiento.<\/li>\n<li>El AWM1015 generalmente tiene buena resistencia a la temperatura (105 \u00b0C es una clasificaci\u00f3n com\u00fan) y es adecuado para su uso en entornos de temperaturas m\u00e1s altas.<\/li>\n<\/ul>\n<\/blockquote>","protected":false},"excerpt":{"rendered":"<p>1. Modelo del producto: JL-126A<br \/>\n2. Nivel de lux de encendido\/apagado: 10-20 Lx, 30-60 Lx<br \/>\n3. Clasificaci\u00f3n IP: IP54<br \/>\n4. Carga nominal: 3000 W<br \/>\n5. Est\u00e1ndares compatibles: CE, ROHS, UL<\/p>","protected":false},"featured_media":14036,"template":"","meta":{"_acf_changed":false,"_seopress_robots_primary_cat":"none","_seopress_titles_title":"","_seopress_titles_desc":"","_seopress_robots_index":""},"product_brand":[],"product_cat":[28,30],"product_tag":[],"class_list":{"0":"post-14029","1":"product","2":"type-product","3":"status-publish","4":"has-post-thumbnail","6":"product_cat-our-product","7":"product_cat-wire-in-controllers","9":"first","10":"instock","11":"shipping-taxable","12":"product-type-simple"},"acf":[],"_links":{"self":[{"href":"https:\/\/long-join.com\/es\/wp-json\/wp\/v2\/product\/14029","targetHints":{"allow":["GET"]}}],"collection":[{"href":"https:\/\/long-join.com\/es\/wp-json\/wp\/v2\/product"}],"about":[{"href":"https:\/\/long-join.com\/es\/wp-json\/wp\/v2\/types\/product"}],"version-history":[{"count":7,"href":"https:\/\/long-join.com\/es\/wp-json\/wp\/v2\/product\/14029\/revisions"}],"predecessor-version":[{"id":14048,"href":"https:\/\/long-join.com\/es\/wp-json\/wp\/v2\/product\/14029\/revisions\/14048"}],"wp:featuredmedia":[{"embeddable":true,"href":"https:\/\/long-join.com\/es\/wp-json\/wp\/v2\/media\/14036"}],"wp:attachment":[{"href":"https:\/\/long-join.com\/es\/wp-json\/wp\/v2\/media?parent=14029"}],"wp:term":[{"taxonomy":"product_brand","embeddable":true,"href":"https:\/\/long-join.com\/es\/wp-json\/wp\/v2\/product_brand?post=14029"},{"taxonomy":"product_cat","embeddable":true,"href":"https:\/\/long-join.com\/es\/wp-json\/wp\/v2\/product_cat?post=14029"},{"taxonomy":"product_tag","embeddable":true,"href":"https:\/\/long-join.com\/es\/wp-json\/wp\/v2\/product_tag?post=14029"}],"curies":[{"name":"wp","href":"https:\/\/api.w.org\/{rel}","templated":true}]}}