{"id":13559,"date":"2025-06-12T16:57:49","date_gmt":"2025-06-12T08:57:49","guid":{"rendered":"https:\/\/long-join.com\/?post_type=product&#038;p=13559"},"modified":"2025-06-13T16:08:56","modified_gmt":"2025-06-13T08:08:56","slug":"estructura-de-ranuras-de-placa-base-zhaga18-con-sello-de-silicona","status":"publish","type":"product","link":"https:\/\/long-join.com\/es\/product\/zhaga18-baseplate-grooves-structure-with-silicone-seal\/","title":{"rendered":"Estructura de ranuras de placa base Zhaga18 con sello de silicona"},"content":{"rendered":"<blockquote><p>Caracter\u00edstica<\/p><\/blockquote>\n<blockquote><p>Base de 4 pines con dise\u00f1o \u00fanico y estructura ranurada con sello de silicona. Presenta dos ventajas clave: por un lado, esta placa base soporta la carga de controladores de tecnolog\u00eda avanzada que integran unidades electr\u00f3nicas y sensores, lo que permite que el controlador final supere la altura est\u00e1ndar de la PCB. Por lo tanto, se debe considerar la longitud de los pines de la base y otras caracter\u00edsticas. Como se puede observar, el dise\u00f1o ranurado permite que los pines met\u00e1licos de la PCB tengan un \u00e1rea de contacto m\u00e1s amplia (en comparaci\u00f3n con la altura actual de la base de 4 pines), lo que mejora la estabilidad y la fiabilidad de los dispositivos el\u00e9ctricos. Por otro lado, el dise\u00f1o del sello de silicona mejora la impermeabilidad del producto final, lo que resuelve el problema de la impermeabilidad de los productos posteriores al desarrollo.<\/p><\/blockquote>\n<p><img fetchpriority=\"high\" decoding=\"async\" class=\"wp-image-13569 size-full aligncenter\" src=\"http:\/\/long-join.com\/wp-content\/uploads\/2025\/06\/zhaga-base-grooves.jpg\" alt=\"\" width=\"1082\" height=\"479\" srcset=\"https:\/\/long-join.com\/wp-content\/uploads\/2025\/06\/zhaga-base-grooves.jpg 1082w, https:\/\/long-join.com\/wp-content\/uploads\/2025\/06\/zhaga-base-grooves-300x133.jpg 300w, https:\/\/long-join.com\/wp-content\/uploads\/2025\/06\/zhaga-base-grooves-1024x453.jpg 1024w, https:\/\/long-join.com\/wp-content\/uploads\/2025\/06\/zhaga-base-grooves-768x340.jpg 768w, https:\/\/long-join.com\/wp-content\/uploads\/2025\/06\/zhaga-base-grooves-18x8.jpg 18w, https:\/\/long-join.com\/wp-content\/uploads\/2025\/06\/zhaga-base-grooves-600x266.jpg 600w\" sizes=\"(max-width: 1082px) 100vw, 1082px\" \/><\/p>\n<blockquote><p>una vez que pueda querer algo especial controlador de luz PCB, en el momento de centrarse en el estado de altura de esta unidad de controlador interno, tal vez valga la pena volver a considerar esta estructura de dise\u00f1o de ranuras.<\/p><\/blockquote>\n<ol>\n<li>Interfaz est\u00e1ndar: Libro 18;<\/li>\n<li>montado en el recept\u00e1culo zhaga de la luminaria de arriba de 10 mm.<\/li>\n<li>Luminaria led, portal\u00e1mparas zhaga y base con kits de c\u00fapula, se podr\u00e1n combinar entre estas piezas disponibles para alcanzar IP66, IP67.<\/li>\n<\/ol>","protected":false},"excerpt":{"rendered":"<p>1. Modelo del producto: serie base zhaga<br \/>\n2. Di\u00e1metro de la base: 43,5 mm, 63,2 mm, 75,3 mm<br \/>\n3. Certificado: UE zhaga, CE<br \/>\n4. Est\u00e1ndar de cumplimiento: zhaga book18<\/p>\n<p>Derrota el m\u00f3dulo de interfaz a continuaci\u00f3n:<br \/>\n1-JL-700 (placa base de dise\u00f1o de estilo popular principal)<br \/>\n2-JL-700W (versi\u00f3n sin cables)<br \/>\nTerminales cortos 3-JL-700S<br \/>\nVersi\u00f3n de cable 4-JL-700L<\/p>","protected":false},"featured_media":13562,"template":"","meta":{"_acf_changed":false,"_seopress_robots_primary_cat":"none","_seopress_titles_title":"","_seopress_titles_desc":"","_seopress_robots_index":""},"product_brand":[],"product_cat":[28,35,51,29],"product_tag":[48],"class_list":{"0":"post-13559","1":"product","2":"type-product","3":"status-publish","4":"has-post-thumbnail","6":"product_cat-our-product","7":"product_cat-photocell-switch-fittings","8":"product_cat-zhaga-accessory","9":"product_cat-zhaga-series","10":"product_tag-zhaga","12":"first","13":"instock","14":"shipping-taxable","15":"product-type-simple"},"acf":[],"_links":{"self":[{"href":"https:\/\/long-join.com\/es\/wp-json\/wp\/v2\/product\/13559","targetHints":{"allow":["GET"]}}],"collection":[{"href":"https:\/\/long-join.com\/es\/wp-json\/wp\/v2\/product"}],"about":[{"href":"https:\/\/long-join.com\/es\/wp-json\/wp\/v2\/types\/product"}],"version-history":[{"count":7,"href":"https:\/\/long-join.com\/es\/wp-json\/wp\/v2\/product\/13559\/revisions"}],"predecessor-version":[{"id":13574,"href":"https:\/\/long-join.com\/es\/wp-json\/wp\/v2\/product\/13559\/revisions\/13574"}],"wp:featuredmedia":[{"embeddable":true,"href":"https:\/\/long-join.com\/es\/wp-json\/wp\/v2\/media\/13562"}],"wp:attachment":[{"href":"https:\/\/long-join.com\/es\/wp-json\/wp\/v2\/media?parent=13559"}],"wp:term":[{"taxonomy":"product_brand","embeddable":true,"href":"https:\/\/long-join.com\/es\/wp-json\/wp\/v2\/product_brand?post=13559"},{"taxonomy":"product_cat","embeddable":true,"href":"https:\/\/long-join.com\/es\/wp-json\/wp\/v2\/product_cat?post=13559"},{"taxonomy":"product_tag","embeddable":true,"href":"https:\/\/long-join.com\/es\/wp-json\/wp\/v2\/product_tag?post=13559"}],"curies":[{"name":"wp","href":"https:\/\/api.w.org\/{rel}","templated":true}]}}