{"id":13240,"date":"2025-05-16T17:09:01","date_gmt":"2025-05-16T09:09:01","guid":{"rendered":"https:\/\/long-join.com\/?post_type=product&#038;p=13240"},"modified":"2025-05-16T18:44:38","modified_gmt":"2025-05-16T10:44:38","slug":"interruptor-de-fotocontrol-termico-de-la-marca-longjoin-jl-203c","status":"publish","type":"product","link":"https:\/\/long-join.com\/es\/product\/longjoin-brand-thermal-photocontrol-switch-jl-203c\/","title":{"rendered":"Interruptor de fotocontrol t\u00e9rmico marca LONGJOIN JL-203C"},"content":{"rendered":"<blockquote><p>Aqu\u00ed hay un controlador de luz de tipo especial, que se diferencia del controlador de detecci\u00f3n t\u00e9rmica de la serie JL-202 (como jl202A, jl202B, jl202C y jl202D). El JL-203C tiene un rendimiento m\u00e1s significativo tanto en el interruptor t\u00e9rmico asistido por circuito electr\u00f3nico como en el fototransistor con filtro IR. En este caso, el jl203c tambi\u00e9n funciona con el principio de trabajo de la serie JL-202. Sin embargo, como el controlador de luz con fototransistor con filtro IR alcanza una buena sensibilidad a la luz de precisi\u00f3n, puede experimentar f\u00e1cilmente cambios sutiles alrededor de la serie JL-203C y jl202 en la propiedad de tiempo de retardo de funci\u00f3n. Otro uso vital, el control de luz es multivoltaje, por lo que es m\u00e1s vers\u00e1til y se coloca en ambientes hostiles para mantener el funcionamiento normal de la luminaria. A diferencia de la serie jL-202, es m\u00e1s adecuado para el funcionamiento normal durante la condici\u00f3n de voltaje estable.<\/p><\/blockquote>\n<blockquote><p><strong>Caracter\u00edstica<\/strong><\/p><\/blockquote>\n<blockquote><p>1.Estructura bimet\u00e1lica electr\u00f3nica-t\u00e9rmica.<\/p><\/blockquote>\n<blockquote><p>2. Clasificaci\u00f3n de impermeabilidad opcional IP54, IP65, IP67<\/p><\/blockquote>\n<blockquote><p>3. Este producto proporciona tres terminales con bloqueo giratorio que cumplen con los requisitos de ANSI C136.10-1996 y el est\u00e1ndar para fotocontroles enchufables con bloqueo para uso con iluminaci\u00f3n de \u00e1rea UL773.<\/p><\/blockquote>","protected":false},"excerpt":{"rendered":"<p>1. Modelo del producto: JL-203C<br \/>\n2. Voltaje nominal: 120-277 VCA<br \/>\n3. Nivel de lux de encendido\/apagado: 10~20 Lx encendido\/30~60 Lx apagado<br \/>\n4. Protecci\u00f3n contra sobretensiones: opci\u00f3n<br \/>\n5. Est\u00e1ndares compatibles: CE, ROHS, UL<\/p>","protected":false},"featured_media":13241,"template":"","meta":{"_acf_changed":false,"_seopress_robots_primary_cat":"none","_seopress_titles_title":"","_seopress_titles_desc":"","_seopress_robots_index":""},"product_brand":[],"product_cat":[28,55],"product_tag":[],"class_list":{"0":"post-13240","1":"product","2":"type-product","3":"status-publish","4":"has-post-thumbnail","6":"product_cat-our-product","7":"product_cat-twist-lock-photocontrollers","9":"first","10":"instock","11":"shipping-taxable","12":"product-type-simple"},"acf":[],"_links":{"self":[{"href":"https:\/\/long-join.com\/es\/wp-json\/wp\/v2\/product\/13240","targetHints":{"allow":["GET"]}}],"collection":[{"href":"https:\/\/long-join.com\/es\/wp-json\/wp\/v2\/product"}],"about":[{"href":"https:\/\/long-join.com\/es\/wp-json\/wp\/v2\/types\/product"}],"version-history":[{"count":1,"href":"https:\/\/long-join.com\/es\/wp-json\/wp\/v2\/product\/13240\/revisions"}],"predecessor-version":[{"id":13252,"href":"https:\/\/long-join.com\/es\/wp-json\/wp\/v2\/product\/13240\/revisions\/13252"}],"wp:featuredmedia":[{"embeddable":true,"href":"https:\/\/long-join.com\/es\/wp-json\/wp\/v2\/media\/13241"}],"wp:attachment":[{"href":"https:\/\/long-join.com\/es\/wp-json\/wp\/v2\/media?parent=13240"}],"wp:term":[{"taxonomy":"product_brand","embeddable":true,"href":"https:\/\/long-join.com\/es\/wp-json\/wp\/v2\/product_brand?post=13240"},{"taxonomy":"product_cat","embeddable":true,"href":"https:\/\/long-join.com\/es\/wp-json\/wp\/v2\/product_cat?post=13240"},{"taxonomy":"product_tag","embeddable":true,"href":"https:\/\/long-join.com\/es\/wp-json\/wp\/v2\/product_tag?post=13240"}],"curies":[{"name":"wp","href":"https:\/\/api.w.org\/{rel}","templated":true}]}}