{"id":13088,"date":"2025-04-27T17:26:09","date_gmt":"2025-04-27T09:26:09","guid":{"rendered":"https:\/\/long-join.com\/?post_type=product&#038;p=13088"},"modified":"2025-04-30T17:34:50","modified_gmt":"2025-04-30T09:34:50","slug":"kits-de-control-de-fotocelula-serie-nema-jl205c-jl210","status":"publish","type":"product","link":"https:\/\/long-join.com\/es\/product\/nema-series-jl205c-jl210-kits-photocell-control\/","title":{"rendered":"Kits de control de fotoc\u00e9lula serie NEMA JL205C-jL210"},"content":{"rendered":"<blockquote><p>Aqu\u00ed ofrecemos nuestro control de fotoc\u00e9lula JL205C y <a href=\"https:\/\/long-join.com\/es\/product\/receptaculo-para-fotocelula-bs5972-ansi-c136-10-twsit-jl-210k\/\" target=\"_blank\" rel=\"nofollow noopener\">Soportes de pared JL-210<\/a>. Adem\u00e1s del controlador JL205C, se utiliza para estos soportes 210 y tambi\u00e9n admitimos el tipo de control. <a href=\"https:\/\/long-join.com\/es\/product-category\/nuestro-producto\/sensores-de-fotocelula-con-bloqueo-giratorio\/\" target=\"_blank\" rel=\"nofollow noopener\">jl214B,JL224B y jl224C.<\/a><\/p><\/blockquote>\n<blockquote><p>Denme un buen consejo: este controlador es est\u00e1ndar de la serie del Reino Unido BS5972, y base de control con bloqueo giratorio de 3 pines, y aqu\u00ed tambi\u00e9n es compatible con la base est\u00e1ndar de la serie NEMA\/ANSI, como el recept\u00e1culo ANSIC 136.10-1996.<\/p><\/blockquote>\n<blockquote><p>En este caso, puede elegir un interruptor con sensor de luz de la serie UK, ya que es la soluci\u00f3n ideal para entornos residenciales europeos. Generalmente, puede elegir cables con conectores impermeables (como cables y dispositivos impermeables de extensi\u00f3n) que cumplan con el est\u00e1ndar IP65. A diferencia de la soluci\u00f3n de mejora de la iluminaci\u00f3n mencionada anteriormente, si no se implementan medidas creativas, incluso aqu\u00ed se instal\u00f3 una fotoc\u00e9lula, pero no cumple con el est\u00e1ndar IP65, por lo que solo cumple mejor con el grado IP54. Aqu\u00ed se muestra el diagrama de conector impermeable de 210k con extensi\u00f3n.<\/p><\/blockquote>\n<figure id=\"attachment_13103\" aria-describedby=\"caption-attachment-13103\" style=\"width: 1082px\" class=\"wp-caption aligncenter\"><img fetchpriority=\"high\" decoding=\"async\" class=\"wp-image-13103 size-full\" src=\"http:\/\/long-join.com\/wp-content\/uploads\/2025\/04\/jl205C-photocell-kits-.jpg\" alt=\"Kits de fotoc\u00e9lulas jl205C\" width=\"1082\" height=\"479\" srcset=\"https:\/\/long-join.com\/wp-content\/uploads\/2025\/04\/jl205C-photocell-kits-.jpg 1082w, https:\/\/long-join.com\/wp-content\/uploads\/2025\/04\/jl205C-photocell-kits--300x133.jpg 300w, https:\/\/long-join.com\/wp-content\/uploads\/2025\/04\/jl205C-photocell-kits--1024x453.jpg 1024w, https:\/\/long-join.com\/wp-content\/uploads\/2025\/04\/jl205C-photocell-kits--768x340.jpg 768w, https:\/\/long-join.com\/wp-content\/uploads\/2025\/04\/jl205C-photocell-kits--600x266.jpg 600w\" sizes=\"(max-width: 1082px) 100vw, 1082px\" \/><figcaption id=\"caption-attachment-13103\" class=\"wp-caption-text\">Kits de fotoc\u00e9lulas jl205C<\/figcaption><\/figure>\n<ul>\n<li>JL-205C tipo est\u00e1ndar 120-277 V, 3 pines cumplen con ANSI C136.10 y retardo de tiempo de 3 a 20 s.<\/li>\n<li>Recept\u00e1culo para PC JL-210 y soporte de pared 210K, con soporte adjunto y junta de goma tipo N6.<\/li>\n<\/ul>","protected":false},"excerpt":{"rendered":"<p>1. Modelo del producto: JL205C-jl210<br \/>\n2. Voltaje nominal: 120-277 VCA<br \/>\n3. 210, Soportes de soporte para montaje en pared<br \/>\n5. Alcance diferentes clasificaciones IP est\u00e1ndar<\/p>","protected":false},"featured_media":13092,"template":"","meta":{"_acf_changed":false,"_seopress_robots_primary_cat":"none","_seopress_titles_title":"","_seopress_titles_desc":"","_seopress_robots_index":""},"product_brand":[],"product_cat":[28,55],"product_tag":[],"class_list":{"0":"post-13088","1":"product","2":"type-product","3":"status-publish","4":"has-post-thumbnail","6":"product_cat-our-product","7":"product_cat-twist-lock-photocontrollers","9":"first","10":"instock","11":"shipping-taxable","12":"product-type-simple"},"acf":[],"_links":{"self":[{"href":"https:\/\/long-join.com\/es\/wp-json\/wp\/v2\/product\/13088","targetHints":{"allow":["GET"]}}],"collection":[{"href":"https:\/\/long-join.com\/es\/wp-json\/wp\/v2\/product"}],"about":[{"href":"https:\/\/long-join.com\/es\/wp-json\/wp\/v2\/types\/product"}],"version-history":[{"count":13,"href":"https:\/\/long-join.com\/es\/wp-json\/wp\/v2\/product\/13088\/revisions"}],"predecessor-version":[{"id":13139,"href":"https:\/\/long-join.com\/es\/wp-json\/wp\/v2\/product\/13088\/revisions\/13139"}],"wp:featuredmedia":[{"embeddable":true,"href":"https:\/\/long-join.com\/es\/wp-json\/wp\/v2\/media\/13092"}],"wp:attachment":[{"href":"https:\/\/long-join.com\/es\/wp-json\/wp\/v2\/media?parent=13088"}],"wp:term":[{"taxonomy":"product_brand","embeddable":true,"href":"https:\/\/long-join.com\/es\/wp-json\/wp\/v2\/product_brand?post=13088"},{"taxonomy":"product_cat","embeddable":true,"href":"https:\/\/long-join.com\/es\/wp-json\/wp\/v2\/product_cat?post=13088"},{"taxonomy":"product_tag","embeddable":true,"href":"https:\/\/long-join.com\/es\/wp-json\/wp\/v2\/product_tag?post=13088"}],"curies":[{"name":"wp","href":"https:\/\/api.w.org\/{rel}","templated":true}]}}