{"id":13061,"date":"2025-04-25T14:09:02","date_gmt":"2025-04-25T06:09:02","guid":{"rendered":"https:\/\/long-join.com\/?post_type=product&#038;p=13061"},"modified":"2025-04-26T06:04:50","modified_gmt":"2025-04-25T22:04:50","slug":"zocalo-de-tipo-zhaga-sin-cables-enchufable-en-caliente-jl-700-w","status":"publish","type":"product","link":"https:\/\/long-join.com\/es\/product\/leadless-zhaga-type-socket-hot-pluggable-jl-700w\/","title":{"rendered":"Z\u00f3calo tipo Zhaga sin cables, enchufable en caliente, JL-700W"},"content":{"rendered":"<blockquote><p>Versi\u00f3n sin cables para ranura JL-700W El z\u00f3calo Zhaga es una interfaz de control de iluminaci\u00f3n de alto rendimiento compatible con el est\u00e1ndar Zhaga Book 18.<\/p><\/blockquote>\n<blockquote><p>En cuanto a los par\u00e1metros el\u00e9ctricos, no se han ajustado los par\u00e1metros de las series de 700 W y 700 W de ranura. Adem\u00e1s, la versi\u00f3n sin cables de la toma Zhaga (700 W y 700 W de ranura) utiliza cables de calibre 20-22 AWG, y un extremo del cable se puede pelar de 9 a 11 mm y esta\u00f1ar. Esto se debe a que podemos insertar los cables de forma segura y sin problemas en los cuatro orificios de la base de la toma durante la instalaci\u00f3n.<\/p><\/blockquote>\n<p><img fetchpriority=\"high\" decoding=\"async\" class=\"aligncenter wp-image-13076 size-full\" src=\"http:\/\/long-join.com\/wp-content\/uploads\/2025\/04\/place-right-zhaga-installation-diagram.jpg\" alt=\"Coloque el diagrama de instalaci\u00f3n de Zhaga a la derecha\" width=\"971\" height=\"479\" srcset=\"https:\/\/long-join.com\/wp-content\/uploads\/2025\/04\/place-right-zhaga-installation-diagram.jpg 971w, https:\/\/long-join.com\/wp-content\/uploads\/2025\/04\/place-right-zhaga-installation-diagram-300x148.jpg 300w, https:\/\/long-join.com\/wp-content\/uploads\/2025\/04\/place-right-zhaga-installation-diagram-768x379.jpg 768w, https:\/\/long-join.com\/wp-content\/uploads\/2025\/04\/place-right-zhaga-installation-diagram-600x296.jpg 600w\" sizes=\"(max-width: 971px) 100vw, 971px\" \/><\/p>\n<blockquote><p>Finalmente, la versi\u00f3n de 700 W con dise\u00f1o de ranura del portal\u00e1mparas Zhaga est\u00e1 dise\u00f1ada para tener en cuenta los defectos de la versi\u00f3n anterior durante la instalaci\u00f3n, como la junta de silicona y los problemas de deformaci\u00f3n de la superficie de las luminarias durante la instalaci\u00f3n, lo que provoc\u00f3 la impermeabilizaci\u00f3n de las luminarias. Si se detectaba deformaci\u00f3n en la junta, el tiempo de instalaci\u00f3n podr\u00eda aumentar. Por lo tanto, hemos a\u00f1adido una nueva ranura superior roscada a la versi\u00f3n est\u00e1ndar de 700 W. Esta es una peque\u00f1a mejora estructural que, por un lado, sirve para fijar la posici\u00f3n de la arandela de silicona y, por otro, la ranura roscada en la cabeza garantiza que la junta encaje perfectamente en la carcasa de la luminaria y mejora el sellado de los dispositivos externos.<\/p><\/blockquote>\n<blockquote><p>Adem\u00e1s, el nuevo dise\u00f1o de ranura del z\u00f3calo Zhaga, perfecto, nos ofrece diferentes puntos de inter\u00e9s. Por un lado, c\u00f3mo instalar correctamente la junta de silicona para estabilizar la luminaria. Por otro lado, c\u00f3mo encajar la tuerca met\u00e1lica del z\u00f3calo en la posici\u00f3n correcta, apuntando hacia la parte superior de la luminaria LED. De esta manera, el nuevo dise\u00f1o del z\u00f3calo Zhaga es m\u00e1s herm\u00e9tico que el 700 est\u00e1ndar (sin ranura) y reduce el problema de la deformaci\u00f3n de la junta durante la instalaci\u00f3n.<\/p><\/blockquote>\n<p><img decoding=\"async\" class=\"aligncenter wp-image-13057\" src=\"http:\/\/long-join.com\/wp-content\/uploads\/2025\/04\/how-to-place-location.jpg\" alt=\"C\u00f3mo colocar la ubicaci\u00f3n\" width=\"924\" height=\"409\" srcset=\"https:\/\/long-join.com\/wp-content\/uploads\/2025\/04\/how-to-place-location.jpg 1082w, https:\/\/long-join.com\/wp-content\/uploads\/2025\/04\/how-to-place-location-300x133.jpg 300w, https:\/\/long-join.com\/wp-content\/uploads\/2025\/04\/how-to-place-location-1024x453.jpg 1024w, https:\/\/long-join.com\/wp-content\/uploads\/2025\/04\/how-to-place-location-768x340.jpg 768w, https:\/\/long-join.com\/wp-content\/uploads\/2025\/04\/how-to-place-location-600x266.jpg 600w\" sizes=\"(max-width: 924px) 100vw, 924px\" \/><\/p>\n<blockquote><p>La versi\u00f3n inal\u00e1mbrica del z\u00f3calo Zhaga es plug-and-play. Si accidentalmente conectamos un cable en el orificio equivocado, se puede extraer r\u00e1pidamente y conectarlo al z\u00f3calo correcto. \u00bfPor qu\u00e9 es importante insertar el cable en el z\u00f3calo correcto? Porque la base del z\u00f3calo Zhaga tiene cuatro orificios de acceso diferentes, cada uno con una funci\u00f3n el\u00e9ctrica distinta (consulte la especificaci\u00f3n de la ranura de 700 W). Adem\u00e1s, el controlador de la luminaria tiene diferentes puntos de acceso correspondientes a DA LI+, DALI- y 24 V CC. Diagrama de cableado de 700 W a continuaci\u00f3n.<\/p><\/blockquote>\n<p><img decoding=\"async\" class=\"wp-image-12892 size-full aligncenter\" src=\"http:\/\/long-join.com\/wp-content\/uploads\/2023\/10\/Wiring-diagram-zhaga-socket.png\" alt=\"Diagrama de cableado del z\u00f3calo Zhaga\" width=\"679\" height=\"330\" srcset=\"https:\/\/long-join.com\/wp-content\/uploads\/2023\/10\/Wiring-diagram-zhaga-socket.png 679w, https:\/\/long-join.com\/wp-content\/uploads\/2023\/10\/Wiring-diagram-zhaga-socket-300x146.png 300w, https:\/\/long-join.com\/wp-content\/uploads\/2023\/10\/Wiring-diagram-zhaga-socket-600x292.png 600w\" sizes=\"(max-width: 679px) 100vw, 679px\" \/><\/p>\n<blockquote><p><strong>El conector zhaga de la versi\u00f3n sin cables JL-700W se divide en estas partes<\/strong><\/p><\/blockquote>\n<blockquote><p>Cuerpo de terminal de z\u00f3calo de 1 zhaga.<\/p><\/blockquote>\n<blockquote><p>Tuercas met\u00e1licas de 2 zhaga o opci\u00f3n de elegir tuerca hexagonal de pl\u00e1stico.<\/p><\/blockquote>\n<blockquote><p>Junta de silicona de 3 materiales especiales.<\/p><\/blockquote>\n<blockquote><p>4-Si quieres una tuerca hexagonal de pl\u00e1stico, puedes elegir esta. <strong>arandela de seguridad con dientes internos<\/strong> para mejorar el bloqueo fijo robusto entre el cuerpo del z\u00f3calo y la luminaria led. aqu\u00ed puedes conocer la instalaci\u00f3n real a trav\u00e9s de puede ver el video.<\/p><\/blockquote>\n<blockquote><p>tapa de 5 zhaga<\/p><\/blockquote>\n<p><img loading=\"lazy\" decoding=\"async\" class=\"wp-image-13079 size-full aligncenter\" src=\"http:\/\/long-join.com\/wp-content\/uploads\/2025\/04\/700w-internal-tooth-lock-washer-.jpg\" alt=\"Arandela de seguridad con dientes internos de 700 W\" width=\"971\" height=\"308\" srcset=\"https:\/\/long-join.com\/wp-content\/uploads\/2025\/04\/700w-internal-tooth-lock-washer-.jpg 971w, https:\/\/long-join.com\/wp-content\/uploads\/2025\/04\/700w-internal-tooth-lock-washer--300x95.jpg 300w, https:\/\/long-join.com\/wp-content\/uploads\/2025\/04\/700w-internal-tooth-lock-washer--768x244.jpg 768w, https:\/\/long-join.com\/wp-content\/uploads\/2025\/04\/700w-internal-tooth-lock-washer--600x190.jpg 600w\" sizes=\"(max-width: 971px) 100vw, 971px\" \/><\/p>","protected":false},"excerpt":{"rendered":"<p>La versi\u00f3n inal\u00e1mbrica de ranura JL-700W del enchufe Zhaga de LONGJOIN Lighting es una innovadora interfaz de control de iluminaci\u00f3n dise\u00f1ada para aplicaciones como alumbrado p\u00fablico inteligente, iluminaci\u00f3n de \u00e1reas e iluminaci\u00f3n de ocupaci\u00f3n. Basado en el est\u00e1ndar Zhaga Book 18, este producto utiliza un dise\u00f1o de ranura \u00fanico que soluciona eficazmente el problema de la deformaci\u00f3n de las juntas de silicona, com\u00fan durante la instalaci\u00f3n de enchufes tradicionales, y mejora significativamente la impermeabilidad y la facilidad de instalaci\u00f3n.<\/p>\n<p>-Puerto 1: 24 VCC<br \/>\n\u2013 Puerto 2: DALI\u2013\/GND<br \/>\n\u2013 Puerto 3: DALI+<br \/>\n\u2013 Puerto 4: reserva\/O<\/p>","protected":false},"featured_media":13071,"template":"","meta":{"_acf_changed":false,"_seopress_robots_primary_cat":"none","_seopress_titles_title":"","_seopress_titles_desc":"","_seopress_robots_index":""},"product_brand":[],"product_cat":[28,35,29,49],"product_tag":[48,54],"class_list":{"0":"post-13061","1":"product","2":"type-product","3":"status-publish","4":"has-post-thumbnail","6":"product_cat-our-product","7":"product_cat-photocell-switch-fittings","8":"product_cat-zhaga-series","9":"product_cat-zhaga-socket","10":"product_tag-zhaga","11":"product_tag-zhaga-socket","13":"first","14":"instock","15":"shipping-taxable","16":"product-type-simple"},"acf":[],"_links":{"self":[{"href":"https:\/\/long-join.com\/es\/wp-json\/wp\/v2\/product\/13061","targetHints":{"allow":["GET"]}}],"collection":[{"href":"https:\/\/long-join.com\/es\/wp-json\/wp\/v2\/product"}],"about":[{"href":"https:\/\/long-join.com\/es\/wp-json\/wp\/v2\/types\/product"}],"version-history":[{"count":10,"href":"https:\/\/long-join.com\/es\/wp-json\/wp\/v2\/product\/13061\/revisions"}],"predecessor-version":[{"id":13084,"href":"https:\/\/long-join.com\/es\/wp-json\/wp\/v2\/product\/13061\/revisions\/13084"}],"wp:featuredmedia":[{"embeddable":true,"href":"https:\/\/long-join.com\/es\/wp-json\/wp\/v2\/media\/13071"}],"wp:attachment":[{"href":"https:\/\/long-join.com\/es\/wp-json\/wp\/v2\/media?parent=13061"}],"wp:term":[{"taxonomy":"product_brand","embeddable":true,"href":"https:\/\/long-join.com\/es\/wp-json\/wp\/v2\/product_brand?post=13061"},{"taxonomy":"product_cat","embeddable":true,"href":"https:\/\/long-join.com\/es\/wp-json\/wp\/v2\/product_cat?post=13061"},{"taxonomy":"product_tag","embeddable":true,"href":"https:\/\/long-join.com\/es\/wp-json\/wp\/v2\/product_tag?post=13061"}],"curies":[{"name":"wp","href":"https:\/\/api.w.org\/{rel}","templated":true}]}}