{"id":13039,"date":"2025-04-24T13:31:17","date_gmt":"2025-04-24T05:31:17","guid":{"rendered":"https:\/\/long-join.com\/?post_type=product&#038;p=13039"},"modified":"2025-12-22T17:33:17","modified_gmt":"2025-12-22T09:33:17","slug":"diseno-de-ranura-de-zocalo-zhaga-book18-con-junta-de-silicona-jl-700","status":"publish","type":"product","link":"https:\/\/long-join.com\/es\/product\/book18-zhaga-socket-slot-design-with-silicone-gasket-jl-700\/","title":{"rendered":"Dise\u00f1o de ranura de z\u00f3calo Zhaga Book18 con junta de silicona JL-700"},"content":{"rendered":"<blockquote><p>La versi\u00f3n mejorada del portal\u00e1mparas Zhaga 700 Slot Socket se debe a que la versi\u00f3n anterior presentaba problemas con la junta de silicona y la deformaci\u00f3n de la superficie de la l\u00e1mpara durante la instalaci\u00f3n, lo que pod\u00eda causar problemas de impermeabilidad, obligar a reemplazar las juntas varias veces e incluso da\u00f1ar el portal\u00e1mparas. Dise\u00f1amos este portal\u00e1mparas Zhaga con ranura para tarjeta no solo para solucionar los problemas que experimentan los usuarios durante su uso, sino tambi\u00e9n para que conf\u00eden m\u00e1s en nuestro servicio y en nuestra capacidad para resolver problemas pr\u00e1cticos.<\/p>\n<figure id=\"attachment_13054\" aria-describedby=\"caption-attachment-13054\" style=\"width: 1082px\" class=\"wp-caption alignnone\"><img fetchpriority=\"high\" decoding=\"async\" class=\"wp-image-13054 size-full\" src=\"http:\/\/long-join.com\/wp-content\/uploads\/2025\/04\/Slot-Design-zhaga-socket700.jpg\" alt=\"Dise\u00f1o de ranura zhaga socket700\" width=\"1082\" height=\"479\" srcset=\"https:\/\/long-join.com\/wp-content\/uploads\/2025\/04\/Slot-Design-zhaga-socket700.jpg 1082w, https:\/\/long-join.com\/wp-content\/uploads\/2025\/04\/Slot-Design-zhaga-socket700-300x133.jpg 300w, https:\/\/long-join.com\/wp-content\/uploads\/2025\/04\/Slot-Design-zhaga-socket700-1024x453.jpg 1024w, https:\/\/long-join.com\/wp-content\/uploads\/2025\/04\/Slot-Design-zhaga-socket700-768x340.jpg 768w, https:\/\/long-join.com\/wp-content\/uploads\/2025\/04\/Slot-Design-zhaga-socket700-600x266.jpg 600w\" sizes=\"(max-width: 1082px) 100vw, 1082px\" \/><figcaption id=\"caption-attachment-13054\" class=\"wp-caption-text\">Dise\u00f1o de ranura para z\u00f3calo Zhaga 700<\/figcaption><\/figure><\/blockquote>\n<blockquote><p>Adem\u00e1s, el nuevo dise\u00f1o de la ranura para tarjeta del portal\u00e1mparas Zhaga es perfecto, lo que ofrece varias ventajas. Por un lado, la correcta instalaci\u00f3n de la junta de silicona para estabilizarla en la l\u00e1mpara. Por otro lado, la correcta fijaci\u00f3n de la tuerca met\u00e1lica del portal\u00e1mparas a la parte superior de la l\u00e1mpara LED. De esta manera, el nuevo portal\u00e1mparas Zhaga ofrece un sellado y una impermeabilidad m\u00e1s robustos que el 700 convencional (sin ranura), lo que reduce el problema de la deformaci\u00f3n de la junta durante la instalaci\u00f3n.<\/p>\n<figure id=\"attachment_13057\" aria-describedby=\"caption-attachment-13057\" style=\"width: 1082px\" class=\"wp-caption alignnone\"><img decoding=\"async\" class=\"wp-image-13057 size-full\" src=\"http:\/\/long-join.com\/wp-content\/uploads\/2025\/04\/how-to-place-location.jpg\" alt=\"C\u00f3mo colocar la ubicaci\u00f3n\" width=\"1082\" height=\"479\" srcset=\"https:\/\/long-join.com\/wp-content\/uploads\/2025\/04\/how-to-place-location.jpg 1082w, https:\/\/long-join.com\/wp-content\/uploads\/2025\/04\/how-to-place-location-300x133.jpg 300w, https:\/\/long-join.com\/wp-content\/uploads\/2025\/04\/how-to-place-location-1024x453.jpg 1024w, https:\/\/long-join.com\/wp-content\/uploads\/2025\/04\/how-to-place-location-768x340.jpg 768w, https:\/\/long-join.com\/wp-content\/uploads\/2025\/04\/how-to-place-location-600x266.jpg 600w\" sizes=\"(max-width: 1082px) 100vw, 1082px\" \/><figcaption id=\"caption-attachment-13057\" class=\"wp-caption-text\">C\u00f3mo colocar la ubicaci\u00f3n<\/figcaption><\/figure><\/blockquote>\n<blockquote><p><strong>Estructura de dise\u00f1o Caracter\u00edstica<\/strong><\/p><\/blockquote>\n<ul>\n<li style=\"list-style-type: none;\">\n<ul>\n<li>Estructura de ranura: el dise\u00f1o de ranura \u00fanico asegura que la junta de silicona se fije de manera estable y evita eficazmente la deformaci\u00f3n.<\/li>\n<li>Impermeabilidad mejorada: el dise\u00f1o optimizado mejora significativamente el efecto de sellado general y mejora el rendimiento a prueba de agua.<\/li>\n<li>F\u00e1cil instalaci\u00f3n: La tuerca de metal se puede bloquear en la parte superior de la l\u00e1mpara LED en la direcci\u00f3n correcta, lo que simplifica el proceso de instalaci\u00f3n.<\/li>\n<li>Gran durabilidad: reduce la frecuencia de reemplazo de la junta y reduce el riesgo de da\u00f1os en el z\u00f3calo.<\/li>\n<\/ul>\n<\/li>\n<\/ul>\n<blockquote><p><strong>Forma y tama\u00f1o del dise\u00f1o del orificio de perforaci\u00f3n<\/strong><\/p><\/blockquote>\n<p><img decoding=\"async\" class=\"alignnone wp-image-12893\" title=\"\u00bfC\u00f3mo hacer la forma del agujero de perforaci\u00f3n para el z\u00f3calo Zhaga?\" src=\"http:\/\/long-join.com\/wp-content\/uploads\/2023\/10\/how-do-drilling-hole-shape-for-zhaga-socket.png\" alt=\"\u00bfC\u00f3mo hacer la forma del agujero de perforaci\u00f3n para el z\u00f3calo Zhaga?\" width=\"657\" height=\"234\" srcset=\"https:\/\/long-join.com\/wp-content\/uploads\/2023\/10\/how-do-drilling-hole-shape-for-zhaga-socket.png 817w, https:\/\/long-join.com\/wp-content\/uploads\/2023\/10\/how-do-drilling-hole-shape-for-zhaga-socket-300x107.png 300w, https:\/\/long-join.com\/wp-content\/uploads\/2023\/10\/how-do-drilling-hole-shape-for-zhaga-socket-768x274.png 768w, https:\/\/long-join.com\/wp-content\/uploads\/2023\/10\/how-do-drilling-hole-shape-for-zhaga-socket-600x214.png 600w\" sizes=\"(max-width: 657px) 100vw, 657px\" \/><\/p>","protected":false},"excerpt":{"rendered":"<p>A new type design 700 zhaga socket with slot feature. This innovative slot design Zhaga socket is an improved version developed by us to solve users&#8217; practical installation problems. The slot design not only solves the problem of the silicone gasket warping against the face of the fixture, but also greatly improves water resistance and ease of installation.<\/p>\n<p>Versi\u00f3n UE Calibre de cable Zhaga Socket<br \/>\n\u2013 Puerto 1 (Marr\u00f3n): 24 V CC<br \/>\n\u2013 Puerto 2 (gris): DALI (o protocolo basado en DALI) \u2013 \/tierra com\u00fan<br \/>\n\u2013 Puerto 3 (Azul): DALI (o protocolo basado en DALI) +<br \/>\n\u2013 Puerto 4 (negro): E\/S general<\/p>","protected":false},"featured_media":13048,"template":"","meta":{"_acf_changed":false,"_seopress_robots_primary_cat":"none","_seopress_titles_title":"","_seopress_titles_desc":"","_seopress_robots_index":""},"product_brand":[],"product_cat":[28,35,29,49],"product_tag":[],"class_list":{"0":"post-13039","1":"product","2":"type-product","3":"status-publish","4":"has-post-thumbnail","6":"product_cat-our-product","7":"product_cat-photocell-switch-fittings","8":"product_cat-zhaga-series","9":"product_cat-zhaga-socket","11":"first","12":"instock","13":"shipping-taxable","14":"product-type-simple"},"acf":[],"_links":{"self":[{"href":"https:\/\/long-join.com\/es\/wp-json\/wp\/v2\/product\/13039","targetHints":{"allow":["GET"]}}],"collection":[{"href":"https:\/\/long-join.com\/es\/wp-json\/wp\/v2\/product"}],"about":[{"href":"https:\/\/long-join.com\/es\/wp-json\/wp\/v2\/types\/product"}],"version-history":[{"count":9,"href":"https:\/\/long-join.com\/es\/wp-json\/wp\/v2\/product\/13039\/revisions"}],"predecessor-version":[{"id":13051,"href":"https:\/\/long-join.com\/es\/wp-json\/wp\/v2\/product\/13039\/revisions\/13051"}],"wp:featuredmedia":[{"embeddable":true,"href":"https:\/\/long-join.com\/es\/wp-json\/wp\/v2\/media\/13048"}],"wp:attachment":[{"href":"https:\/\/long-join.com\/es\/wp-json\/wp\/v2\/media?parent=13039"}],"wp:term":[{"taxonomy":"product_brand","embeddable":true,"href":"https:\/\/long-join.com\/es\/wp-json\/wp\/v2\/product_brand?post=13039"},{"taxonomy":"product_cat","embeddable":true,"href":"https:\/\/long-join.com\/es\/wp-json\/wp\/v2\/product_cat?post=13039"},{"taxonomy":"product_tag","embeddable":true,"href":"https:\/\/long-join.com\/es\/wp-json\/wp\/v2\/product_tag?post=13039"}],"curies":[{"name":"wp","href":"https:\/\/api.w.org\/{rel}","templated":true}]}}